{"id":5683711,"date":"2024-05-19T11:43:43","date_gmt":"2024-05-19T09:43:43","guid":{"rendered":"https:\/\/mtechgroup.com\/praktikumsangebote\/"},"modified":"2025-03-07T20:57:24","modified_gmt":"2025-03-07T19:57:24","slug":"praktikumsangebote","status":"publish","type":"page","link":"https:\/\/mtechgroup.com\/de\/praktikumsangebote\/","title":{"rendered":"Praktikumsangebote"},"content":{"rendered":"\t\t<div data-elementor-type=\"wp-page\" data-elementor-id=\"5683711\" class=\"elementor elementor-5683711 elementor-5677629\" data-elementor-post-type=\"page\">\n\t\t\t\t<div data-particle_enable=\"false\" data-particle-mobile-disabled=\"false\" class=\"elementor-element elementor-element-bb71b1d e-flex e-con-boxed e-con e-parent\" data-id=\"bb71b1d\" data-element_type=\"container\" data-e-type=\"container\" data-settings=\"{&quot;background_background&quot;:&quot;classic&quot;,&quot;animation&quot;:&quot;none&quot;}\">\n\t\t\t\t\t<div class=\"e-con-inner\">\n\t\t<div data-particle_enable=\"false\" data-particle-mobile-disabled=\"false\" class=\"elementor-element elementor-element-930776a e-con-full e-flex e-con e-child\" data-id=\"930776a\" data-element_type=\"container\" data-e-type=\"container\">\n\t\t\t\t<div class=\"elementor-element elementor-element-7d5347b elementor-widget elementor-widget-heading\" data-id=\"7d5347b\" data-element_type=\"widget\" data-e-type=\"widget\" data-widget_type=\"heading.default\">\n\t\t\t\t<div class=\"elementor-widget-container\">\n\t\t\t\t\t<h1 class=\"elementor-heading-title elementor-size-default\">Praktikumsangebote<\/h1>\t\t\t\t<\/div>\n\t\t\t\t<\/div>\n\t\t\t\t<div class=\"elementor-element elementor-element-e7349f6 elementor-widget elementor-widget-heading\" data-id=\"e7349f6\" data-element_type=\"widget\" data-e-type=\"widget\" data-widget_type=\"heading.default\">\n\t\t\t\t<div class=\"elementor-widget-container\">\n\t\t\t\t\t<h2 class=\"elementor-heading-title elementor-size-default\">St\u00e4rken Sie Ihre Zukunft mit unseren Praktika bei der Mtech Group<\/h2>\t\t\t\t<\/div>\n\t\t\t\t<\/div>\n\t\t\t\t<div class=\"elementor-element elementor-element-3e2926a elementor-widget__width-initial elementor-widget elementor-widget-heading\" data-id=\"3e2926a\" data-element_type=\"widget\" data-e-type=\"widget\" data-widget_type=\"heading.default\">\n\t\t\t\t<div class=\"elementor-widget-container\">\n\t\t\t\t\t<h5 class=\"elementor-heading-title elementor-size-default\">Bei der Mtech Group setzen wir uns f\u00fcr junge Talente ein und bieten ihnen echte Chancen zur beruflichen Weiterentwicklung. Unser Praktikumsprogramm richtet sich an Studenten und Hochschulabsolventen, die Erfahrungen in einem dynamischen, innovativen und multidisziplin\u00e4ren Umfeld sammeln m\u00f6chten. <\/h5>\t\t\t\t<\/div>\n\t\t\t\t<\/div>\n\t\t\t\t<\/div>\n\t\t\t\t\t<\/div>\n\t\t\t\t<\/div>\n\t\t<div data-particle_enable=\"false\" data-particle-mobile-disabled=\"false\" class=\"elementor-element elementor-element-8baa481 e-flex e-con-boxed e-con e-parent\" data-id=\"8baa481\" data-element_type=\"container\" data-e-type=\"container\">\n\t\t\t\t\t<div class=\"e-con-inner\">\n\t\t\t\t<div class=\"elementor-element elementor-element-1ac2eca elementor-widget elementor-widget-video\" data-id=\"1ac2eca\" data-element_type=\"widget\" data-e-type=\"widget\" data-settings=\"{&quot;youtube_url&quot;:&quot;https:\\\/\\\/youtu.be\\\/Lg10JVlnRt0?si=HEPXIfmGfbDkvePs&quot;,&quot;video_type&quot;:&quot;youtube&quot;,&quot;controls&quot;:&quot;yes&quot;}\" data-widget_type=\"video.default\">\n\t\t\t\t<div class=\"elementor-widget-container\">\n\t\t\t\t\t\t\t<div class=\"elementor-wrapper elementor-open-inline\">\n\t\t\t<div class=\"elementor-video\"><\/div>\t\t<\/div>\n\t\t\t\t\t\t<\/div>\n\t\t\t\t<\/div>\n\t\t\t\t\t<\/div>\n\t\t\t\t<\/div>\n\t\t\t\t<section data-particle_enable=\"false\" data-particle-mobile-disabled=\"false\" class=\"elementor-section elementor-top-section elementor-element elementor-element-04bb3c6 elementor-section-height-min-height elementor-section-items-top elementor-section-boxed elementor-section-height-default\" data-id=\"04bb3c6\" data-element_type=\"section\" data-e-type=\"section\" data-settings=\"{&quot;background_background&quot;:&quot;classic&quot;}\">\n\t\t\t\t\t\t<div class=\"elementor-container elementor-column-gap-default\">\n\t\t\t\t\t<div class=\"elementor-column elementor-col-50 elementor-top-column elementor-element elementor-element-433d2e5\" data-id=\"433d2e5\" data-element_type=\"column\" data-e-type=\"column\">\n\t\t\t<div class=\"elementor-widget-wrap elementor-element-populated\">\n\t\t\t\t\t\t<div class=\"elementor-element elementor-element-7f97c9e elementor-widget elementor-widget-text-editor\" data-id=\"7f97c9e\" data-element_type=\"widget\" data-e-type=\"widget\" data-widget_type=\"text-editor.default\">\n\t\t\t\t<div class=\"elementor-widget-container\">\n\t\t\t\t\t\t\t\t\t<h3 data-start=\"1553\" data-end=\"1843\">Kontakt<\/h3><p data-start=\"1553\" data-end=\"1843\">Wenn Sie Student oder Hochschulabsolvent sind, f\u00fcllen Sie bitte das folgende Formular aus und wir werden Sie kontaktieren.<\/p><p data-start=\"1553\" data-end=\"1843\">Wenn Sie eine Universit\u00e4t oder Bildungseinrichtung vertreten, schreiben Sie uns bitte an <a href=\"mailto:recursoshumanos@mtechgroup.com\">recursoshumanos@mtechgroup.com <\/a>, um eine Partnerschaftsvereinbarung zu treffen.<\/p><p data-start=\"1845\" data-end=\"1912\"><strong data-start=\"1845\" data-end=\"1912\">Machen Sie den ersten Schritt in Richtung Ihrer beruflichen Zukunft mit der Mtech Group!<\/strong><\/p>\t\t\t\t\t\t\t\t<\/div>\n\t\t\t\t<\/div>\n\t\t\t\t\t<\/div>\n\t\t<\/div>\n\t\t\t\t<div class=\"elementor-column elementor-col-50 elementor-top-column elementor-element elementor-element-fee06c3\" data-id=\"fee06c3\" data-element_type=\"column\" data-e-type=\"column\">\n\t\t\t<div class=\"elementor-widget-wrap elementor-element-populated\">\n\t\t\t\t\t\t<div class=\"elementor-element elementor-element-c117447 elementor-widget elementor-widget-heading\" data-id=\"c117447\" data-element_type=\"widget\" data-e-type=\"widget\" data-widget_type=\"heading.default\">\n\t\t\t\t<div class=\"elementor-widget-container\">\n\t\t\t\t\t<h2 class=\"elementor-heading-title elementor-size-default\">CV senden<\/h2>\t\t\t\t<\/div>\n\t\t\t\t<\/div>\n\t\t\t\t<div class=\"elementor-element elementor-element-10467be elementor-button-align-start elementor-widget elementor-widget-form\" data-id=\"10467be\" data-element_type=\"widget\" data-e-type=\"widget\" data-settings=\"{&quot;step_next_label&quot;:&quot;N\\u00e4chste&quot;,&quot;step_previous_label&quot;:&quot;Vorherige&quot;,&quot;button_width&quot;:&quot;100&quot;,&quot;step_type&quot;:&quot;number_text&quot;,&quot;step_icon_shape&quot;:&quot;circle&quot;}\" data-widget_type=\"form.default\">\n\t\t\t\t<div class=\"elementor-widget-container\">\n\t\t\t\t\t\t\t<form class=\"elementor-form\" method=\"post\" name=\"Praktikumsformular\">\n\t\t\t<input type=\"hidden\" name=\"post_id\" value=\"5683711\"\/>\n\t\t\t<input type=\"hidden\" name=\"form_id\" value=\"10467be\"\/>\n\t\t\t<input type=\"hidden\" name=\"referer_title\" value=\"\" \/>\n\n\t\t\t\n\t\t\t<div class=\"elementor-form-fields-wrapper elementor-labels-above\">\n\t\t\t\t\t\t\t\t<div class=\"elementor-field-type-text elementor-field-group elementor-column elementor-field-group-name elementor-col-50\">\n\t\t\t\t\t\t\t\t\t\t\t\t<label for=\"form-field-name\" class=\"elementor-field-label\">\n\t\t\t\t\t\t\t\tName\t\t\t\t\t\t\t<\/label>\n\t\t\t\t\t\t\t\t\t\t\t\t\t\t<input size=\"1\" type=\"text\" name=\"form_fields[name]\" id=\"form-field-name\" class=\"elementor-field elementor-size-sm  elementor-field-textual\" placeholder=\"Name\">\n\t\t\t\t\t\t\t\t\t\t\t<\/div>\n\t\t\t\t\t\t\t\t<div class=\"elementor-field-type-email elementor-field-group elementor-column elementor-field-group-email elementor-col-50 elementor-field-required\">\n\t\t\t\t\t\t\t\t\t\t\t\t<label for=\"form-field-email\" class=\"elementor-field-label\">\n\t\t\t\t\t\t\t\tE-Mail\t\t\t\t\t\t\t<\/label>\n\t\t\t\t\t\t\t\t\t\t\t\t\t\t<input size=\"1\" type=\"email\" name=\"form_fields[email]\" id=\"form-field-email\" class=\"elementor-field elementor-size-sm  elementor-field-textual\" placeholder=\"E-Mail\" required=\"required\">\n\t\t\t\t\t\t\t\t\t\t\t<\/div>\n\t\t\t\t\t\t\t\t<div class=\"elementor-field-type-textarea elementor-field-group elementor-column elementor-field-group-message elementor-col-100\">\n\t\t\t\t\t\t\t\t\t\t\t\t<label for=\"form-field-message\" class=\"elementor-field-label\">\n\t\t\t\t\t\t\t\tNachricht\t\t\t\t\t\t\t<\/label>\n\t\t\t\t\t\t<textarea class=\"elementor-field-textual elementor-field  elementor-size-sm\" name=\"form_fields[message]\" id=\"form-field-message\" rows=\"4\" placeholder=\"Nachricht\"><\/textarea>\t\t\t\t<\/div>\n\t\t\t\t\t\t\t\t<div class=\"elementor-field-type-select elementor-field-group elementor-column elementor-field-group-field_b52bd91 elementor-col-100\">\n\t\t\t\t\t\t\t\t\t\t\t\t<label for=\"form-field-field_b52bd91\" class=\"elementor-field-label\">\n\t\t\t\t\t\t\t\tW\u00e4hlen Sie die Art des Praktikums\t\t\t\t\t\t\t<\/label>\n\t\t\t\t\t\t\t\t<div class=\"elementor-field elementor-select-wrapper remove-before \">\n\t\t\t<div class=\"select-caret-down-wrapper\">\n\t\t\t\t<i aria-hidden=\"true\" class=\"eicon-caret-down\"><\/i>\t\t\t<\/div>\n\t\t\t<select name=\"form_fields[field_b52bd91]\" id=\"form-field-field_b52bd91\" class=\"elementor-field-textual elementor-size-sm\">\n\t\t\t\t\t\t\t\t\t<option value=\"Private\">Private<\/option>\n\t\t\t\t\t\t\t\t\t<option value=\"Institute oder Universit\u00e4ten\">Institute oder Universit\u00e4ten<\/option>\n\t\t\t\t\t\t\t<\/select>\n\t\t<\/div>\n\t\t\t\t\t\t<\/div>\n\t\t\t\t\t\t\t\t<div class=\"elementor-field-type-upload elementor-field-group elementor-column elementor-field-group-field_d030c69 elementor-col-100\">\n\t\t\t\t\t\t\t\t\t\t\t\t<label for=\"form-field-field_d030c69\" class=\"elementor-field-label\">\n\t\t\t\t\t\t\t\tLebenslauf beif\u00fcgen\t\t\t\t\t\t\t<\/label>\n\t\t\t\t\t\t\t\t<input type=\"file\" name=\"form_fields[field_d030c69]\" id=\"form-field-field_d030c69\" class=\"elementor-field elementor-size-sm  elementor-upload-field\" data-maxsize=\"5\" data-maxsize-message=\"This file exceeds the maximum allowed size.\">\n\n\t\t\t\t\t\t<\/div>\n\t\t\t\t\t\t\t\t<div class=\"elementor-field-type-acceptance elementor-field-group elementor-column elementor-field-group-field_27c21bd elementor-col-100 elementor-field-required\">\n\t\t\t\t\t\t\t<div class=\"elementor-field-subgroup\">\n\t\t\t<span class=\"elementor-field-option\">\n\t\t\t\t<input type=\"checkbox\" name=\"form_fields[field_27c21bd]\" id=\"form-field-field_27c21bd\" class=\"elementor-field elementor-size-sm  elementor-acceptance-field\" required=\"required\">\n\t\t\t\t<label for=\"form-field-field_27c21bd\">Ich akzeptiere die Nutzungsbedingungen und die<a href=\"http:\/\/mtechgroup.com\/politica-de-privacidad\/\">Datenschutzbestimmungen von<\/a> \n.<\/label>\t\t\t<\/span>\n\t\t<\/div>\n\t\t\t\t\t\t<\/div>\n\t\t\t\t\t\t\t\t<div class=\"elementor-field-type-html elementor-field-group elementor-column elementor-field-group-field_c478642 elementor-col-100\">\n\t\t\t\t\t<p style=\"font-family: Roboto, sans-serif; font-size:8px; color: #979797; line-height: 2;\">In \u00dcbereinstimmung mit den Bestimmungen der Artikel 13 und 14 der RGPD (EU) 2016\/679 vom 27. April und Artikel 11 der LOPD 3\/2018 vom 5. Dezember stellen wir der betroffenen Person die grundlegenden Informationen \u00fcber die Verarbeitung ihrer personenbezogenen Daten zur Verf\u00fcgung. Die Verarbeitungst\u00e4tigkeit ist CONTACTOS WEB RRHH - WORK WITH US. Der f\u00fcr die Datenverarbeitung Verantwortliche ist: SOLUCIONES T\u00c9CNICAS MTECH S.L, mit N.I.F.: B82283672, und mit Sitz in C\/ Alba\u00f1iles, 3 C.P.: 28320 - Pinto (MADRID). Der Zweck der Verarbeitung ist: Bewerber f\u00fcr Stellen mit Lebenslauf \u00fcber die Website. Die Rechtsgrundlage ist das berechtigte Interesse des f\u00fcr die Datenverarbeitung Verantwortlichen. In Bezug auf die Empf\u00e4nger der personenbezogenen Daten: Es sind \u00dcbermittlungen vorgesehen, bitte konsultieren Sie zus\u00e4tzliche Informationen. Internationale \u00dcbermittlungen sind nicht vorgesehen. Hinsichtlich der Rechte, die dem Betroffenen in Bezug auf seine Daten zustehen, kann er sich an SOLUCIONES T\u00c9CNICAS MTECH S.L. als Verantwortlichen wenden: administracion@mtechgroup.com oder C\/ Alba\u00f1iles, 3 C.P.: 28320 - Pinto (Madrid). Sie k\u00f6nnen diese zus\u00e4tzlichen und detaillierten Informationen zum Datenschutz unter http:\/\/mtechgroup.com\/aviso-legal\/ oder unter C\/ Alba\u00f1iles 3 - 28320 Pinto, Madrid einsehen.        <\/p>\t\t\t\t<\/div>\n\t\t\t\t\t\t\t\t<div class=\"elementor-field-type-recaptcha_v3 elementor-field-group elementor-column elementor-field-group-field_27d85c9 elementor-col-100 recaptcha_v3-bottomright\">\n\t\t\t\t\t<div class=\"elementor-field\" id=\"form-field-field_27d85c9\"><div class=\"elementor-g-recaptcha\" data-sitekey=\"6LfMkOEqAAAAADqggu7nlfivU29DfnZH7mZ_GqiS\" data-type=\"v3\" data-action=\"Form\" data-badge=\"bottomright\" data-size=\"invisible\"><\/div><\/div>\t\t\t\t<\/div>\n\t\t\t\t\t\t\t\t<div class=\"elementor-field-group elementor-column elementor-field-type-submit elementor-col-100 e-form__buttons\">\n\t\t\t\t\t<button class=\"elementor-button elementor-size-sm\" type=\"submit\">\n\t\t\t\t\t\t<span class=\"elementor-button-content-wrapper\">\n\t\t\t\t\t\t\t\t\t\t\t\t\t\t\t\t\t\t\t\t\t\t<span class=\"elementor-button-text\">SENDEN<\/span>\n\t\t\t\t\t\t\t\t\t\t\t\t\t<\/span>\n\t\t\t\t\t<\/button>\n\t\t\t\t<\/div>\n\t\t\t<\/div>\n\t\t<\/form>\n\t\t\t\t\t\t<\/div>\n\t\t\t\t<\/div>\n\t\t\t\t\t<\/div>\n\t\t<\/div>\n\t\t\t\t\t<\/div>\n\t\t<\/section>\n\t\t\t\t<\/div>\n\t\t","protected":false},"excerpt":{"rendered":"<p>Praktikumsangebote St\u00e4rken Sie Ihre Zukunft mit unseren Praktika bei der Mtech Group Bei der Mtech Group setzen wir uns f\u00fcr junge Talente ein und bieten ihnen echte Chancen zur beruflichen Weiterentwicklung. Unser Praktikumsprogramm richtet sich an Studenten und Hochschulabsolventen, die Erfahrungen in einem dynamischen, innovativen und multidisziplin\u00e4ren Umfeld sammeln m\u00f6chten. https:\/\/youtu.be\/Lg10JVlnRt0?si=HEPXIfmGfbDkvePs Kontakt Wenn Sie Student [&hellip;]<\/p>\n","protected":false},"author":1,"featured_media":0,"parent":0,"menu_order":0,"comment_status":"closed","ping_status":"closed","template":"elementor_header_footer","meta":{"_acf_changed":false,"footnotes":""},"class_list":["post-5683711","page","type-page","status-publish","hentry"],"acf":[],"_links":{"self":[{"href":"https:\/\/mtechgroup.com\/de\/wp-json\/wp\/v2\/pages\/5683711","targetHints":{"allow":["GET"]}}],"collection":[{"href":"https:\/\/mtechgroup.com\/de\/wp-json\/wp\/v2\/pages"}],"about":[{"href":"https:\/\/mtechgroup.com\/de\/wp-json\/wp\/v2\/types\/page"}],"author":[{"embeddable":true,"href":"https:\/\/mtechgroup.com\/de\/wp-json\/wp\/v2\/users\/1"}],"replies":[{"embeddable":true,"href":"https:\/\/mtechgroup.com\/de\/wp-json\/wp\/v2\/comments?post=5683711"}],"version-history":[{"count":0,"href":"https:\/\/mtechgroup.com\/de\/wp-json\/wp\/v2\/pages\/5683711\/revisions"}],"wp:attachment":[{"href":"https:\/\/mtechgroup.com\/de\/wp-json\/wp\/v2\/media?parent=5683711"}],"curies":[{"name":"wp","href":"https:\/\/api.w.org\/{rel}","templated":true}]}}