{"id":5683941,"date":"2021-05-17T11:31:04","date_gmt":"2021-05-17T09:31:04","guid":{"rendered":"https:\/\/mtechgroup.com\/stellenausschreibungen\/"},"modified":"2025-03-07T20:59:29","modified_gmt":"2025-03-07T19:59:29","slug":"stellenausschreibungen","status":"publish","type":"page","link":"https:\/\/mtechgroup.com\/de\/stellenausschreibungen\/","title":{"rendered":"Stellenausschreibungen"},"content":{"rendered":"\t\t<div data-elementor-type=\"wp-page\" data-elementor-id=\"5683941\" class=\"elementor elementor-5683941 elementor-438\" data-elementor-post-type=\"page\">\n\t\t\t\t<div data-particle_enable=\"false\" data-particle-mobile-disabled=\"false\" class=\"elementor-element elementor-element-46000fd e-flex e-con-boxed e-con e-parent\" data-id=\"46000fd\" data-element_type=\"container\" data-e-type=\"container\" data-settings=\"{&quot;background_background&quot;:&quot;classic&quot;,&quot;animation&quot;:&quot;none&quot;}\">\n\t\t\t\t\t<div class=\"e-con-inner\">\n\t\t<div data-particle_enable=\"false\" data-particle-mobile-disabled=\"false\" class=\"elementor-element elementor-element-2095335 e-con-full e-flex e-con e-child\" data-id=\"2095335\" data-element_type=\"container\" data-e-type=\"container\">\n\t\t\t\t<div class=\"elementor-element elementor-element-7c811a8 elementor-widget elementor-widget-heading\" data-id=\"7c811a8\" data-element_type=\"widget\" data-e-type=\"widget\" data-widget_type=\"heading.default\">\n\t\t\t\t<div class=\"elementor-widget-container\">\n\t\t\t\t\t<h1 class=\"elementor-heading-title elementor-size-default\">Stellenausschreibungen<\/h1>\t\t\t\t<\/div>\n\t\t\t\t<\/div>\n\t\t\t\t<div class=\"elementor-element elementor-element-22352ec elementor-widget elementor-widget-heading\" data-id=\"22352ec\" data-element_type=\"widget\" data-e-type=\"widget\" data-widget_type=\"heading.default\">\n\t\t\t\t<div class=\"elementor-widget-container\">\n\t\t\t\t\t<h2 class=\"elementor-heading-title elementor-size-default\">Arbeiten Sie mit uns<\/h2>\t\t\t\t<\/div>\n\t\t\t\t<\/div>\n\t\t\t\t<div class=\"elementor-element elementor-element-b452c2b elementor-widget__width-initial elementor-widget elementor-widget-heading\" data-id=\"b452c2b\" data-element_type=\"widget\" data-e-type=\"widget\" data-widget_type=\"heading.default\">\n\t\t\t\t<div class=\"elementor-widget-container\">\n\t\t\t\t\t<h5 class=\"elementor-heading-title elementor-size-default\">Die Mtech Group bietet Ihnen die M\u00f6glichkeit, in ihre Datenbank aufgenommen zu werden, um an den regelm\u00e4\u00dfig stattfindenden Auswahlverfahren teilzunehmen. Wenn Sie interessiert sind, k\u00f6nnen Sie Ihren Lebenslauf \u00fcber das folgende Formular schicken. <\/h5>\t\t\t\t<\/div>\n\t\t\t\t<\/div>\n\t\t\t\t<\/div>\n\t\t\t\t\t<\/div>\n\t\t\t\t<\/div>\n\t\t\t\t<section data-particle_enable=\"false\" data-particle-mobile-disabled=\"false\" class=\"elementor-section elementor-top-section elementor-element elementor-element-73dafc1c elementor-section-height-min-height elementor-section-items-top elementor-section-boxed elementor-section-height-default\" data-id=\"73dafc1c\" data-element_type=\"section\" data-e-type=\"section\" data-settings=\"{&quot;background_background&quot;:&quot;classic&quot;}\">\n\t\t\t\t\t\t<div class=\"elementor-container elementor-column-gap-default\">\n\t\t\t\t\t<div class=\"elementor-column elementor-col-50 elementor-top-column elementor-element elementor-element-e0849be\" data-id=\"e0849be\" data-element_type=\"column\" data-e-type=\"column\">\n\t\t\t<div class=\"elementor-widget-wrap elementor-element-populated\">\n\t\t\t\t\t\t<div class=\"elementor-element elementor-element-6d6c109 elementor-widget elementor-widget-image\" data-id=\"6d6c109\" data-element_type=\"widget\" data-e-type=\"widget\" data-widget_type=\"image.default\">\n\t\t\t\t<div class=\"elementor-widget-container\">\n\t\t\t\t\t\t\t\t\t\t\t\t\t\t\t<img fetchpriority=\"high\" decoding=\"async\" width=\"500\" height=\"374\" src=\"https:\/\/mtechgroup.com\/wp-content\/uploads\/2021\/06\/trabaja-con-nosotros-mtech-group-500px.jpg\" class=\"attachment-full size-full wp-image-5680410\" alt=\"\" srcset=\"https:\/\/mtechgroup.com\/wp-content\/uploads\/2021\/06\/trabaja-con-nosotros-mtech-group-500px.jpg 500w, https:\/\/mtechgroup.com\/wp-content\/uploads\/2021\/06\/trabaja-con-nosotros-mtech-group-500px-300x224.jpg 300w\" sizes=\"(max-width: 500px) 100vw, 500px\" \/>\t\t\t\t\t\t\t\t\t\t\t\t\t\t\t<\/div>\n\t\t\t\t<\/div>\n\t\t\t\t\t<\/div>\n\t\t<\/div>\n\t\t\t\t<div class=\"elementor-column elementor-col-50 elementor-top-column elementor-element elementor-element-6cfb19cc\" data-id=\"6cfb19cc\" data-element_type=\"column\" data-e-type=\"column\">\n\t\t\t<div class=\"elementor-widget-wrap elementor-element-populated\">\n\t\t\t\t\t\t<div class=\"elementor-element elementor-element-69016d83 elementor-widget elementor-widget-heading\" data-id=\"69016d83\" data-element_type=\"widget\" data-e-type=\"widget\" data-widget_type=\"heading.default\">\n\t\t\t\t<div class=\"elementor-widget-container\">\n\t\t\t\t\t<h2 class=\"elementor-heading-title elementor-size-default\">CV senden<\/h2>\t\t\t\t<\/div>\n\t\t\t\t<\/div>\n\t\t\t\t<div class=\"elementor-element elementor-element-4f33cc66 elementor-button-align-start elementor-widget elementor-widget-form\" data-id=\"4f33cc66\" data-element_type=\"widget\" data-e-type=\"widget\" data-settings=\"{&quot;step_next_label&quot;:&quot;N\\u00e4chste&quot;,&quot;step_previous_label&quot;:&quot;Vorherige&quot;,&quot;button_width&quot;:&quot;100&quot;,&quot;step_type&quot;:&quot;number_text&quot;,&quot;step_icon_shape&quot;:&quot;circle&quot;}\" data-widget_type=\"form.default\">\n\t\t\t\t<div class=\"elementor-widget-container\">\n\t\t\t\t\t\t\t<form class=\"elementor-form\" method=\"post\" name=\"Formular Jobangebote\">\n\t\t\t<input type=\"hidden\" name=\"post_id\" value=\"5683941\"\/>\n\t\t\t<input type=\"hidden\" name=\"form_id\" value=\"4f33cc66\"\/>\n\t\t\t<input type=\"hidden\" name=\"referer_title\" value=\"Stellenausschreibungen\" \/>\n\n\t\t\t\t\t\t\t<input type=\"hidden\" name=\"queried_id\" value=\"5683941\"\/>\n\t\t\t\n\t\t\t<div class=\"elementor-form-fields-wrapper elementor-labels-\">\n\t\t\t\t\t\t\t\t<div class=\"elementor-field-type-text elementor-field-group elementor-column elementor-field-group-name elementor-col-50\">\n\t\t\t\t\t\t\t\t\t\t\t\t<label for=\"form-field-name\" class=\"elementor-field-label elementor-screen-only\">\n\t\t\t\t\t\t\t\tName\t\t\t\t\t\t\t<\/label>\n\t\t\t\t\t\t\t\t\t\t\t\t\t\t<input size=\"1\" type=\"text\" name=\"form_fields[name]\" id=\"form-field-name\" class=\"elementor-field elementor-size-sm  elementor-field-textual\" placeholder=\"Name\">\n\t\t\t\t\t\t\t\t\t\t\t<\/div>\n\t\t\t\t\t\t\t\t<div class=\"elementor-field-type-email elementor-field-group elementor-column elementor-field-group-email elementor-col-50 elementor-field-required\">\n\t\t\t\t\t\t\t\t\t\t\t\t<label for=\"form-field-email\" class=\"elementor-field-label elementor-screen-only\">\n\t\t\t\t\t\t\t\tE-Mail\t\t\t\t\t\t\t<\/label>\n\t\t\t\t\t\t\t\t\t\t\t\t\t\t<input size=\"1\" type=\"email\" name=\"form_fields[email]\" id=\"form-field-email\" class=\"elementor-field elementor-size-sm  elementor-field-textual\" placeholder=\"E-Mail\" required=\"required\">\n\t\t\t\t\t\t\t\t\t\t\t<\/div>\n\t\t\t\t\t\t\t\t<div class=\"elementor-field-type-textarea elementor-field-group elementor-column elementor-field-group-message elementor-col-100\">\n\t\t\t\t\t\t\t\t\t\t\t\t<label for=\"form-field-message\" class=\"elementor-field-label elementor-screen-only\">\n\t\t\t\t\t\t\t\tNachricht\t\t\t\t\t\t\t<\/label>\n\t\t\t\t\t\t<textarea class=\"elementor-field-textual elementor-field  elementor-size-sm\" name=\"form_fields[message]\" id=\"form-field-message\" rows=\"4\" placeholder=\"Nachricht\"><\/textarea>\t\t\t\t<\/div>\n\t\t\t\t\t\t\t\t<div class=\"elementor-field-type-upload elementor-field-group elementor-column elementor-field-group-field_d030c69 elementor-col-100\">\n\t\t\t\t\t\t\t\t\t\t\t\t<label for=\"form-field-field_d030c69\" class=\"elementor-field-label elementor-screen-only\">\n\t\t\t\t\t\t\t\tDatei anh\u00e4ngen\t\t\t\t\t\t\t<\/label>\n\t\t\t\t\t\t\t\t<input type=\"file\" name=\"form_fields[field_d030c69]\" id=\"form-field-field_d030c69\" class=\"elementor-field elementor-size-sm  elementor-upload-field\" data-maxsize=\"5\" data-maxsize-message=\"This file exceeds the maximum allowed size.\">\n\n\t\t\t\t\t\t<\/div>\n\t\t\t\t\t\t\t\t<div class=\"elementor-field-type-html elementor-field-group elementor-column elementor-field-group-field_c478642 elementor-col-100\">\n\t\t\t\t\t<p style=\"font-family: Roboto, sans-serif; font-size:10px; color: #979797;\">In \u00dcbereinstimmung mit den Bestimmungen der Artikel 13 und 14 der RGPD (EU) 2016\/679 vom 27. April und Artikel 11 der LOPD 3\/2018 vom 5. Dezember stellen wir der betroffenen Person die grundlegenden Informationen \u00fcber die Verarbeitung ihrer personenbezogenen Daten zur Verf\u00fcgung. Die Verarbeitungst\u00e4tigkeit ist CONTACTOS WEB RRHH - WORK WITH US. Der f\u00fcr die Datenverarbeitung Verantwortliche ist: SOLUCIONES T\u00c9CNICAS MTECH S.L, mit N.I.F.: B82283672, und mit Sitz in C\/ Alba\u00f1iles, 3 C.P.: 28320 - Pinto (MADRID). Der Zweck der Verarbeitung ist: Bewerber f\u00fcr Stellen mit Lebenslauf \u00fcber die Website. Die Rechtsgrundlage ist das berechtigte Interesse des f\u00fcr die Datenverarbeitung Verantwortlichen. In Bezug auf die Empf\u00e4nger der personenbezogenen Daten: Es sind \u00dcbermittlungen vorgesehen, bitte konsultieren Sie zus\u00e4tzliche Informationen. Internationale \u00dcbermittlungen sind nicht vorgesehen. Hinsichtlich der Rechte, die dem Betroffenen in Bezug auf seine Daten zustehen, kann er sich an SOLUCIONES T\u00c9CNICAS MTECH S.L. als Verantwortlichen wenden: administracion@mtechgroup.com oder C\/ Alba\u00f1iles, 3 C.P.: 28320 - Pinto (Madrid). Sie k\u00f6nnen diese zus\u00e4tzlichen und detaillierten Informationen zum Datenschutz unter http:\/\/mtechgroup.com\/aviso-legal\/ oder unter C\/ Alba\u00f1iles 3 - 28320 Pinto, Madrid einsehen.        <\/p>\t\t\t\t<\/div>\n\t\t\t\t\t\t\t\t<div class=\"elementor-field-type-acceptance elementor-field-group elementor-column elementor-field-group-field_27c21bd elementor-col-100 elementor-field-required\">\n\t\t\t\t\t\t\t<div class=\"elementor-field-subgroup\">\n\t\t\t<span class=\"elementor-field-option\">\n\t\t\t\t<input type=\"checkbox\" name=\"form_fields[field_27c21bd]\" id=\"form-field-field_27c21bd\" class=\"elementor-field elementor-size-sm  elementor-acceptance-field\" required=\"required\">\n\t\t\t\t<label for=\"form-field-field_27c21bd\">Ich akzeptiere die Nutzungsbedingungen und die<a href=\"http:\/\/mtechgroup.com\/politica-de-privacidad\/\">Datenschutzbestimmungen von<\/a> \n.<\/label>\t\t\t<\/span>\n\t\t<\/div>\n\t\t\t\t\t\t<\/div>\n\t\t\t\t\t\t\t\t<div class=\"elementor-field-type-recaptcha_v3 elementor-field-group elementor-column elementor-field-group-field_27d85c9 elementor-col-100 recaptcha_v3-bottomright\">\n\t\t\t\t\t<div class=\"elementor-field\" id=\"form-field-field_27d85c9\"><div class=\"elementor-g-recaptcha\" data-sitekey=\"6LfMkOEqAAAAADqggu7nlfivU29DfnZH7mZ_GqiS\" data-type=\"v3\" data-action=\"Form\" data-badge=\"bottomright\" data-size=\"invisible\"><\/div><\/div>\t\t\t\t<\/div>\n\t\t\t\t\t\t\t\t<div class=\"elementor-field-group elementor-column elementor-field-type-submit elementor-col-100 e-form__buttons\">\n\t\t\t\t\t<button class=\"elementor-button elementor-size-sm\" type=\"submit\">\n\t\t\t\t\t\t<span class=\"elementor-button-content-wrapper\">\n\t\t\t\t\t\t\t\t\t\t\t\t\t\t\t\t\t\t\t\t\t\t<span class=\"elementor-button-text\">SENDEN<\/span>\n\t\t\t\t\t\t\t\t\t\t\t\t\t<\/span>\n\t\t\t\t\t<\/button>\n\t\t\t\t<\/div>\n\t\t\t<\/div>\n\t\t<\/form>\n\t\t\t\t\t\t<\/div>\n\t\t\t\t<\/div>\n\t\t\t\t\t<\/div>\n\t\t<\/div>\n\t\t\t\t\t<\/div>\n\t\t<\/section>\n\t\t\t\t<\/div>\n\t\t","protected":false},"excerpt":{"rendered":"<p>Stellenausschreibungen Arbeiten Sie mit uns Die Mtech Group bietet Ihnen die M\u00f6glichkeit, in ihre Datenbank aufgenommen zu werden, um an den regelm\u00e4\u00dfig stattfindenden Auswahlverfahren teilzunehmen. Wenn Sie interessiert sind, k\u00f6nnen Sie Ihren Lebenslauf \u00fcber das folgende Formular schicken. CV senden<\/p>\n","protected":false},"author":1,"featured_media":0,"parent":0,"menu_order":0,"comment_status":"closed","ping_status":"closed","template":"","meta":{"_acf_changed":false,"footnotes":""},"class_list":["post-5683941","page","type-page","status-publish","hentry"],"acf":[],"_links":{"self":[{"href":"https:\/\/mtechgroup.com\/de\/wp-json\/wp\/v2\/pages\/5683941","targetHints":{"allow":["GET"]}}],"collection":[{"href":"https:\/\/mtechgroup.com\/de\/wp-json\/wp\/v2\/pages"}],"about":[{"href":"https:\/\/mtechgroup.com\/de\/wp-json\/wp\/v2\/types\/page"}],"author":[{"embeddable":true,"href":"https:\/\/mtechgroup.com\/de\/wp-json\/wp\/v2\/users\/1"}],"replies":[{"embeddable":true,"href":"https:\/\/mtechgroup.com\/de\/wp-json\/wp\/v2\/comments?post=5683941"}],"version-history":[{"count":0,"href":"https:\/\/mtechgroup.com\/de\/wp-json\/wp\/v2\/pages\/5683941\/revisions"}],"wp:attachment":[{"href":"https:\/\/mtechgroup.com\/de\/wp-json\/wp\/v2\/media?parent=5683941"}],"curies":[{"name":"wp","href":"https:\/\/api.w.org\/{rel}","templated":true}]}}