{"id":5684169,"date":"2021-05-14T11:04:57","date_gmt":"2021-05-14T09:04:57","guid":{"rendered":"https:\/\/mtechgroup.com\/projekte\/"},"modified":"2025-03-07T21:30:17","modified_gmt":"2025-03-07T20:30:17","slug":"projekte","status":"publish","type":"page","link":"https:\/\/mtechgroup.com\/de\/projekte\/","title":{"rendered":"Projekte"},"content":{"rendered":"\t\t<div data-elementor-type=\"wp-page\" data-elementor-id=\"5684169\" class=\"elementor elementor-5684169 elementor-172\" data-elementor-post-type=\"page\">\n\t\t\t\t<div data-particle_enable=\"false\" data-particle-mobile-disabled=\"false\" class=\"elementor-element elementor-element-e959243 e-flex e-con-boxed e-con e-parent\" data-id=\"e959243\" data-element_type=\"container\" data-e-type=\"container\" data-settings=\"{&quot;background_background&quot;:&quot;classic&quot;,&quot;animation&quot;:&quot;none&quot;}\">\n\t\t\t\t\t<div class=\"e-con-inner\">\n\t\t<div data-particle_enable=\"false\" data-particle-mobile-disabled=\"false\" class=\"elementor-element elementor-element-6e2c93e e-con-full e-flex e-con e-child\" data-id=\"6e2c93e\" data-element_type=\"container\" data-e-type=\"container\">\n\t\t\t\t<div class=\"elementor-element elementor-element-7c9ac32 elementor-widget elementor-widget-heading\" data-id=\"7c9ac32\" data-element_type=\"widget\" data-e-type=\"widget\" data-widget_type=\"heading.default\">\n\t\t\t\t<div class=\"elementor-widget-container\">\n\t\t\t\t\t<h1 class=\"elementor-heading-title elementor-size-default\">Projekte<\/h1>\t\t\t\t<\/div>\n\t\t\t\t<\/div>\n\t\t\t\t<div class=\"elementor-element elementor-element-0fbf4f6 elementor-widget__width-initial elementor-widget elementor-widget-heading\" data-id=\"0fbf4f6\" data-element_type=\"widget\" data-e-type=\"widget\" data-widget_type=\"heading.default\">\n\t\t\t\t<div class=\"elementor-widget-container\">\n\t\t\t\t\t<h5 class=\"elementor-heading-title elementor-size-default\">Heute ist die Mtech Group mit mehr als 800 Projekten, die weltweit f\u00fcr \u00fcber 500 nationale und internationale Kunden durchgef\u00fchrt wurden, das f\u00fchrende Unternehmen f\u00fcr Innovation und Unternehmertum im Energiesektor, ein f\u00fchrender Vertreter in der Konstruktion und Herstellung von Schalttafeln sowie in der Energie- und Digitalberatung.<\/h5>\t\t\t\t<\/div>\n\t\t\t\t<\/div>\n\t\t\t\t<\/div>\n\t\t\t\t\t<\/div>\n\t\t\t\t<\/div>\n\t\t<div data-particle_enable=\"false\" data-particle-mobile-disabled=\"false\" class=\"elementor-element elementor-element-f24be61 e-flex e-con-boxed e-con e-parent\" data-id=\"f24be61\" data-element_type=\"container\" data-e-type=\"container\">\n\t\t\t\t\t<div class=\"e-con-inner\">\n\t\t\t\t<div class=\"elementor-element elementor-element-f2702fc elementor-grid-3 elementor-grid-tablet-2 elementor-grid-mobile-1 elementor-widget elementor-widget-portfolio\" data-id=\"f2702fc\" data-element_type=\"widget\" data-e-type=\"widget\" data-settings=\"{&quot;row_gap&quot;:{&quot;unit&quot;:&quot;px&quot;,&quot;size&quot;:10,&quot;sizes&quot;:[]},&quot;columns&quot;:&quot;3&quot;,&quot;columns_tablet&quot;:&quot;2&quot;,&quot;columns_mobile&quot;:&quot;1&quot;,&quot;item_ratio&quot;:{&quot;unit&quot;:&quot;px&quot;,&quot;size&quot;:0.66,&quot;sizes&quot;:[]},&quot;item_gap&quot;:{&quot;unit&quot;:&quot;px&quot;,&quot;size&quot;:&quot;&quot;,&quot;sizes&quot;:[]}}\" data-widget_type=\"portfolio.default\">\n\t\t\t\t<div class=\"elementor-widget-container\">\n\t\t\t\t\t\t\t<ul class=\"elementor-portfolio__filters\">\n\t\t\t<li class=\"elementor-portfolio__filter elementor-active\" tabindex=\"0\" data-filter=\"__all\">All<\/li>\n\t\t\t\t\t\t\t<li class=\"elementor-portfolio__filter\" tabindex=\"0\" data-filter=\"45\">Sector Energ\u00eda<\/li>\n\t\t\t\t\t\t\t<li class=\"elementor-portfolio__filter\" tabindex=\"0\" data-filter=\"47\">Sector Ferroviario<\/li>\n\t\t\t\t\t\t\t<li class=\"elementor-portfolio__filter\" tabindex=\"0\" data-filter=\"46\">Sector Renovables<\/li>\n\t\t\t\t\t<\/ul>\n\t\t\t\t<div class=\"elementor-portfolio elementor-grid elementor-posts-container\">\n\t\t\t\t<article class=\"elementor-portfolio-item elementor-post elementor-filter-45 post-5677949 proyectos type-proyectos status-publish has-post-thumbnail hentry category-sector-energia\">\n\t\t\t<a class=\"elementor-post__thumbnail__link\" href=\"https:\/\/mtechgroup.com\/de\/proyectos\/subestaciones-electricas-en-nicaragua\/\">\n\t\t\t\t<div class=\"elementor-portfolio-item__img elementor-post__thumbnail\">\n\t\t\t<img fetchpriority=\"high\" decoding=\"async\" width=\"351\" height=\"445\" src=\"https:\/\/mtechgroup.com\/wp-content\/uploads\/2021\/08\/Subestaciones-nicaragua.png\" class=\"attachment-full size-full wp-image-5676384\" alt=\"\" srcset=\"https:\/\/mtechgroup.com\/wp-content\/uploads\/2021\/08\/Subestaciones-nicaragua.png 351w, https:\/\/mtechgroup.com\/wp-content\/uploads\/2021\/08\/Subestaciones-nicaragua-237x300.png 237w\" sizes=\"(max-width: 351px) 100vw, 351px\" \/>\t\t<\/div>\n\t\t\t\t<div class=\"elementor-portfolio-item__overlay\">\n\t\t\t\t<h3 class=\"elementor-portfolio-item__title\">\n\t\tSUBESTACIONES EL\u00c9CTRICAS EN NICARAGUA\t\t<\/h3>\n\t\t\t\t<\/div>\n\t\t\t\t<\/a>\n\t\t<\/article>\n\t\t\t\t<article class=\"elementor-portfolio-item elementor-post elementor-filter-47 post-5679219 proyectos type-proyectos status-publish has-post-thumbnail hentry category-sector-ferroviario\">\n\t\t\t<a class=\"elementor-post__thumbnail__link\" href=\"https:\/\/mtechgroup.com\/de\/proyectos\/proyecto-lav-madrid-extremadura-frontera-portuguesa\/\">\n\t\t\t\t<div class=\"elementor-portfolio-item__img elementor-post__thumbnail\">\n\t\t\t<img decoding=\"async\" width=\"336\" height=\"448\" src=\"https:\/\/mtechgroup.com\/wp-content\/uploads\/2021\/08\/Caso-de-exito-ferroviario-LAV.png\" class=\"attachment-full size-full wp-image-5676380\" alt=\"\" srcset=\"https:\/\/mtechgroup.com\/wp-content\/uploads\/2021\/08\/Caso-de-exito-ferroviario-LAV.png 336w, https:\/\/mtechgroup.com\/wp-content\/uploads\/2021\/08\/Caso-de-exito-ferroviario-LAV-225x300.png 225w\" sizes=\"(max-width: 336px) 100vw, 336px\" \/>\t\t<\/div>\n\t\t\t\t<div class=\"elementor-portfolio-item__overlay\">\n\t\t\t\t<h3 class=\"elementor-portfolio-item__title\">\n\t\tProyecto: LAV MADRID \u2013 EXTREMADURA \u2013 FRONTERA PORTUGUESA\t\t<\/h3>\n\t\t\t\t<\/div>\n\t\t\t\t<\/a>\n\t\t<\/article>\n\t\t\t\t<article class=\"elementor-portfolio-item elementor-post elementor-filter-47 post-5679221 proyectos type-proyectos status-publish has-post-thumbnail hentry category-sector-ferroviario\">\n\t\t\t<a class=\"elementor-post__thumbnail__link\" href=\"https:\/\/mtechgroup.com\/de\/proyectos\/lav-asyut-nag-hammady\/\">\n\t\t\t\t<div class=\"elementor-portfolio-item__img elementor-post__thumbnail\">\n\t\t\t<img decoding=\"async\" width=\"362\" height=\"465\" src=\"https:\/\/mtechgroup.com\/wp-content\/uploads\/2021\/08\/Egipto.-Caso-de-exito.jpg\" class=\"attachment-full size-full wp-image-5676375\" alt=\"\" srcset=\"https:\/\/mtechgroup.com\/wp-content\/uploads\/2021\/08\/Egipto.-Caso-de-exito.jpg 362w, https:\/\/mtechgroup.com\/wp-content\/uploads\/2021\/08\/Egipto.-Caso-de-exito-234x300.jpg 234w\" sizes=\"(max-width: 362px) 100vw, 362px\" \/>\t\t<\/div>\n\t\t\t\t<div class=\"elementor-portfolio-item__overlay\">\n\t\t\t\t<h3 class=\"elementor-portfolio-item__title\">\n\t\tLAV  ASYUT-NAG HAMMADY\t\t<\/h3>\n\t\t\t\t<\/div>\n\t\t\t\t<\/a>\n\t\t<\/article>\n\t\t\t\t<article class=\"elementor-portfolio-item elementor-post elementor-filter-47 post-5679224 proyectos type-proyectos status-publish has-post-thumbnail hentry category-sector-ferroviario\">\n\t\t\t<a class=\"elementor-post__thumbnail__link\" href=\"https:\/\/mtechgroup.com\/de\/proyectos\/lav-proyecto-medina-la-meca\/\">\n\t\t\t\t<div class=\"elementor-portfolio-item__img elementor-post__thumbnail\">\n\t\t\t<img loading=\"lazy\" decoding=\"async\" width=\"366\" height=\"464\" src=\"https:\/\/mtechgroup.com\/wp-content\/uploads\/2021\/07\/Proyecto-LAV-MEDINA-LA-MECA.jpg\" class=\"attachment-full size-full wp-image-5676284\" alt=\"\" srcset=\"https:\/\/mtechgroup.com\/wp-content\/uploads\/2021\/07\/Proyecto-LAV-MEDINA-LA-MECA.jpg 366w, https:\/\/mtechgroup.com\/wp-content\/uploads\/2021\/07\/Proyecto-LAV-MEDINA-LA-MECA-237x300.jpg 237w\" sizes=\"(max-width: 366px) 100vw, 366px\" \/>\t\t<\/div>\n\t\t\t\t<div class=\"elementor-portfolio-item__overlay\">\n\t\t\t\t<h3 class=\"elementor-portfolio-item__title\">\n\t\tLAV PROYECTO MEDINA &#8211; LA MECA\t\t<\/h3>\n\t\t\t\t<\/div>\n\t\t\t\t<\/a>\n\t\t<\/article>\n\t\t\t\t<article class=\"elementor-portfolio-item elementor-post elementor-filter-45 post-5679226 proyectos type-proyectos status-publish has-post-thumbnail hentry category-sector-energia\">\n\t\t\t<a class=\"elementor-post__thumbnail__link\" href=\"https:\/\/mtechgroup.com\/de\/proyectos\/5679226-2\/\">\n\t\t\t\t<div class=\"elementor-portfolio-item__img elementor-post__thumbnail\">\n\t\t\t<img loading=\"lazy\" decoding=\"async\" width=\"366\" height=\"464\" src=\"https:\/\/mtechgroup.com\/wp-content\/uploads\/2021\/07\/ACUERDO-MARCO-PARA-SUMINISTRO-DE-BASTIDORES-Y-CUADROS-.jpg\" class=\"attachment-full size-full wp-image-5676279\" alt=\"\" srcset=\"https:\/\/mtechgroup.com\/wp-content\/uploads\/2021\/07\/ACUERDO-MARCO-PARA-SUMINISTRO-DE-BASTIDORES-Y-CUADROS-.jpg 366w, https:\/\/mtechgroup.com\/wp-content\/uploads\/2021\/07\/ACUERDO-MARCO-PARA-SUMINISTRO-DE-BASTIDORES-Y-CUADROS--237x300.jpg 237w\" sizes=\"(max-width: 366px) 100vw, 366px\" \/>\t\t<\/div>\n\t\t\t\t<div class=\"elementor-portfolio-item__overlay\">\n\t\t\t\t<h3 class=\"elementor-portfolio-item__title\">\n\t\tACUERDO MARCO PARA\u00a0 SUMINISTRO\u00a0 DE\u00a0 BASTIDORES Y CUADROS\t\t<\/h3>\n\t\t\t\t<\/div>\n\t\t\t\t<\/a>\n\t\t<\/article>\n\t\t\t\t<article class=\"elementor-portfolio-item elementor-post elementor-filter-45 post-5679229 proyectos type-proyectos status-publish has-post-thumbnail hentry category-sector-energia\">\n\t\t\t<a class=\"elementor-post__thumbnail__link\" href=\"https:\/\/mtechgroup.com\/de\/proyectos\/proyecto-de-subestaciones-para-la-omvg-en-africa\/\">\n\t\t\t\t<div class=\"elementor-portfolio-item__img elementor-post__thumbnail\">\n\t\t\t<img loading=\"lazy\" decoding=\"async\" width=\"366\" height=\"481\" src=\"https:\/\/mtechgroup.com\/wp-content\/uploads\/2021\/07\/12-SUBESTACIONES-OMVG-.jpg\" class=\"attachment-full size-full wp-image-5676273\" alt=\"\" srcset=\"https:\/\/mtechgroup.com\/wp-content\/uploads\/2021\/07\/12-SUBESTACIONES-OMVG-.jpg 366w, https:\/\/mtechgroup.com\/wp-content\/uploads\/2021\/07\/12-SUBESTACIONES-OMVG--228x300.jpg 228w\" sizes=\"(max-width: 366px) 100vw, 366px\" \/>\t\t<\/div>\n\t\t\t\t<div class=\"elementor-portfolio-item__overlay\">\n\t\t\t\t<h3 class=\"elementor-portfolio-item__title\">\n\t\tPROYECTO DE SUBESTACIONES PARA LA OMVG EN \u00c1FRICA\t\t<\/h3>\n\t\t\t\t<\/div>\n\t\t\t\t<\/a>\n\t\t<\/article>\n\t\t\t\t<article class=\"elementor-portfolio-item elementor-post elementor-filter-46 post-5679231 proyectos type-proyectos status-publish has-post-thumbnail hentry category-sector-renovables\">\n\t\t\t<a class=\"elementor-post__thumbnail__link\" href=\"https:\/\/mtechgroup.com\/de\/proyectos\/5679231-2\/\">\n\t\t\t\t<div class=\"elementor-portfolio-item__img elementor-post__thumbnail\">\n\t\t\t<img loading=\"lazy\" decoding=\"async\" width=\"629\" height=\"789\" src=\"https:\/\/mtechgroup.com\/wp-content\/uploads\/2021\/06\/BESS-SAINT-GEORGES.jpg\" class=\"attachment-full size-full wp-image-5675509\" alt=\"\" srcset=\"https:\/\/mtechgroup.com\/wp-content\/uploads\/2021\/06\/BESS-SAINT-GEORGES.jpg 629w, https:\/\/mtechgroup.com\/wp-content\/uploads\/2021\/06\/BESS-SAINT-GEORGES-239x300.jpg 239w\" sizes=\"(max-width: 629px) 100vw, 629px\" \/>\t\t<\/div>\n\t\t\t\t<div class=\"elementor-portfolio-item__overlay\">\n\t\t\t\t<h3 class=\"elementor-portfolio-item__title\">\n\t\tBESS SAINT GEORGES \u2013 GUAYANA FRANCESA. 1,5MW\t\t<\/h3>\n\t\t\t\t<\/div>\n\t\t\t\t<\/a>\n\t\t<\/article>\n\t\t\t\t<article class=\"elementor-portfolio-item elementor-post elementor-filter-46 post-5679233 proyectos type-proyectos status-publish has-post-thumbnail hentry category-sector-renovables\">\n\t\t\t<a class=\"elementor-post__thumbnail__link\" href=\"https:\/\/mtechgroup.com\/de\/proyectos\/5679233-2\/\">\n\t\t\t\t<div class=\"elementor-portfolio-item__img elementor-post__thumbnail\">\n\t\t\t<img loading=\"lazy\" decoding=\"async\" width=\"895\" height=\"691\" src=\"https:\/\/mtechgroup.com\/wp-content\/uploads\/2021\/06\/Columboola.jpg\" class=\"attachment-full size-full wp-image-5675505\" alt=\"\" srcset=\"https:\/\/mtechgroup.com\/wp-content\/uploads\/2021\/06\/Columboola.jpg 895w, https:\/\/mtechgroup.com\/wp-content\/uploads\/2021\/06\/Columboola-300x232.jpg 300w, https:\/\/mtechgroup.com\/wp-content\/uploads\/2021\/06\/Columboola-768x593.jpg 768w\" sizes=\"(max-width: 895px) 100vw, 895px\" \/>\t\t<\/div>\n\t\t\t\t<div class=\"elementor-portfolio-item__overlay\">\n\t\t\t\t<h3 class=\"elementor-portfolio-item__title\">\n\t\tColumboola Solar Farm\t\t<\/h3>\n\t\t\t\t<\/div>\n\t\t\t\t<\/a>\n\t\t<\/article>\n\t\t\t\t<article class=\"elementor-portfolio-item elementor-post elementor-filter-46 post-5679235 proyectos type-proyectos status-publish has-post-thumbnail hentry category-sector-renovables\">\n\t\t\t<a class=\"elementor-post__thumbnail__link\" href=\"https:\/\/mtechgroup.com\/de\/proyectos\/parque-de-energias-renovables-en-port-augusta\/\">\n\t\t\t\t<div class=\"elementor-portfolio-item__img elementor-post__thumbnail\">\n\t\t\t<img loading=\"lazy\" decoding=\"async\" width=\"782\" height=\"683\" src=\"https:\/\/mtechgroup.com\/wp-content\/uploads\/2021\/06\/parep.jpg\" class=\"attachment-full size-full wp-image-5675499\" alt=\"\" srcset=\"https:\/\/mtechgroup.com\/wp-content\/uploads\/2021\/06\/parep.jpg 782w, https:\/\/mtechgroup.com\/wp-content\/uploads\/2021\/06\/parep-300x262.jpg 300w, https:\/\/mtechgroup.com\/wp-content\/uploads\/2021\/06\/parep-768x671.jpg 768w\" sizes=\"(max-width: 782px) 100vw, 782px\" \/>\t\t<\/div>\n\t\t\t\t<div class=\"elementor-portfolio-item__overlay\">\n\t\t\t\t<h3 class=\"elementor-portfolio-item__title\">\n\t\tParque de Energ\u00edas Renovables en Port Augusta\t\t<\/h3>\n\t\t\t\t<\/div>\n\t\t\t\t<\/a>\n\t\t<\/article>\n\t\t\t\t<article class=\"elementor-portfolio-item elementor-post elementor-filter-46 post-5679237 proyectos type-proyectos status-publish has-post-thumbnail hentry category-sector-renovables\">\n\t\t\t<a class=\"elementor-post__thumbnail__link\" href=\"https:\/\/mtechgroup.com\/de\/proyectos\/nunez-de-balboa\/\">\n\t\t\t\t<div class=\"elementor-portfolio-item__img elementor-post__thumbnail\">\n\t\t\t<img loading=\"lazy\" decoding=\"async\" width=\"971\" height=\"732\" src=\"https:\/\/mtechgroup.com\/wp-content\/uploads\/2021\/06\/nunez-de-balboa.jpg\" class=\"attachment-full size-full wp-image-5675496\" alt=\"\" srcset=\"https:\/\/mtechgroup.com\/wp-content\/uploads\/2021\/06\/nunez-de-balboa.jpg 971w, https:\/\/mtechgroup.com\/wp-content\/uploads\/2021\/06\/nunez-de-balboa-300x226.jpg 300w, https:\/\/mtechgroup.com\/wp-content\/uploads\/2021\/06\/nunez-de-balboa-768x579.jpg 768w\" sizes=\"(max-width: 971px) 100vw, 971px\" \/>\t\t<\/div>\n\t\t\t\t<div class=\"elementor-portfolio-item__overlay\">\n\t\t\t\t<h3 class=\"elementor-portfolio-item__title\">\n\t\tN\u00da\u00d1EZ DE BALBOA\t\t<\/h3>\n\t\t\t\t<\/div>\n\t\t\t\t<\/a>\n\t\t<\/article>\n\t\t\t\t<article class=\"elementor-portfolio-item elementor-post elementor-filter-46 post-5679240 proyectos type-proyectos status-publish has-post-thumbnail hentry category-sector-renovables\">\n\t\t\t<a class=\"elementor-post__thumbnail__link\" href=\"https:\/\/mtechgroup.com\/de\/proyectos\/sol-del-desierto\/\">\n\t\t\t\t<div class=\"elementor-portfolio-item__img elementor-post__thumbnail\">\n\t\t\t<img loading=\"lazy\" decoding=\"async\" width=\"552\" height=\"697\" src=\"https:\/\/mtechgroup.com\/wp-content\/uploads\/2021\/06\/sol-del-desierto.jpg\" class=\"attachment-full size-full wp-image-5675489\" alt=\"\" srcset=\"https:\/\/mtechgroup.com\/wp-content\/uploads\/2021\/06\/sol-del-desierto.jpg 552w, https:\/\/mtechgroup.com\/wp-content\/uploads\/2021\/06\/sol-del-desierto-238x300.jpg 238w\" sizes=\"(max-width: 552px) 100vw, 552px\" \/>\t\t<\/div>\n\t\t\t\t<div class=\"elementor-portfolio-item__overlay\">\n\t\t\t\t<h3 class=\"elementor-portfolio-item__title\">\n\t\tSOL DEL DESIERTO\t\t<\/h3>\n\t\t\t\t<\/div>\n\t\t\t\t<\/a>\n\t\t<\/article>\n\t\t\t\t<\/div>\n\t\t\t\t\t\t<\/div>\n\t\t\t\t<\/div>\n\t\t\t\t\t<\/div>\n\t\t\t\t<\/div>\n\t\t\t\t<\/div>\n\t\t","protected":false},"excerpt":{"rendered":"<p>Projekte Heute ist die Mtech Group mit mehr als 800 Projekten, die weltweit f\u00fcr \u00fcber 500 nationale und internationale Kunden durchgef\u00fchrt wurden, das f\u00fchrende Unternehmen f\u00fcr Innovation und Unternehmertum im Energiesektor, ein f\u00fchrender Vertreter in der Konstruktion und Herstellung von Schalttafeln sowie in der Energie- und Digitalberatung.<\/p>\n","protected":false},"author":1,"featured_media":0,"parent":0,"menu_order":0,"comment_status":"closed","ping_status":"closed","template":"","meta":{"_acf_changed":false,"footnotes":""},"class_list":["post-5684169","page","type-page","status-publish","hentry"],"acf":[],"_links":{"self":[{"href":"https:\/\/mtechgroup.com\/de\/wp-json\/wp\/v2\/pages\/5684169","targetHints":{"allow":["GET"]}}],"collection":[{"href":"https:\/\/mtechgroup.com\/de\/wp-json\/wp\/v2\/pages"}],"about":[{"href":"https:\/\/mtechgroup.com\/de\/wp-json\/wp\/v2\/types\/page"}],"author":[{"embeddable":true,"href":"https:\/\/mtechgroup.com\/de\/wp-json\/wp\/v2\/users\/1"}],"replies":[{"embeddable":true,"href":"https:\/\/mtechgroup.com\/de\/wp-json\/wp\/v2\/comments?post=5684169"}],"version-history":[{"count":0,"href":"https:\/\/mtechgroup.com\/de\/wp-json\/wp\/v2\/pages\/5684169\/revisions"}],"wp:attachment":[{"href":"https:\/\/mtechgroup.com\/de\/wp-json\/wp\/v2\/media?parent=5684169"}],"curies":[{"name":"wp","href":"https:\/\/api.w.org\/{rel}","templated":true}]}}