{"id":5683330,"date":"2021-05-17T11:31:04","date_gmt":"2021-05-17T09:31:04","guid":{"rendered":"https:\/\/mtechgroup.com\/offres-demploi\/"},"modified":"2025-03-07T20:59:31","modified_gmt":"2025-03-07T19:59:31","slug":"offres-demploi","status":"publish","type":"page","link":"https:\/\/mtechgroup.com\/fr\/offres-demploi\/","title":{"rendered":"Offres d&#8217;emploi"},"content":{"rendered":"\t\t<div data-elementor-type=\"wp-page\" data-elementor-id=\"5683330\" class=\"elementor elementor-5683330 elementor-438\" data-elementor-post-type=\"page\">\n\t\t\t\t<div data-particle_enable=\"false\" data-particle-mobile-disabled=\"false\" class=\"elementor-element elementor-element-46000fd e-flex e-con-boxed e-con e-parent\" data-id=\"46000fd\" data-element_type=\"container\" data-e-type=\"container\" data-settings=\"{&quot;background_background&quot;:&quot;classic&quot;,&quot;animation&quot;:&quot;none&quot;}\">\n\t\t\t\t\t<div class=\"e-con-inner\">\n\t\t<div data-particle_enable=\"false\" data-particle-mobile-disabled=\"false\" class=\"elementor-element elementor-element-2095335 e-con-full e-flex e-con e-child\" data-id=\"2095335\" data-element_type=\"container\" data-e-type=\"container\">\n\t\t\t\t<div class=\"elementor-element elementor-element-7c811a8 elementor-widget elementor-widget-heading\" data-id=\"7c811a8\" data-element_type=\"widget\" data-e-type=\"widget\" data-widget_type=\"heading.default\">\n\t\t\t\t<div class=\"elementor-widget-container\">\n\t\t\t\t\t<h1 class=\"elementor-heading-title elementor-size-default\">Offres d'emploi<\/h1>\t\t\t\t<\/div>\n\t\t\t\t<\/div>\n\t\t\t\t<div class=\"elementor-element elementor-element-22352ec elementor-widget elementor-widget-heading\" data-id=\"22352ec\" data-element_type=\"widget\" data-e-type=\"widget\" data-widget_type=\"heading.default\">\n\t\t\t\t<div class=\"elementor-widget-container\">\n\t\t\t\t\t<h2 class=\"elementor-heading-title elementor-size-default\">Travaillez avec nous<\/h2>\t\t\t\t<\/div>\n\t\t\t\t<\/div>\n\t\t\t\t<div class=\"elementor-element elementor-element-b452c2b elementor-widget__width-initial elementor-widget elementor-widget-heading\" data-id=\"b452c2b\" data-element_type=\"widget\" data-e-type=\"widget\" data-widget_type=\"heading.default\">\n\t\t\t\t<div class=\"elementor-widget-container\">\n\t\t\t\t\t<h5 class=\"elementor-heading-title elementor-size-default\">Le Groupe Mtech vous offre la possibilit\u00e9 d'\u00eatre inclus dans sa base de donn\u00e9es pour faire partie des processus de s\u00e9lection qui sont effectu\u00e9s r\u00e9guli\u00e8rement. Si vous \u00eates int\u00e9ress\u00e9, vous pouvez envoyer votre CV en utilisant le formulaire suivant. <\/h5>\t\t\t\t<\/div>\n\t\t\t\t<\/div>\n\t\t\t\t<\/div>\n\t\t\t\t\t<\/div>\n\t\t\t\t<\/div>\n\t\t\t\t<section data-particle_enable=\"false\" data-particle-mobile-disabled=\"false\" class=\"elementor-section elementor-top-section elementor-element elementor-element-73dafc1c elementor-section-height-min-height elementor-section-items-top elementor-section-boxed elementor-section-height-default\" data-id=\"73dafc1c\" data-element_type=\"section\" data-e-type=\"section\" data-settings=\"{&quot;background_background&quot;:&quot;classic&quot;}\">\n\t\t\t\t\t\t<div class=\"elementor-container elementor-column-gap-default\">\n\t\t\t\t\t<div class=\"elementor-column elementor-col-50 elementor-top-column elementor-element elementor-element-e0849be\" data-id=\"e0849be\" data-element_type=\"column\" data-e-type=\"column\">\n\t\t\t<div class=\"elementor-widget-wrap elementor-element-populated\">\n\t\t\t\t\t\t<div class=\"elementor-element elementor-element-6d6c109 elementor-widget elementor-widget-image\" data-id=\"6d6c109\" data-element_type=\"widget\" data-e-type=\"widget\" data-widget_type=\"image.default\">\n\t\t\t\t<div class=\"elementor-widget-container\">\n\t\t\t\t\t\t\t\t\t\t\t\t\t\t\t<img fetchpriority=\"high\" decoding=\"async\" width=\"500\" height=\"374\" src=\"https:\/\/mtechgroup.com\/wp-content\/uploads\/2021\/06\/trabaja-con-nosotros-mtech-group-500px.jpg\" class=\"attachment-full size-full wp-image-5680409\" alt=\"\" srcset=\"https:\/\/mtechgroup.com\/wp-content\/uploads\/2021\/06\/trabaja-con-nosotros-mtech-group-500px.jpg 500w, https:\/\/mtechgroup.com\/wp-content\/uploads\/2021\/06\/trabaja-con-nosotros-mtech-group-500px-300x224.jpg 300w\" sizes=\"(max-width: 500px) 100vw, 500px\" \/>\t\t\t\t\t\t\t\t\t\t\t\t\t\t\t<\/div>\n\t\t\t\t<\/div>\n\t\t\t\t\t<\/div>\n\t\t<\/div>\n\t\t\t\t<div class=\"elementor-column elementor-col-50 elementor-top-column elementor-element elementor-element-6cfb19cc\" data-id=\"6cfb19cc\" data-element_type=\"column\" data-e-type=\"column\">\n\t\t\t<div class=\"elementor-widget-wrap elementor-element-populated\">\n\t\t\t\t\t\t<div class=\"elementor-element elementor-element-69016d83 elementor-widget elementor-widget-heading\" data-id=\"69016d83\" data-element_type=\"widget\" data-e-type=\"widget\" data-widget_type=\"heading.default\">\n\t\t\t\t<div class=\"elementor-widget-container\">\n\t\t\t\t\t<h2 class=\"elementor-heading-title elementor-size-default\">Envoyez votre CV<\/h2>\t\t\t\t<\/div>\n\t\t\t\t<\/div>\n\t\t\t\t<div class=\"elementor-element elementor-element-4f33cc66 elementor-button-align-start elementor-widget elementor-widget-form\" data-id=\"4f33cc66\" data-element_type=\"widget\" data-e-type=\"widget\" data-settings=\"{&quot;step_next_label&quot;:&quot;Suivant&quot;,&quot;step_previous_label&quot;:&quot;Pr\\u00e9c\\u00e9dent&quot;,&quot;button_width&quot;:&quot;100&quot;,&quot;step_type&quot;:&quot;number_text&quot;,&quot;step_icon_shape&quot;:&quot;circle&quot;}\" data-widget_type=\"form.default\">\n\t\t\t\t<div class=\"elementor-widget-container\">\n\t\t\t\t\t\t\t<form class=\"elementor-form\" method=\"post\" name=\"Formulaire d&#039;offres d&#039;emploi\">\n\t\t\t<input type=\"hidden\" name=\"post_id\" value=\"5683330\"\/>\n\t\t\t<input type=\"hidden\" name=\"form_id\" value=\"4f33cc66\"\/>\n\t\t\t<input type=\"hidden\" name=\"referer_title\" value=\"\" \/>\n\n\t\t\t\n\t\t\t<div class=\"elementor-form-fields-wrapper elementor-labels-\">\n\t\t\t\t\t\t\t\t<div class=\"elementor-field-type-text elementor-field-group elementor-column elementor-field-group-name elementor-col-50\">\n\t\t\t\t\t\t\t\t\t\t\t\t<label for=\"form-field-name\" class=\"elementor-field-label elementor-screen-only\">\n\t\t\t\t\t\t\t\tNom\t\t\t\t\t\t\t<\/label>\n\t\t\t\t\t\t\t\t\t\t\t\t\t\t<input size=\"1\" type=\"text\" name=\"form_fields[name]\" id=\"form-field-name\" class=\"elementor-field elementor-size-sm  elementor-field-textual\" placeholder=\"Nom\">\n\t\t\t\t\t\t\t\t\t\t\t<\/div>\n\t\t\t\t\t\t\t\t<div class=\"elementor-field-type-email elementor-field-group elementor-column elementor-field-group-email elementor-col-50 elementor-field-required\">\n\t\t\t\t\t\t\t\t\t\t\t\t<label for=\"form-field-email\" class=\"elementor-field-label elementor-screen-only\">\n\t\t\t\t\t\t\t\tCourriel\t\t\t\t\t\t\t<\/label>\n\t\t\t\t\t\t\t\t\t\t\t\t\t\t<input size=\"1\" type=\"email\" name=\"form_fields[email]\" id=\"form-field-email\" class=\"elementor-field elementor-size-sm  elementor-field-textual\" placeholder=\"Courriel\" required=\"required\">\n\t\t\t\t\t\t\t\t\t\t\t<\/div>\n\t\t\t\t\t\t\t\t<div class=\"elementor-field-type-textarea elementor-field-group elementor-column elementor-field-group-message elementor-col-100\">\n\t\t\t\t\t\t\t\t\t\t\t\t<label for=\"form-field-message\" class=\"elementor-field-label elementor-screen-only\">\n\t\t\t\t\t\t\t\tMessage\t\t\t\t\t\t\t<\/label>\n\t\t\t\t\t\t<textarea class=\"elementor-field-textual elementor-field  elementor-size-sm\" name=\"form_fields[message]\" id=\"form-field-message\" rows=\"4\" placeholder=\"Message\"><\/textarea>\t\t\t\t<\/div>\n\t\t\t\t\t\t\t\t<div class=\"elementor-field-type-upload elementor-field-group elementor-column elementor-field-group-field_d030c69 elementor-col-100\">\n\t\t\t\t\t\t\t\t\t\t\t\t<label for=\"form-field-field_d030c69\" class=\"elementor-field-label elementor-screen-only\">\n\t\t\t\t\t\t\t\tJoindre un fichier\t\t\t\t\t\t\t<\/label>\n\t\t\t\t\t\t\t\t<input type=\"file\" name=\"form_fields[field_d030c69]\" id=\"form-field-field_d030c69\" class=\"elementor-field elementor-size-sm  elementor-upload-field\" data-maxsize=\"5\" data-maxsize-message=\"This file exceeds the maximum allowed size.\">\n\n\t\t\t\t\t\t<\/div>\n\t\t\t\t\t\t\t\t<div class=\"elementor-field-type-html elementor-field-group elementor-column elementor-field-group-field_c478642 elementor-col-100\">\n\t\t\t\t\t<p style=\"font-family: Roboto, sans-serif; font-size:10px; color: #979797;\">Conform\u00e9ment aux dispositions des articles 13 et 14 du RGPD (UE) 2016\/679, du 27 avril, et de l'article 11 de la LOPD 3\/2018, du 5 d\u00e9cembre, nous fournissons \u00e0 la personne concern\u00e9e les informations de base concernant le traitement de ses donn\u00e9es personnelles. L'activit\u00e9 de traitement est CONTACTOS WEB RRHH - WORK WITH US. Le responsable du traitement est : SOLUCIONES T\u00c9CNICAS MTECH S.L, avec N.I.F. : B82283672, et domicili\u00e9 \u00e0 C\/ Alba\u00f1iles, 3 C.P. : 28320 - Pinto (MADRID). La finalit\u00e9 du traitement est la suivante : Candidats \u00e0 des postes de travail avec insertion de CV par le biais du site web. La base juridique est l'int\u00e9r\u00eat l\u00e9gitime du responsable du traitement. En ce qui concerne les destinataires des donn\u00e9es \u00e0 caract\u00e8re personnel : Des transferts sont pr\u00e9vus, veuillez consulter les informations compl\u00e9mentaires. Aucune disposition n'est pr\u00e9vue pour les transferts internationaux. En ce qui concerne les droits dont dispose l'int\u00e9ress\u00e9 sur ses donn\u00e9es, il peut s'adresser \u00e0 SOLUCIONES T\u00c9CNICAS MTECH S.L en tant que responsable : administracion@mtechgroup.com ou C\/ Alba\u00f1iles, 3 C.P. : 28320 - Pinto (Madrid). Vous pouvez consulter ces informations compl\u00e9mentaires et d\u00e9taill\u00e9es sur la protection des donn\u00e9es \u00e0 l'adresse suivante : http:\/\/mtechgroup.com\/aviso-legal\/ ou C\/ Alba\u00f1iles 3 - 28320 Pinto, Madrid.        <\/p>\t\t\t\t<\/div>\n\t\t\t\t\t\t\t\t<div class=\"elementor-field-type-acceptance elementor-field-group elementor-column elementor-field-group-field_27c21bd elementor-col-100 elementor-field-required\">\n\t\t\t\t\t\t\t<div class=\"elementor-field-subgroup\">\n\t\t\t<span class=\"elementor-field-option\">\n\t\t\t\t<input type=\"checkbox\" name=\"form_fields[field_27c21bd]\" id=\"form-field-field_27c21bd\" class=\"elementor-field elementor-size-sm  elementor-acceptance-field\" required=\"required\">\n\t\t\t\t<label for=\"form-field-field_27c21bd\">J'accepte les conditions d'utilisation et la<a href=\"http:\/\/mtechgroup.com\/politica-de-privacidad\/\">politique de confidentialit\u00e9 de<\/a> \n.<\/label>\t\t\t<\/span>\n\t\t<\/div>\n\t\t\t\t\t\t<\/div>\n\t\t\t\t\t\t\t\t<div class=\"elementor-field-type-recaptcha_v3 elementor-field-group elementor-column elementor-field-group-field_27d85c9 elementor-col-100 recaptcha_v3-bottomright\">\n\t\t\t\t\t<div class=\"elementor-field\" id=\"form-field-field_27d85c9\"><div class=\"elementor-g-recaptcha\" data-sitekey=\"6LfMkOEqAAAAADqggu7nlfivU29DfnZH7mZ_GqiS\" data-type=\"v3\" data-action=\"Form\" data-badge=\"bottomright\" data-size=\"invisible\"><\/div><\/div>\t\t\t\t<\/div>\n\t\t\t\t\t\t\t\t<div class=\"elementor-field-group elementor-column elementor-field-type-submit elementor-col-100 e-form__buttons\">\n\t\t\t\t\t<button class=\"elementor-button elementor-size-sm\" type=\"submit\">\n\t\t\t\t\t\t<span class=\"elementor-button-content-wrapper\">\n\t\t\t\t\t\t\t\t\t\t\t\t\t\t\t\t\t\t\t\t\t\t<span class=\"elementor-button-text\">ENVOYER<\/span>\n\t\t\t\t\t\t\t\t\t\t\t\t\t<\/span>\n\t\t\t\t\t<\/button>\n\t\t\t\t<\/div>\n\t\t\t<\/div>\n\t\t<\/form>\n\t\t\t\t\t\t<\/div>\n\t\t\t\t<\/div>\n\t\t\t\t\t<\/div>\n\t\t<\/div>\n\t\t\t\t\t<\/div>\n\t\t<\/section>\n\t\t\t\t<\/div>\n\t\t","protected":false},"excerpt":{"rendered":"<p>Offres d&#8217;emploi Travaillez avec nous Le Groupe Mtech vous offre la possibilit\u00e9 d&rsquo;\u00eatre inclus dans sa base de donn\u00e9es pour faire partie des processus de s\u00e9lection qui sont effectu\u00e9s r\u00e9guli\u00e8rement. Si vous \u00eates int\u00e9ress\u00e9, vous pouvez envoyer votre CV en utilisant le formulaire suivant. Envoyez votre CV<\/p>\n","protected":false},"author":1,"featured_media":0,"parent":0,"menu_order":0,"comment_status":"closed","ping_status":"closed","template":"","meta":{"_acf_changed":false,"footnotes":""},"class_list":["post-5683330","page","type-page","status-publish","hentry"],"acf":[],"_links":{"self":[{"href":"https:\/\/mtechgroup.com\/fr\/wp-json\/wp\/v2\/pages\/5683330","targetHints":{"allow":["GET"]}}],"collection":[{"href":"https:\/\/mtechgroup.com\/fr\/wp-json\/wp\/v2\/pages"}],"about":[{"href":"https:\/\/mtechgroup.com\/fr\/wp-json\/wp\/v2\/types\/page"}],"author":[{"embeddable":true,"href":"https:\/\/mtechgroup.com\/fr\/wp-json\/wp\/v2\/users\/1"}],"replies":[{"embeddable":true,"href":"https:\/\/mtechgroup.com\/fr\/wp-json\/wp\/v2\/comments?post=5683330"}],"version-history":[{"count":0,"href":"https:\/\/mtechgroup.com\/fr\/wp-json\/wp\/v2\/pages\/5683330\/revisions"}],"wp:attachment":[{"href":"https:\/\/mtechgroup.com\/fr\/wp-json\/wp\/v2\/media?parent=5683330"}],"curies":[{"name":"wp","href":"https:\/\/api.w.org\/{rel}","templated":true}]}}