{"id":5683331,"date":"2021-05-17T11:43:07","date_gmt":"2021-05-17T09:43:07","guid":{"rendered":"https:\/\/mtechgroup.com\/secteur-de-lenergie\/"},"modified":"2025-11-04T13:43:43","modified_gmt":"2025-11-04T12:43:43","slug":"secteur-de-lenergie","status":"publish","type":"page","link":"https:\/\/mtechgroup.com\/fr\/secteur-de-lenergie\/","title":{"rendered":"Secteur de l&rsquo;\u00e9nergie"},"content":{"rendered":"\t\t<div data-elementor-type=\"wp-page\" data-elementor-id=\"5683331\" class=\"elementor elementor-5683331 elementor-446\" data-elementor-post-type=\"page\">\n\t\t\t\t<div data-particle_enable=\"false\" data-particle-mobile-disabled=\"false\" class=\"elementor-element elementor-element-d7e7714 e-flex e-con-boxed e-con e-parent\" data-id=\"d7e7714\" data-element_type=\"container\" data-e-type=\"container\" data-settings=\"{&quot;background_background&quot;:&quot;classic&quot;,&quot;animation&quot;:&quot;none&quot;}\">\n\t\t\t\t\t<div class=\"e-con-inner\">\n\t\t<div data-particle_enable=\"false\" data-particle-mobile-disabled=\"false\" class=\"elementor-element elementor-element-81614e2 e-con-full e-flex e-con e-child\" data-id=\"81614e2\" data-element_type=\"container\" data-e-type=\"container\">\n\t\t\t\t<div class=\"elementor-element elementor-element-fed57be elementor-widget elementor-widget-heading\" data-id=\"fed57be\" data-element_type=\"widget\" data-e-type=\"widget\" data-widget_type=\"heading.default\">\n\t\t\t\t<div class=\"elementor-widget-container\">\n\t\t\t\t\t<h1 class=\"elementor-heading-title elementor-size-default\">Secteur de l'\u00e9nergie<\/h1>\t\t\t\t<\/div>\n\t\t\t\t<\/div>\n\t\t\t\t<div class=\"elementor-element elementor-element-e1fa0cd elementor-widget__width-initial elementor-widget elementor-widget-heading\" data-id=\"e1fa0cd\" data-element_type=\"widget\" data-e-type=\"widget\" data-widget_type=\"heading.default\">\n\t\t\t\t<div class=\"elementor-widget-container\">\n\t\t\t\t\t<h2 class=\"elementor-heading-title elementor-size-default\">\u00c9nergie propre\npour un syst\u00e8me \u00e9nerg\u00e9tique durable\n \n<\/h2>\t\t\t\t<\/div>\n\t\t\t\t<\/div>\n\t\t\t\t<\/div>\n\t\t\t\t\t<\/div>\n\t\t\t\t<\/div>\n\t\t<div data-particle_enable=\"false\" data-particle-mobile-disabled=\"false\" class=\"elementor-element elementor-element-d01e078 e-flex e-con-boxed e-con e-parent\" data-id=\"d01e078\" data-element_type=\"container\" data-e-type=\"container\">\n\t\t\t\t\t<div class=\"e-con-inner\">\n\t\t<div data-particle_enable=\"false\" data-particle-mobile-disabled=\"false\" class=\"elementor-element elementor-element-027ffb4 e-con-full e-flex e-con e-child\" data-id=\"027ffb4\" data-element_type=\"container\" data-e-type=\"container\">\n\t\t\t\t<div class=\"elementor-element elementor-element-bb7e113 elementor-widget elementor-widget-heading\" data-id=\"bb7e113\" data-element_type=\"widget\" data-e-type=\"widget\" data-widget_type=\"heading.default\">\n\t\t\t\t<div class=\"elementor-widget-container\">\n\t\t\t\t\t<h2 class=\"elementor-heading-title elementor-size-default\">Groupe Mtech<\/h2>\t\t\t\t<\/div>\n\t\t\t\t<\/div>\n\t\t\t\t<div class=\"elementor-element elementor-element-f20e3bb elementor-widget-divider--view-line elementor-widget elementor-widget-divider\" data-id=\"f20e3bb\" data-element_type=\"widget\" data-e-type=\"widget\" data-widget_type=\"divider.default\">\n\t\t\t\t<div class=\"elementor-widget-container\">\n\t\t\t\t\t\t\t<div class=\"elementor-divider\">\n\t\t\t<span class=\"elementor-divider-separator\">\n\t\t\t\t\t\t<\/span>\n\t\t<\/div>\n\t\t\t\t\t\t<\/div>\n\t\t\t\t<\/div>\n\t\t\t\t<div class=\"elementor-element elementor-element-04018e3 elementor-widget elementor-widget-text-editor\" data-id=\"04018e3\" data-element_type=\"widget\" data-e-type=\"widget\" data-widget_type=\"text-editor.default\">\n\t\t\t\t<div class=\"elementor-widget-container\">\n\t\t\t\t\t\t\t\t\t<p>Avec plus de 25 ans d&rsquo;exp\u00e9rience, le Groupe Mtech con\u00e7oit, d\u00e9veloppe et fabrique des solutions int\u00e9grales \u00e0 360\u00ba pour les secteurs de l&rsquo;\u00e9nergie, du transport, de l&rsquo;industrie et de l&rsquo;efficacit\u00e9 \u00e9nerg\u00e9tique.<\/p><p>De grandes marques du monde entier nous font confiance gr\u00e2ce \u00e0 notre solide exp\u00e9rience, notre fiabilit\u00e9 et notre qualit\u00e9. Nous disposons d&rsquo;un d\u00e9partement d&rsquo;ing\u00e9nierie hautement sp\u00e9cialis\u00e9 par secteur et d&rsquo;une infrastructure industrielle de 9 000 m\u00b2, r\u00e9partie sur trois sites en Espagne. <\/p><p>Nos installations de production de pointe, strat\u00e9giquement situ\u00e9es \u00e0 Madrid et au Pays basque, nous permettent d&rsquo;offrir un service agile, efficace et de proximit\u00e9 \u00e0 nos clients, tant en Espagne qu&rsquo;\u00e0 l&rsquo;\u00e9tranger.<\/p>\t\t\t\t\t\t\t\t<\/div>\n\t\t\t\t<\/div>\n\t\t\t\t<\/div>\n\t\t<div data-particle_enable=\"false\" data-particle-mobile-disabled=\"false\" class=\"elementor-element elementor-element-780b644 e-con-full e-flex e-con e-child\" data-id=\"780b644\" data-element_type=\"container\" data-e-type=\"container\">\n\t\t\t\t<div class=\"elementor-element elementor-element-16fd220 elementor-widget elementor-widget-image\" data-id=\"16fd220\" data-element_type=\"widget\" data-e-type=\"widget\" data-widget_type=\"image.default\">\n\t\t\t\t<div class=\"elementor-widget-container\">\n\t\t\t\t\t\t\t\t\t\t\t\t\t\t\t\t<a href=\"#elementor-action%3Aaction%3Dpopup%3Aopen%26settings%3DeyJpZCI6NTY4Mzg2NiwidG9nZ2xlIjpmYWxzZX0%3D\">\n\t\t\t\t\t\t\t<img fetchpriority=\"high\" decoding=\"async\" width=\"300\" height=\"400\" src=\"https:\/\/mtechgroup.com\/wp-content\/uploads\/2024\/08\/mtech-crecimiento.jpg\" class=\"attachment-large size-large wp-image-5682796\" alt=\"\" srcset=\"https:\/\/mtechgroup.com\/wp-content\/uploads\/2024\/08\/mtech-crecimiento.jpg 300w, https:\/\/mtechgroup.com\/wp-content\/uploads\/2024\/08\/mtech-crecimiento-225x300.jpg 225w\" sizes=\"(max-width: 300px) 100vw, 300px\" \/>\t\t\t\t\t\t\t\t<\/a>\n\t\t\t\t\t\t\t\t\t\t\t\t\t\t\t<\/div>\n\t\t\t\t<\/div>\n\t\t\t\t<\/div>\n\t\t\t\t\t<\/div>\n\t\t\t\t<\/div>\n\t\t<div data-particle_enable=\"false\" data-particle-mobile-disabled=\"false\" class=\"elementor-element elementor-element-553acfd e-flex e-con-boxed e-con e-parent\" data-id=\"553acfd\" data-element_type=\"container\" data-e-type=\"container\">\n\t\t\t\t\t<div class=\"e-con-inner\">\n\t\t\t\t<div class=\"elementor-element elementor-element-34ac7e8 elementor-widget__width-initial elementor-widget-tablet__width-inherit elementor-widget elementor-widget-heading\" data-id=\"34ac7e8\" data-element_type=\"widget\" data-e-type=\"widget\" data-widget_type=\"heading.default\">\n\t\t\t\t<div class=\"elementor-widget-container\">\n\t\t\t\t\t<h2 class=\"elementor-heading-title elementor-size-default\">Au fil des ans, nous avons \u00e9volu\u00e9 pour devenir ce que nous sommes aujourd'hui.\n<\/h2>\t\t\t\t<\/div>\n\t\t\t\t<\/div>\n\t\t\t\t\t<\/div>\n\t\t\t\t<\/div>\n\t\t<div data-particle_enable=\"false\" data-particle-mobile-disabled=\"false\" class=\"elementor-element elementor-element-d9b131b e-flex e-con-boxed e-con e-parent\" data-id=\"d9b131b\" data-element_type=\"container\" data-e-type=\"container\">\n\t\t\t\t\t<div class=\"e-con-inner\">\n\t\t<div data-particle_enable=\"false\" data-particle-mobile-disabled=\"false\" class=\"elementor-element elementor-element-875ac60 e-con-full e-flex e-con e-child\" data-id=\"875ac60\" data-element_type=\"container\" data-e-type=\"container\">\n\t\t\t\t<div class=\"elementor-element elementor-element-d248026 elementor-widget__width-initial elementor-widget elementor-widget-image\" data-id=\"d248026\" data-element_type=\"widget\" data-e-type=\"widget\" data-widget_type=\"image.default\">\n\t\t\t\t<div class=\"elementor-widget-container\">\n\t\t\t\t\t\t\t\t\t\t\t\t\t\t\t<img decoding=\"async\" width=\"800\" height=\"800\" src=\"https:\/\/mtechgroup.com\/wp-content\/uploads\/2021\/06\/edificio-mtech-1024x1024.jpg\" class=\"attachment-large size-large wp-image-5680248\" alt=\"\" srcset=\"https:\/\/mtechgroup.com\/wp-content\/uploads\/2021\/06\/edificio-mtech-1024x1024.jpg 1024w, https:\/\/mtechgroup.com\/wp-content\/uploads\/2021\/06\/edificio-mtech-300x300.jpg 300w, https:\/\/mtechgroup.com\/wp-content\/uploads\/2021\/06\/edificio-mtech-150x150.jpg 150w, https:\/\/mtechgroup.com\/wp-content\/uploads\/2021\/06\/edificio-mtech-768x768.jpg 768w, https:\/\/mtechgroup.com\/wp-content\/uploads\/2021\/06\/edificio-mtech.jpg 1098w\" sizes=\"(max-width: 800px) 100vw, 800px\" \/>\t\t\t\t\t\t\t\t\t\t\t\t\t\t\t<\/div>\n\t\t\t\t<\/div>\n\t\t\t\t<div class=\"elementor-element elementor-element-1724e1a elementor-widget elementor-widget-heading\" data-id=\"1724e1a\" data-element_type=\"widget\" data-e-type=\"widget\" data-widget_type=\"heading.default\">\n\t\t\t\t<div class=\"elementor-widget-container\">\n\t\t\t\t\t<h6 class=\"elementor-heading-title elementor-size-default\">ALBA\u00d1ILES HEADQUARTERS. PINTO, MADRID  <\/h6>\t\t\t\t<\/div>\n\t\t\t\t<\/div>\n\t\t\t\t<\/div>\n\t\t<div data-particle_enable=\"false\" data-particle-mobile-disabled=\"false\" class=\"elementor-element elementor-element-dc57294 e-con-full e-flex e-con e-child\" data-id=\"dc57294\" data-element_type=\"container\" data-e-type=\"container\">\n\t\t\t\t<div class=\"elementor-element elementor-element-a363523 elementor-widget__width-initial elementor-widget elementor-widget-image\" data-id=\"a363523\" data-element_type=\"widget\" data-e-type=\"widget\" data-widget_type=\"image.default\">\n\t\t\t\t<div class=\"elementor-widget-container\">\n\t\t\t\t\t\t\t\t\t\t\t\t\t\t\t<img decoding=\"async\" width=\"800\" height=\"480\" src=\"https:\/\/mtechgroup.com\/wp-content\/uploads\/2024\/08\/Mtech-2024.jpg\" class=\"attachment-large size-large wp-image-5682761\" alt=\"\" srcset=\"https:\/\/mtechgroup.com\/wp-content\/uploads\/2024\/08\/Mtech-2024.jpg 1000w, https:\/\/mtechgroup.com\/wp-content\/uploads\/2024\/08\/Mtech-2024-300x180.jpg 300w, https:\/\/mtechgroup.com\/wp-content\/uploads\/2024\/08\/Mtech-2024-768x461.jpg 768w\" sizes=\"(max-width: 800px) 100vw, 800px\" \/>\t\t\t\t\t\t\t\t\t\t\t\t\t\t\t<\/div>\n\t\t\t\t<\/div>\n\t\t\t\t<div class=\"elementor-element elementor-element-78b1200 elementor-widget elementor-widget-heading\" data-id=\"78b1200\" data-element_type=\"widget\" data-e-type=\"widget\" data-widget_type=\"heading.default\">\n\t\t\t\t<div class=\"elementor-widget-container\">\n\t\t\t\t\t<h6 class=\"elementor-heading-title elementor-size-default\">SI\u00c8GE DES TRANSPORTEURS. PINTO, MADRID  \n<\/h6>\t\t\t\t<\/div>\n\t\t\t\t<\/div>\n\t\t\t\t<div class=\"elementor-element elementor-element-22bac2e elementor-widget__width-initial elementor-widget elementor-widget-image\" data-id=\"22bac2e\" data-element_type=\"widget\" data-e-type=\"widget\" data-widget_type=\"image.default\">\n\t\t\t\t<div class=\"elementor-widget-container\">\n\t\t\t\t\t\t\t\t\t\t\t\t\t\t\t<img loading=\"lazy\" decoding=\"async\" width=\"800\" height=\"480\" src=\"https:\/\/mtechgroup.com\/wp-content\/uploads\/2024\/08\/mtech-sede-bizkaia.jpg\" class=\"attachment-large size-large wp-image-5682824\" alt=\"\" srcset=\"https:\/\/mtechgroup.com\/wp-content\/uploads\/2024\/08\/mtech-sede-bizkaia.jpg 800w, https:\/\/mtechgroup.com\/wp-content\/uploads\/2024\/08\/mtech-sede-bizkaia-300x180.jpg 300w, https:\/\/mtechgroup.com\/wp-content\/uploads\/2024\/08\/mtech-sede-bizkaia-768x461.jpg 768w\" sizes=\"(max-width: 800px) 100vw, 800px\" \/>\t\t\t\t\t\t\t\t\t\t\t\t\t\t\t<\/div>\n\t\t\t\t<\/div>\n\t\t\t\t<div class=\"elementor-element elementor-element-c498888 elementor-widget elementor-widget-heading\" data-id=\"c498888\" data-element_type=\"widget\" data-e-type=\"widget\" data-widget_type=\"heading.default\">\n\t\t\t\t<div class=\"elementor-widget-container\">\n\t\t\t\t\t<h6 class=\"elementor-heading-title elementor-size-default\">SI\u00c8GE BIZKAIA. BILBAO \n<\/h6>\t\t\t\t<\/div>\n\t\t\t\t<\/div>\n\t\t\t\t<\/div>\n\t\t\t\t\t<\/div>\n\t\t\t\t<\/div>\n\t\t<div data-particle_enable=\"false\" data-particle-mobile-disabled=\"false\" class=\"elementor-element elementor-element-f89f169 e-flex e-con-boxed e-con e-parent\" data-id=\"f89f169\" data-element_type=\"container\" data-e-type=\"container\">\n\t\t\t\t\t<div class=\"e-con-inner\">\n\t\t\t\t\t<\/div>\n\t\t\t\t<\/div>\n\t\t\t\t<section data-particle_enable=\"false\" data-particle-mobile-disabled=\"false\" class=\"elementor-section elementor-top-section elementor-element elementor-element-dd668bf elementor-hidden-desktop elementor-hidden-tablet elementor-hidden-mobile elementor-section-boxed elementor-section-height-default elementor-section-height-default\" data-id=\"dd668bf\" data-element_type=\"section\" data-e-type=\"section\">\n\t\t\t\t\t\t<div class=\"elementor-container elementor-column-gap-default\">\n\t\t\t\t\t<div class=\"elementor-column elementor-col-100 elementor-top-column elementor-element elementor-element-6ca429c\" data-id=\"6ca429c\" data-element_type=\"column\" data-e-type=\"column\">\n\t\t\t<div class=\"elementor-widget-wrap elementor-element-populated\">\n\t\t\t\t\t\t<div class=\"elementor-element elementor-element-613686a elementor-widget elementor-widget-heading\" data-id=\"613686a\" data-element_type=\"widget\" data-e-type=\"widget\" data-widget_type=\"heading.default\">\n\t\t\t\t<div class=\"elementor-widget-container\">\n\t\t\t\t\t<h3 class=\"elementor-heading-title elementor-size-default\">Projets mis en \u0153uvre<\/h3>\t\t\t\t<\/div>\n\t\t\t\t<\/div>\n\t\t\t\t<div class=\"elementor-element elementor-element-6b53014 elementor-widget elementor-widget-image\" data-id=\"6b53014\" data-element_type=\"widget\" data-e-type=\"widget\" data-widget_type=\"image.default\">\n\t\t\t\t<div class=\"elementor-widget-container\">\n\t\t\t\t\t\t\t\t\t\t\t\t\t\t\t<img loading=\"lazy\" decoding=\"async\" width=\"1200\" height=\"613\" src=\"https:\/\/mtechgroup.com\/wp-content\/uploads\/2021\/07\/mapa-sector-energia-mtech.jpg\" class=\"attachment-full size-full wp-image-5681095\" alt=\"\" srcset=\"https:\/\/mtechgroup.com\/wp-content\/uploads\/2021\/07\/mapa-sector-energia-mtech.jpg 1200w, https:\/\/mtechgroup.com\/wp-content\/uploads\/2021\/07\/mapa-sector-energia-mtech-300x153.jpg 300w, https:\/\/mtechgroup.com\/wp-content\/uploads\/2021\/07\/mapa-sector-energia-mtech-1024x523.jpg 1024w, https:\/\/mtechgroup.com\/wp-content\/uploads\/2021\/07\/mapa-sector-energia-mtech-768x392.jpg 768w\" sizes=\"(max-width: 1200px) 100vw, 1200px\" \/>\t\t\t\t\t\t\t\t\t\t\t\t\t\t\t<\/div>\n\t\t\t\t<\/div>\n\t\t\t\t\t<\/div>\n\t\t<\/div>\n\t\t\t\t\t<\/div>\n\t\t<\/section>\n\t\t\t\t<section data-particle_enable=\"false\" data-particle-mobile-disabled=\"false\" class=\"elementor-section elementor-top-section elementor-element elementor-element-7ea8f31 elementor-section-content-middle elementor-hidden-desktop elementor-hidden-tablet elementor-hidden-mobile elementor-section-boxed elementor-section-height-default elementor-section-height-default\" data-id=\"7ea8f31\" data-element_type=\"section\" data-e-type=\"section\" data-settings=\"{&quot;background_background&quot;:&quot;classic&quot;}\">\n\t\t\t\t\t\t<div class=\"elementor-container elementor-column-gap-default\">\n\t\t\t\t\t<div class=\"elementor-column elementor-col-50 elementor-top-column elementor-element elementor-element-64d239d\" data-id=\"64d239d\" data-element_type=\"column\" data-e-type=\"column\">\n\t\t\t<div class=\"elementor-widget-wrap elementor-element-populated\">\n\t\t\t\t\t\t<div class=\"elementor-element elementor-element-502f31e elementor-widget elementor-widget-heading\" data-id=\"502f31e\" data-element_type=\"widget\" data-e-type=\"widget\" data-widget_type=\"heading.default\">\n\t\t\t\t<div class=\"elementor-widget-container\">\n\t\t\t\t\t<h2 class=\"elementor-heading-title elementor-size-default\">\u00c9quipements sp\u00e9cialis\u00e9s  <\/h2>\t\t\t\t<\/div>\n\t\t\t\t<\/div>\n\t\t\t\t<div class=\"elementor-element elementor-element-d9fe5df elementor-widget elementor-widget-text-editor\" data-id=\"d9fe5df\" data-element_type=\"widget\" data-e-type=\"widget\" data-widget_type=\"text-editor.default\">\n\t\t\t\t<div class=\"elementor-widget-container\">\n\t\t\t\t\t\t\t\t\t<p style=\"text-align: right;\">Mtech dispose d&rsquo;une \u00e9quipe de plus de 100 personnes capables d&rsquo;entreprendre les projets personnalis\u00e9s les plus complexes. Le talent sp\u00e9cialis\u00e9 est l&rsquo;un de nos principaux avantages concurrentiels dans le secteur de l&rsquo;\u00e9nergie. <\/p>\t\t\t\t\t\t\t\t<\/div>\n\t\t\t\t<\/div>\n\t\t\t\t<div class=\"elementor-element elementor-element-5db0979 elementor-widget elementor-widget-counter\" data-id=\"5db0979\" data-element_type=\"widget\" data-e-type=\"widget\" data-widget_type=\"counter.default\">\n\t\t\t\t<div class=\"elementor-widget-container\">\n\t\t\t\t\t\t\t<div class=\"elementor-counter\">\n\t\t\t<div class=\"elementor-counter-title\">Sp\u00e9cialistes du secteur de l'\u00e9nergie  <\/div>\t\t\t<div class=\"elementor-counter-number-wrapper\">\n\t\t\t\t<span class=\"elementor-counter-number-prefix\">+<\/span>\n\t\t\t\t<span class=\"elementor-counter-number\" data-duration=\"2000\" data-to-value=\"40\" data-from-value=\"0\" data-delimiter=\",\">0<\/span>\n\t\t\t\t<span class=\"elementor-counter-number-suffix\"><\/span>\n\t\t\t<\/div>\n\t\t<\/div>\n\t\t\t\t\t\t<\/div>\n\t\t\t\t<\/div>\n\t\t\t\t\t<\/div>\n\t\t<\/div>\n\t\t\t\t<div class=\"elementor-column elementor-col-50 elementor-top-column elementor-element elementor-element-866ae39\" data-id=\"866ae39\" data-element_type=\"column\" data-e-type=\"column\">\n\t\t\t<div class=\"elementor-widget-wrap elementor-element-populated\">\n\t\t\t\t\t\t<div class=\"elementor-element elementor-element-56eccb5 elementor-widget elementor-widget-image\" data-id=\"56eccb5\" data-element_type=\"widget\" data-e-type=\"widget\" data-widget_type=\"image.default\">\n\t\t\t\t<div class=\"elementor-widget-container\">\n\t\t\t\t\t\t\t\t\t\t\t\t\t\t\t<img decoding=\"async\" src=\"https:\/\/mtechgroup.com\/wp-content\/uploads\/elementor\/thumbs\/equipo-mtech-1-p9fl4gwqrfytle92f70m9wjuqt5upn6p39fmf79n28.jpg\" title=\"equipo-mtech\" alt=\"equipo-mtech\" loading=\"lazy\" \/>\t\t\t\t\t\t\t\t\t\t\t\t\t\t\t<\/div>\n\t\t\t\t<\/div>\n\t\t\t\t\t<\/div>\n\t\t<\/div>\n\t\t\t\t\t<\/div>\n\t\t<\/section>\n\t\t\t\t<\/div>\n\t\t","protected":false},"excerpt":{"rendered":"<p>Secteur de l&rsquo;\u00e9nergie \u00c9nergie propre pour un syst\u00e8me \u00e9nerg\u00e9tique durable Groupe Mtech Avec plus de 25 ans d&rsquo;exp\u00e9rience, le Groupe Mtech con\u00e7oit, d\u00e9veloppe et fabrique des solutions int\u00e9grales \u00e0 360\u00ba pour les secteurs de l&rsquo;\u00e9nergie, du transport, de l&rsquo;industrie et de l&rsquo;efficacit\u00e9 \u00e9nerg\u00e9tique. De grandes marques du monde entier nous font confiance gr\u00e2ce \u00e0 notre [&hellip;]<\/p>\n","protected":false},"author":1,"featured_media":0,"parent":0,"menu_order":0,"comment_status":"closed","ping_status":"closed","template":"","meta":{"_acf_changed":false,"footnotes":""},"class_list":["post-5683331","page","type-page","status-publish","hentry"],"acf":[],"_links":{"self":[{"href":"https:\/\/mtechgroup.com\/fr\/wp-json\/wp\/v2\/pages\/5683331","targetHints":{"allow":["GET"]}}],"collection":[{"href":"https:\/\/mtechgroup.com\/fr\/wp-json\/wp\/v2\/pages"}],"about":[{"href":"https:\/\/mtechgroup.com\/fr\/wp-json\/wp\/v2\/types\/page"}],"author":[{"embeddable":true,"href":"https:\/\/mtechgroup.com\/fr\/wp-json\/wp\/v2\/users\/1"}],"replies":[{"embeddable":true,"href":"https:\/\/mtechgroup.com\/fr\/wp-json\/wp\/v2\/comments?post=5683331"}],"version-history":[{"count":2,"href":"https:\/\/mtechgroup.com\/fr\/wp-json\/wp\/v2\/pages\/5683331\/revisions"}],"predecessor-version":[{"id":5685543,"href":"https:\/\/mtechgroup.com\/fr\/wp-json\/wp\/v2\/pages\/5683331\/revisions\/5685543"}],"wp:attachment":[{"href":"https:\/\/mtechgroup.com\/fr\/wp-json\/wp\/v2\/media?parent=5683331"}],"curies":[{"name":"wp","href":"https:\/\/api.w.org\/{rel}","templated":true}]}}