{"id":5683341,"date":"2021-05-14T11:08:58","date_gmt":"2021-05-14T09:08:58","guid":{"rendered":"https:\/\/mtechgroup.com\/politique-de-confidentialite\/"},"modified":"2025-03-07T20:59:21","modified_gmt":"2025-03-07T19:59:21","slug":"politique-de-confidentialite","status":"publish","type":"page","link":"https:\/\/mtechgroup.com\/fr\/politique-de-confidentialite\/","title":{"rendered":"Politique de confidentialit\u00e9"},"content":{"rendered":"\t\t<div data-elementor-type=\"wp-page\" data-elementor-id=\"5683341\" class=\"elementor elementor-5683341 elementor-182\" data-elementor-post-type=\"page\">\n\t\t\t\t\t\t<section data-particle_enable=\"false\" data-particle-mobile-disabled=\"false\" class=\"elementor-section elementor-top-section elementor-element elementor-element-65e86f35 elementor-section-boxed elementor-section-height-default elementor-section-height-default\" data-id=\"65e86f35\" data-element_type=\"section\" data-e-type=\"section\">\n\t\t\t\t\t\t<div class=\"elementor-container elementor-column-gap-default\">\n\t\t\t\t\t<div class=\"elementor-column elementor-col-100 elementor-top-column elementor-element elementor-element-13be6fcb\" data-id=\"13be6fcb\" data-element_type=\"column\" data-e-type=\"column\">\n\t\t\t<div class=\"elementor-widget-wrap elementor-element-populated\">\n\t\t\t\t\t\t<div class=\"elementor-element elementor-element-4459e535 elementor-widget elementor-widget-heading\" data-id=\"4459e535\" data-element_type=\"widget\" data-e-type=\"widget\" data-widget_type=\"heading.default\">\n\t\t\t\t<div class=\"elementor-widget-container\">\n\t\t\t\t\t<h1 class=\"elementor-heading-title elementor-size-default\">Politique de confidentialit\u00e9<\/h1>\t\t\t\t<\/div>\n\t\t\t\t<\/div>\n\t\t\t\t<div class=\"elementor-element elementor-element-18f44140 elementor-widget elementor-widget-text-editor\" data-id=\"18f44140\" data-element_type=\"widget\" data-e-type=\"widget\" data-widget_type=\"text-editor.default\">\n\t\t\t\t<div class=\"elementor-widget-container\">\n\t\t\t\t\t\t\t\t\t<p><span class=\"resaltar\">Le Groupe Mtech<\/span> vous informe de sa politique de confidentialit\u00e9 concernant le traitement et la protection des donn\u00e9es personnelles des utilisateurs et des clients qui peuvent \u00eatre obtenues en naviguant ou en contractant des services \u00e0 travers le site web <span class=\"resaltar\">www.mtechgroup.es<\/span>.<\/p><p>\u00c0 cet \u00e9gard, le responsable du traitement garantit le respect de la l\u00e9gislation en vigueur en mati\u00e8re de protection des donn\u00e9es \u00e0 caract\u00e8re personnel, refl\u00e9t\u00e9e dans la loi organique 3\/2018 du 5 d\u00e9cembre sur la protection des donn\u00e9es \u00e0 caract\u00e8re personnel et la garantie des droits num\u00e9riques (LOPD GDD). Il se conforme \u00e9galement au r\u00e8glement (UE) 2016\/679 du Parlement europ\u00e9en et du Conseil du 27 avril 2016 relatif \u00e0 la protection des personnes physiques (GDPR). <\/p><p>L&rsquo;utilisation du site web implique l&rsquo;acceptation de la pr\u00e9sente politique de confidentialit\u00e9 ainsi que des conditions incluses dans l&rsquo;avis juridique.<\/p><h3 id=\"identidad-del-responsable\">Identit\u00e9 de la personne responsable<\/h3><ul><li>Propri\u00e9taire : SOLUCIONES TECNICAS MTECH S.L.<\/li><li>NIF\/CIF : B82283672<\/li><li>Adresse : Calle de los Alba\u00f1iles, 3. 28320 Madrid <\/li><li>Courriel : <span class=\"resaltar\">marketing@mtechgroup.com<\/span><\/li><li>Site web : <span class=\"resaltar\">mtechgroup.co.uk<\/span><\/li><\/ul><h3 id=\"principios-aplicados-en-el-tratamiento-de-datos\">Principes appliqu\u00e9s au traitement des donn\u00e9es<\/h3><p>Lors du traitement de vos donn\u00e9es personnelles, le contr\u00f4leur des donn\u00e9es appliquera les principes suivants qui sont conformes aux exigences du nouveau r\u00e8glement europ\u00e9en sur la protection des donn\u00e9es :<\/p><ul><li><strong>Principe de l\u00e9galit\u00e9, d&rsquo;\u00e9quit\u00e9 et de transparence :<\/strong> le responsable du traitement des donn\u00e9es demandera toujours votre consentement pour le traitement de vos donn\u00e9es \u00e0 caract\u00e8re personnel, qui peut \u00eatre effectu\u00e9 pour une ou plusieurs finalit\u00e9s sp\u00e9cifiques dont vous serez inform\u00e9 \u00e0 l&rsquo;avance en toute transparence.<\/li><li><strong>Principe de minimisation des donn\u00e9es :<\/strong> Le responsable du traitement ne vous demandera que les donn\u00e9es strictement n\u00e9cessaires \u00e0 la ou aux fins pour lesquelles elles sont demand\u00e9es.<\/li><li><strong>Principe de limitation de la dur\u00e9e de conservation :<\/strong> Les donn\u00e9es seront conserv\u00e9es pendant la dur\u00e9e strictement n\u00e9cessaire \u00e0 la (aux) finalit\u00e9(s) du traitement.<br>Le responsable du traitement vous informera de la p\u00e9riode de conservation pertinente en fonction de la finalit\u00e9. Dans le cas des abonnements, le responsable du traitement r\u00e9visera p\u00e9riodiquement les listes et supprimera les enregistrements qui sont inactifs depuis une p\u00e9riode de temps consid\u00e9rable. <\/li><li><strong>Principe d&rsquo;int\u00e9grit\u00e9 et de confidentialit\u00e9 :<\/strong> vos donn\u00e9es seront trait\u00e9es de mani\u00e8re \u00e0 garantir leur s\u00e9curit\u00e9, leur confidentialit\u00e9 et leur int\u00e9grit\u00e9. Sachez que le responsable du traitement prend les pr\u00e9cautions n\u00e9cessaires pour emp\u00eacher l&rsquo;acc\u00e8s non autoris\u00e9 ou l&rsquo;utilisation abusive des donn\u00e9es de ses utilisateurs par des tiers. <\/li><\/ul><h3 id=\"obtencin-de-datos-personales\">Collecte de donn\u00e9es \u00e0 caract\u00e8re personnel<\/h3><p>Vous n&rsquo;avez pas besoin de fournir de donn\u00e9es personnelles pour naviguer sur le <span class=\"resaltar\">site mtechgroup.co.uk.<\/span> Les cas dans lesquels vous devez fournir vos donn\u00e9es personnelles sont les suivants : <\/p><ul><li>En nous contactant par le biais des formulaires de contact ou en nous envoyant un courrier \u00e9lectronique.<\/li><li>Lorsque vous commentez un article ou une page.<\/li><li>En vous inscrivant \u00e0 un formulaire d&rsquo;abonnement ou \u00e0 une lettre d&rsquo;information que le Propri\u00e9taire g\u00e8re avec MailChimp.<\/li><\/ul><h3 id=\"tus-derechos\">Vos droits<\/h3><p>Le responsable du traitement vous informe que vous avez le droit d&rsquo;acc\u00e9der \u00e0 vos donn\u00e9es personnelles :<\/p><ul><li>Demander l&rsquo;acc\u00e8s aux donn\u00e9es stock\u00e9es.<\/li><li>Demander une rectification ou une annulation.<\/li><li>demander la limitation de leur traitement.<\/li><li>S&rsquo;opposer au traitement.<\/li><li>Demander la portabilit\u00e9 de vos donn\u00e9es.<\/li><\/ul><p>L&rsquo;exercice de ces droits est personnel et doit donc \u00eatre exerc\u00e9 directement par la personne concern\u00e9e, en le demandant directement au responsable du traitement, ce qui signifie que tout client, abonn\u00e9 ou collaborateur ayant fourni ses donn\u00e9es \u00e0 tout moment peut contacter le responsable du traitement et demander des informations sur les donn\u00e9es stock\u00e9es et la mani\u00e8re dont elles ont \u00e9t\u00e9 obtenues, demander la rectification des donn\u00e9es, demander la portabilit\u00e9 de ses donn\u00e9es personnelles, s&rsquo;opposer au traitement, limiter son utilisation ou demander l&rsquo;annulation de ces donn\u00e9es dans les fichiers du responsable du traitement.<\/p><p>Pour exercer vos droits d&rsquo;acc\u00e8s, de rectification, d&rsquo;annulation, de portabilit\u00e9 et d&rsquo;opposition, vous devez envoyer un courrier \u00e9lectronique \u00e0 <span class=\"resaltar\">marketing@mtechgroup.com<\/span>, accompagn\u00e9 d&rsquo;une preuve juridique valable telle qu&rsquo;une photocopie de votre carte d&rsquo;identit\u00e9 ou d&rsquo;une pi\u00e8ce d&rsquo;identit\u00e9 \u00e9quivalente.<\/p><p>Vous avez le droit de b\u00e9n\u00e9ficier d&rsquo;une protection juridictionnelle effective et d&rsquo;introduire une r\u00e9clamation aupr\u00e8s de l&rsquo;autorit\u00e9 de contr\u00f4le, en l&rsquo;occurrence l&rsquo;Agence espagnole de protection des donn\u00e9es, si vous estimez que le traitement des donn\u00e9es \u00e0 caract\u00e8re personnel vous concernant est contraire au r\u00e8glement.<\/p><h3 id=\"finalidad-del-tratamiento-de-datos-personales\">Finalit\u00e9 du traitement des donn\u00e9es \u00e0 caract\u00e8re personnel<\/h3><p>Lorsque vous vous connectez au site web pour envoyer un courrier \u00e9lectronique au propri\u00e9taire, vous abonner \u00e0 sa lettre d&rsquo;information ou conclure un contrat, vous fournissez des informations personnelles dont le propri\u00e9taire est responsable. Ces informations peuvent inclure des donn\u00e9es personnelles telles que votre adresse IP, vos nom et pr\u00e9nom, votre adresse physique, votre adresse \u00e9lectronique, votre num\u00e9ro de t\u00e9l\u00e9phone et d&rsquo;autres informations. En fournissant ces informations, vous consentez \u00e0 ce qu&rsquo;elles soient collect\u00e9es, utilis\u00e9es, g\u00e9r\u00e9es et stock\u00e9es par superadmin.es, uniquement de la mani\u00e8re d\u00e9crite dans les mentions l\u00e9gales et la pr\u00e9sente politique de confidentialit\u00e9.  <\/p><p>Les donn\u00e9es personnelles et la finalit\u00e9 du traitement par la personne concern\u00e9e diff\u00e8rent selon le syst\u00e8me de saisie de l&rsquo;information :<\/p><ul><li><strong>Formulaires de contact :<\/strong> le titulaire demande des donn\u00e9es \u00e0 caract\u00e8re personnel, qui peuvent inclure : le nom et le pr\u00e9nom, l&rsquo;adresse \u00e9lectronique, le num\u00e9ro de t\u00e9l\u00e9phone et l&rsquo;adresse de votre site web, afin de r\u00e9pondre \u00e0 vos questions.<br>Par exemple, le responsable du traitement utilise ces donn\u00e9es pour r\u00e9pondre \u00e0 vos messages, doutes, plaintes, commentaires ou pr\u00e9occupations concernant les informations contenues sur le site web, les services fournis par l&rsquo;interm\u00e9diaire du site web, le traitement de vos donn\u00e9es personnelles, les questions relatives aux textes juridiques inclus sur le site web, ainsi que toute autre question que vous pourriez avoir et qui n&rsquo;est pas soumise aux termes et conditions du site web ou du contrat.<\/li><li><strong>Formulaires d&rsquo;abonnement au contenu :<\/strong> Le Propri\u00e9taire demande les donn\u00e9es personnelles suivantes : nom et pr\u00e9nom, adresse e-mail, num\u00e9ro de t\u00e9l\u00e9phone et adresse de votre site web pour g\u00e9rer la liste d&rsquo;abonnement, envoyer des bulletins d&rsquo;information, des promotions et des offres sp\u00e9ciales.<br>Les donn\u00e9es que vous fournissez au Propri\u00e9taire seront localis\u00e9es sur les serveurs de The Rocket Science Group LLC d\/b\/a, domicili\u00e9 aux \u00c9tats-Unis (Mailchimp). <\/li><\/ul><p> <\/p><p>Il existe d&rsquo;autres raisons pour lesquelles le responsable du traitement traite vos donn\u00e9es \u00e0 caract\u00e8re personnel :<\/p><ul><li>Assurer le respect des conditions \u00e9nonc\u00e9es dans les mentions l\u00e9gales et de la l\u00e9gislation applicable. Cela peut inclure le d\u00e9veloppement d&rsquo;outils et d&rsquo;algorithmes pour aider ce site web \u00e0 assurer la confidentialit\u00e9 des donn\u00e9es personnelles qu&rsquo;il recueille. <\/li><li>Soutenir et am\u00e9liorer les services offerts par ce site web.<\/li><li>Analyser la navigation. Le propri\u00e9taire recueille d&rsquo;autres donn\u00e9es non identifiantes obtenues par l&rsquo;utilisation de cookies qui sont t\u00e9l\u00e9charg\u00e9s sur votre ordinateur lorsque vous naviguez sur le site web, dont les caract\u00e9ristiques et l&rsquo;objectif sont d\u00e9taill\u00e9s dans la politique relative aux cookies. <\/li><li>Pour g\u00e9rer les r\u00e9seaux sociaux. Le Titulaire est pr\u00e9sent sur les r\u00e9seaux sociaux. Si vous devenez un adepte des r\u00e9seaux sociaux du Titulaire, le traitement des donn\u00e9es personnelles sera r\u00e9gi par la pr\u00e9sente section, ainsi que par les conditions d&rsquo;utilisation, les politiques de confidentialit\u00e9 et les r\u00e8glements d&rsquo;acc\u00e8s propres au r\u00e9seau social qui s&rsquo;applique dans chaque cas et que vous avez pr\u00e9alablement accept\u00e9s.  <\/li><\/ul><p>Vous pouvez consulter les politiques de confidentialit\u00e9 des principaux r\u00e9seaux sociaux en cliquant sur ces liens :<\/p><ul><li>Twitter<\/li><li>Linkedin<\/li><li>YouTube<\/li><\/ul><p>Le Propri\u00e9taire traitera vos donn\u00e9es personnelles afin de g\u00e9rer correctement sa pr\u00e9sence sur le r\u00e9seau social, de vous informer de ses activit\u00e9s, produits ou services, ainsi qu&rsquo;\u00e0 toute autre fin autoris\u00e9e par les r\u00e8glements des r\u00e9seaux sociaux.<\/p><p>Le responsable du traitement n&rsquo;utilisera en aucun cas les profils des personnes qui le suivent sur les r\u00e9seaux sociaux pour envoyer de la publicit\u00e9 sur une base individuelle.<\/p><h3 id=\"seguridad-de-los-datos-personales\">S\u00e9curit\u00e9 des donn\u00e9es personnelles<\/h3><p>Pour prot\u00e9ger vos donn\u00e9es \u00e0 caract\u00e8re personnel, le contr\u00f4leur des donn\u00e9es prend toutes les pr\u00e9cautions raisonnables et suit les meilleures pratiques du secteur pour \u00e9viter la perte, l&rsquo;utilisation abusive, l&rsquo;acc\u00e8s inappropri\u00e9, la divulgation, l&rsquo;alt\u00e9ration ou la destruction de vos donn\u00e9es \u00e0 caract\u00e8re personnel.<\/p><p>Le site est h\u00e9berg\u00e9 par STRATO. La s\u00e9curit\u00e9 de vos donn\u00e9es est garantie, car ils prennent toutes les mesures de s\u00e9curit\u00e9 n\u00e9cessaires. Vous pouvez consulter leur politique de confidentialit\u00e9 pour plus d&rsquo;informations.  <\/p><h3 id=\"contenido-de-otros-sitios-web\">Contenu d&rsquo;autres sites web<\/h3><p>Les pages de ce site web peuvent contenir du contenu int\u00e9gr\u00e9 (par exemple des vid\u00e9os, des images, des articles, etc.). Le contenu int\u00e9gr\u00e9 provenant d&rsquo;autres sites web se comporte exactement de la m\u00eame mani\u00e8re que si vous aviez visit\u00e9 l&rsquo;autre site web. <\/p><p>Ces sites web peuvent collecter des donn\u00e9es vous concernant, utiliser des cookies, int\u00e9grer des codes de suivi suppl\u00e9mentaires provenant de tiers et contr\u00f4ler votre interaction avec ces codes.<\/p><h3 id=\"poltica-de-cookies\">Politique en mati\u00e8re de cookies<\/h3><p>Pour fonctionner correctement, ce site web doit utiliser des cookies, qui sont des informations stock\u00e9es dans votre navigateur web.<\/p><p>Sur la page Politique en mati\u00e8re de cookies, vous pouvez consulter toutes les informations relatives \u00e0 la politique de collecte, \u00e0 la finalit\u00e9 et au traitement des cookies.<\/p><h3 id=\"legitimacin-para-el-tratamiento-de-datos\">L\u00e9gitimation du traitement des donn\u00e9es<\/h3><p>La base juridique du traitement de vos donn\u00e9es est le consentement.<\/p><p>Pour contacter le propri\u00e9taire, vous abonner \u00e0 un bulletin d&rsquo;information ou faire des commentaires sur ce site web, vous devez accepter cette politique de confidentialit\u00e9.<\/p><h3 id=\"categoras-de-datos-personales\">Cat\u00e9gories de donn\u00e9es \u00e0 caract\u00e8re personnel<\/h3><p>Les cat\u00e9gories de donn\u00e9es \u00e0 caract\u00e8re personnel trait\u00e9es par le contr\u00f4leur des donn\u00e9es sont les suivantes :<\/p><ul><li>Donn\u00e9es d&rsquo;identification.<\/li><\/ul><h3 id=\"conservacin-de-datos-personales\">Conservation des donn\u00e9es \u00e0 caract\u00e8re personnel<\/h3><p>Les donn\u00e9es personnelles que vous fournissez au contr\u00f4leur des donn\u00e9es seront conserv\u00e9es jusqu&rsquo;\u00e0 ce que vous demandiez leur suppression.<\/p><h3 id=\"destinatarios-de-datos-personales\">Destinataires des donn\u00e9es \u00e0 caract\u00e8re personnel<\/h3><ul><li><strong>Mailchimp<\/strong> The Rocket Science Group LLC d\/b\/a , bas\u00e9 aux \u00c9tats-Unis.<br>Pour plus d&rsquo;informations, veuillez visiter : <b><a href=\"https:\/\/mailchimp.com\" target=\"_blank\" rel=\"nofollow noopener\">https:\/\/mailchimp.com<\/a><\/b><br>The Rocket Science Group LLC d\/b\/a traite les donn\u00e9es dans le but de fournir des services de marketing par courriel au titulaire.<\/li><li><strong>Google Analytics<\/strong> est un service d&rsquo;analyse du Web fourni par Google, Inc, une soci\u00e9t\u00e9 du Delaware dont le si\u00e8ge social est situ\u00e9 au 1600 Amphitheatre Parkway, Mountain View (Californie), CA 94043, \u00c9tats-Unis (\u00ab\u00a0Google\u00a0\u00bb). Vous trouverez de plus amples informations \u00e0 l&rsquo;adresse suivante <b><a href=\"https:\/\/analytics.google.com\" target=\"_blank\" rel=\"nofollow noopener\">https:\/\/analytics.google.com<\/a><\/b><br>Google Analytics utilise des \u00ab\u00a0cookies\u00a0\u00bb, qui sont des fichiers texte plac\u00e9s sur votre ordinateur, pour aider l&rsquo;exploitant du site Internet \u00e0 analyser l&rsquo;utilisation du site par ses utilisateurs. Les informations g\u00e9n\u00e9r\u00e9es par les cookies concernant votre utilisation du site (y compris votre adresse IP) seront transmises et stock\u00e9es par Google sur des serveurs situ\u00e9s aux Etats-Unis. <\/li><\/ul><p>Vous pouvez \u00e9galement consulter la liste des types de cookies utilis\u00e9s par Google et ses partenaires, ainsi que des informations sur l&rsquo;utilisation de cookies publicitaires.<\/p><h3 id=\"navegacin-web\">Navigation sur Internet<\/h3><p>Lorsque vous naviguez sur www.mtechgroup.es, des donn\u00e9es non identifiantes peuvent \u00eatre collect\u00e9es, notamment l&rsquo;adresse IP, la g\u00e9olocalisation, un enregistrement de la mani\u00e8re dont les services et les sites sont utilis\u00e9s, les habitudes de navigation et d&rsquo;autres donn\u00e9es qui ne peuvent pas \u00eatre utilis\u00e9es pour vous identifier.<\/p><p>Le site Web utilise les services d&rsquo;analyse de tiers suivants :<\/p><ul><li>Google Analytics<\/li><\/ul><p>Le propri\u00e9taire utilise les informations obtenues pour obtenir des donn\u00e9es statistiques, analyser les tendances, administrer le site, \u00e9tudier les habitudes de navigation et recueillir des informations d\u00e9mographiques.<\/p><h3 id=\"exactitud-y-veracidad-de-los-datos-personales\">Exactitude et v\u00e9racit\u00e9 des donn\u00e9es personnelles<\/h3><p>Vous vous engagez \u00e0 veiller \u00e0 ce que les donn\u00e9es fournies au contr\u00f4leur des donn\u00e9es soient correctes, compl\u00e8tes, pr\u00e9cises et \u00e0 jour, ainsi qu&rsquo;\u00e0 les maintenir d\u00fbment mises \u00e0 jour.<\/p><p>En tant qu&rsquo;utilisateur du site web, vous \u00eates seul responsable de la v\u00e9racit\u00e9 et de l&rsquo;exactitude des donn\u00e9es que vous soumettez au site, ce qui exon\u00e8re le titulaire de toute responsabilit\u00e9 \u00e0 cet \u00e9gard.<\/p><h3 id=\"aceptacin-y-consentimiento\">Acceptation et consentement<\/h3><p>En tant qu&rsquo;utilisateur du site web, vous d\u00e9clarez avoir \u00e9t\u00e9 inform\u00e9 des conditions relatives \u00e0 la protection des donn\u00e9es personnelles, vous acceptez et consentez au traitement de ces donn\u00e9es par le propri\u00e9taire de la mani\u00e8re et aux fins indiqu\u00e9es dans la pr\u00e9sente politique de confidentialit\u00e9.<\/p><h3 id=\"revocabilidad\">R\u00e9vocabilit\u00e9<\/h3><p>Pour exercer vos droits d&rsquo;acc\u00e8s, de rectification, d&rsquo;annulation, de portabilit\u00e9 et d&rsquo;opposition, vous devez envoyer un courrier \u00e9lectronique \u00e0 <span class=\"resaltar\">marketing@mtechgroup.com<\/span>, accompagn\u00e9 d&rsquo;une preuve juridique valable telle qu&rsquo;une photocopie de votre carte d&rsquo;identit\u00e9 ou d&rsquo;une pi\u00e8ce d&rsquo;identit\u00e9 \u00e9quivalente.<\/p><p>L&rsquo;exercice de vos droits n&rsquo;inclut pas les donn\u00e9es que le responsable du traitement est tenu de conserver \u00e0 des fins administratives, juridiques ou de s\u00e9curit\u00e9.<\/p><h3 id=\"cambios-en-la-poltica-de-privacidad\">Modifications de la politique de confidentialit\u00e9<\/h3><p>Le propri\u00e9taire se r\u00e9serve le droit de modifier cette politique de confidentialit\u00e9 afin de l&rsquo;adapter aux nouvelles l\u00e9gislations ou jurisprudences, ainsi qu&rsquo;aux pratiques de l&rsquo;industrie.<\/p><p>Ces politiques restent en vigueur jusqu&rsquo;\u00e0 ce qu&rsquo;elles soient modifi\u00e9es par d&rsquo;autres politiques d\u00fbment publi\u00e9es.<\/p><p><span dir=\"ltr\"> <\/span><\/p><p> <\/p>\t\t\t\t\t\t\t\t<\/div>\n\t\t\t\t<\/div>\n\t\t\t\t\t<\/div>\n\t\t<\/div>\n\t\t\t\t\t<\/div>\n\t\t<\/section>\n\t\t\t\t<\/div>\n\t\t","protected":false},"excerpt":{"rendered":"<p>Politique de confidentialit\u00e9 Le Groupe Mtech vous informe de sa politique de confidentialit\u00e9 concernant le traitement et la protection des donn\u00e9es personnelles des utilisateurs et des clients qui peuvent \u00eatre obtenues en naviguant ou en contractant des services \u00e0 travers le site web www.mtechgroup.es. \u00c0 cet \u00e9gard, le responsable du traitement garantit le respect de [&hellip;]<\/p>\n","protected":false},"author":1,"featured_media":0,"parent":0,"menu_order":0,"comment_status":"closed","ping_status":"closed","template":"","meta":{"_acf_changed":false,"footnotes":""},"class_list":["post-5683341","page","type-page","status-publish","hentry"],"acf":[],"_links":{"self":[{"href":"https:\/\/mtechgroup.com\/fr\/wp-json\/wp\/v2\/pages\/5683341","targetHints":{"allow":["GET"]}}],"collection":[{"href":"https:\/\/mtechgroup.com\/fr\/wp-json\/wp\/v2\/pages"}],"about":[{"href":"https:\/\/mtechgroup.com\/fr\/wp-json\/wp\/v2\/types\/page"}],"author":[{"embeddable":true,"href":"https:\/\/mtechgroup.com\/fr\/wp-json\/wp\/v2\/users\/1"}],"replies":[{"embeddable":true,"href":"https:\/\/mtechgroup.com\/fr\/wp-json\/wp\/v2\/comments?post=5683341"}],"version-history":[{"count":0,"href":"https:\/\/mtechgroup.com\/fr\/wp-json\/wp\/v2\/pages\/5683341\/revisions"}],"wp:attachment":[{"href":"https:\/\/mtechgroup.com\/fr\/wp-json\/wp\/v2\/media?parent=5683341"}],"curies":[{"name":"wp","href":"https:\/\/api.w.org\/{rel}","templated":true}]}}