{"id":5683920,"date":"2021-05-14T11:09:42","date_gmt":"2021-05-14T09:09:42","guid":{"rendered":"https:\/\/mtechgroup.com\/informativa-sui-cookie\/"},"modified":"2025-03-07T20:59:21","modified_gmt":"2025-03-07T19:59:21","slug":"informativa-sui-cookie","status":"publish","type":"page","link":"https:\/\/mtechgroup.com\/it\/informativa-sui-cookie\/","title":{"rendered":"Informativa sui cookie"},"content":{"rendered":"\t\t<div data-elementor-type=\"wp-page\" data-elementor-id=\"5683920\" class=\"elementor elementor-5683920 elementor-184\" data-elementor-post-type=\"page\">\n\t\t\t\t\t\t<section data-particle_enable=\"false\" data-particle-mobile-disabled=\"false\" class=\"elementor-section elementor-top-section elementor-element elementor-element-a26a133 elementor-section-boxed elementor-section-height-default elementor-section-height-default\" data-id=\"a26a133\" data-element_type=\"section\" data-e-type=\"section\">\n\t\t\t\t\t\t<div class=\"elementor-container elementor-column-gap-default\">\n\t\t\t\t\t<div class=\"elementor-column elementor-col-100 elementor-top-column elementor-element elementor-element-f4fe60a\" data-id=\"f4fe60a\" data-element_type=\"column\" data-e-type=\"column\">\n\t\t\t<div class=\"elementor-widget-wrap elementor-element-populated\">\n\t\t\t\t\t\t<div class=\"elementor-element elementor-element-1dd3192 elementor-widget elementor-widget-heading\" data-id=\"1dd3192\" data-element_type=\"widget\" data-e-type=\"widget\" data-widget_type=\"heading.default\">\n\t\t\t\t<div class=\"elementor-widget-container\">\n\t\t\t\t\t<h1 class=\"elementor-heading-title elementor-size-default\">Informativa sui cookie<\/h1>\t\t\t\t<\/div>\n\t\t\t\t<\/div>\n\t\t\t\t<div class=\"elementor-element elementor-element-bc7f011 elementor-widget elementor-widget-text-editor\" data-id=\"bc7f011\" data-element_type=\"widget\" data-e-type=\"widget\" data-widget_type=\"text-editor.default\">\n\t\t\t\t<div class=\"elementor-widget-container\">\n\t\t\t\t\t\t\t\t\t<p><span dir=\"ltr\"><strong>Mtech Group<\/strong> informa sull&#8217;utilizzo dei cookie sul proprio sito web: www.mtechgroup.es<\/span><\/p>\n<h3><b style=\"color: var( --e-global-color-text ); font-family: var( --e-global-typography-text-font-family ), Sans-serif; font-size: 1rem;\">Cosa sono i biscotti?<\/b><\/h3>\n<p>I cookie sono piccoli file di testo che vengono memorizzati sul dispositivo dell&#8217;utente Internet quando visita un sito web. \u00c8 l&#8217;operatore del sito web a stabilire che tipo di informazioni contiene il cookie e qual \u00e8 il suo scopo, che pu\u00f2 essere utilizzato dal server web ogni volta che si visita quella pagina. I cookie sono utilizzati per risparmiare tempo e rendere pi\u00f9 efficiente l&#8217;esperienza di navigazione sul web. Tuttavia, possono essere utilizzati per diversi scopi, ad esempio per ricordare i tuoi dati di accesso o i contenuti del tuo ordine d&#8217;acquisto.   <\/p>\n<p>I tipi di cookie dipendono dall&#8217;entit\u00e0 che li gestisce:<\/p>\n<p>&#8211; <strong>Cookie propri: sono<\/strong> quelli inviati al terminale dell&#8217;utente da un altro computer o dominio gestito dall&#8217;editore stesso e dal quale viene fornito il servizio richiesto dall&#8217;utente.<\/p>\n<p>&#8211; <strong>Cookie di terze parti:<\/strong> si tratta di cookie inviati al terminale dell&#8217;utente da un altro computer o dominio non gestito dall&#8217;editore, ma da un&#8217;altra entit\u00e0 che elabora i dati ottenuti attraverso i cookie.<\/p>\n<p>Tipi di cookie in base alla durata della loro attivazione:<\/p>\n<p>&#8211; <strong>Cookie di sessione:<\/strong> si tratta di un tipo di cookie progettato per raccogliere e memorizzare i dati mentre l&#8217;utente accede a una pagina web.<\/p>\n<p>&#8211; <strong>Cookie persistenti:<\/strong> si tratta di un tipo di cookie in cui i dati rimangono memorizzati nel terminale e possono essere consultati ed elaborati per un periodo definito dalla parte responsabile del cookie, che pu\u00f2 variare da pochi minuti a diversi anni.<\/p>\n<p>Tipi di cookie in base al loro scopo:<\/p>\n<p><strong>&#8211; Cookie tecnici: s<\/strong>su quelli che permettono all&#8217;utente di navigare in un sito web, una piattaforma o un&#8217;applicazione e l&#8217;utilizzo delle diverse opzioni o servizi che vi sono presenti, come, ad esempio, il controllo del traffico e della comunicazione dei dati, l&#8217;identificazione della sessione, l&#8217;accesso a parti ad accesso limitato, la memorizzazione degli elementi che compongono un ordine, l&#8217;esecuzione del processo di acquisto di un ordine, la richiesta di registrazione o la partecipazione a un evento, l&#8217;utilizzo di elementi di sicurezza durante la navigazione, la memorizzazione di contenuti per la trasmissione di video o suoni o la condivisione di contenuti attraverso i social network.<\/p>\n<p><\/p>\n<p>&#8211; <strong>Cookie di personalizzazione: si tratta di<\/strong>cookie che consentono all&#8217;utente di accedere al servizio con determinate caratteristiche generali predefinite in base a una serie di criteri presenti nel terminale dell&#8217;utente, come la lingua, il tipo di browser utilizzato per accedere al servizio, la configurazione regionale da cui si accede al servizio, ecc.<\/p>\n<p><\/p>\n<p>&#8211; <strong>Cookie di analisi: <\/strong>questi cookie consentono al responsabile di monitorare e analizzare il comportamento degli utenti dei siti web a cui sono collegati, compresa la quantificazione dell&#8217;impatto degli annunci pubblicitari. Le informazioni raccolte attraverso questo tipo di cookie vengono utilizzate per misurare l&#8217;attivit\u00e0 dei siti web, delle applicazioni o delle piattaforme, al fine di introdurre miglioramenti basati sull&#8217;analisi dei dati di utilizzo degli utenti del servizio. <\/p>\n<p><\/p>\n<p>&#8211; <strong>Cookie di pubblicit\u00e0 comportamentale: si tratta di<\/strong>cookie che memorizzano informazioni sul comportamento degli utenti ottenute attraverso l&#8217;osservazione continua delle loro abitudini di navigazione, che consentono di sviluppare un profilo specifico al fine di mostrare pubblicit\u00e0 basata sullo stesso.<\/p>\n<p><\/p>\n<p><strong>Cookie implementati da SOLUCIONES T\u00c9CNICAS MTECH S.L in www.mtechgroup.es<\/strong><\/p>\n<p><strong>&nbsp;<\/strong><\/p>\n<p>Di seguito sono elencati i cookie tecnici che utilizziamo:<\/p>\n<p><\/p>\n<p><strong>Nome: <\/strong>wordpress_test_cookie<\/p>\n<p><strong>Categoria in base allo scopo: <\/strong>Tecnico<\/p>\n<p><strong>Categoria in base alla durata: <\/strong>Sessione (non specificata)<\/p>\n<p><strong>Categoria secondo il Manager: <\/strong>Proprietario (Non specificato)<\/p>\n<p><strong>Scopo: <\/strong>Questo cookie viene utilizzato dal gestore dei contenuti di WordPress per verificare se il browser ha abilitato i cookie.<\/p>\n<p><\/p>\n<p>Il nostro sito utilizza solo i cookie analitici che l&#8217;utente accetta. I cookie impostati sul nostro sito sono i seguenti <\/p>\n<p><\/p>\n<p><strong>Nome: <\/strong>cdp-cookies-plugin-wp<\/p>\n<p><strong>Categoria in base allo scopo: <\/strong>Personalizzazione<\/p>\n<p><strong>Categoria in base alla durata: <\/strong>Persistente (1 anno)<\/p>\n<p><strong>Categoria secondo il Manager: <\/strong>Proprietario (Non specificato)<\/p>\n<p><strong>Scopo: <\/strong>Questo cookie salva l&#8217;opzione di salvare o meno i cookie nel browser dell&#8217;utente.<\/p>\n<p><\/p>\n<p><strong>IMPOSTAZIONI DEI COOKIE E REVOCA DEL CONSENSO:&nbsp;<\/strong><\/p>\n<p>Oltre al metodo presentato sul sito che consente all&#8217;utente di selezionare i cookie da utilizzare, \u00e8 possibile gestire i cookie attraverso le impostazioni del browser o del dispositivo. Nel caso in cui tu scelga di bloccarli, \u00e8 possibile che alcuni servizi che richiedono il loro utilizzo non siano disponibili per te. &nbsp;<\/p>\n<p>Puoi gestire i cookie nei seguenti punti dei browser pi\u00f9 diffusi:<\/p>\n<ul>\n<li>Internet Explorer: Strumenti -&gt; Opzioni Internet -&gt; Privacy -&gt; Impostazioni.&nbsp;<\/li>\n<\/ul>\n<p>Per maggiori informazioni, puoi consultare l&#8217;assistenza Microsoft o la Guida del browser.&nbsp;<\/p>\n<ul>\n<li>Firefox: Strumenti -&gt; Opzioni -&gt; Privacy -&gt; Cronologia -&gt; Impostazioni personalizzate.&nbsp;<\/li>\n<\/ul>\n<p>Per maggiori informazioni, puoi consultare l&#8217;assistenza Mozilla o la Guida del browser.&nbsp;<\/p>\n<ul>\n<li>Chrome: Impostazioni -&gt; Mostra opzioni avanzate -&gt; Privacy -&gt; Impostazioni dei contenuti.&nbsp;<\/li>\n<\/ul>\n<p>Per maggiori informazioni, puoi consultare il supporto di Google o la Guida del browser.&nbsp;<\/p>\n<ul>\n<li>Safari: Preferenze -&gt; Sicurezza.<\/li>\n<\/ul>\n<p>Per maggiori informazioni, puoi consultare il supporto Apple o l&#8217;Aiuto del browser.<\/p>\t\t\t\t\t\t\t\t<\/div>\n\t\t\t\t<\/div>\n\t\t\t\t\t<\/div>\n\t\t<\/div>\n\t\t\t\t\t<\/div>\n\t\t<\/section>\n\t\t\t\t<section data-particle_enable=\"false\" data-particle-mobile-disabled=\"false\" class=\"elementor-section elementor-top-section elementor-element elementor-element-db4f7d4 elementor-section-boxed elementor-section-height-default elementor-section-height-default\" data-id=\"db4f7d4\" data-element_type=\"section\" data-e-type=\"section\">\n\t\t\t\t\t\t<div class=\"elementor-container elementor-column-gap-default\">\n\t\t\t\t\t<div class=\"elementor-column elementor-col-100 elementor-top-column elementor-element elementor-element-ae92ff5\" data-id=\"ae92ff5\" data-element_type=\"column\" data-e-type=\"column\">\n\t\t\t<div class=\"elementor-widget-wrap\">\n\t\t\t\t\t\t\t<\/div>\n\t\t<\/div>\n\t\t\t\t\t<\/div>\n\t\t<\/section>\n\t\t\t\t<\/div>\n\t\t","protected":false},"excerpt":{"rendered":"<p>Informativa sui cookie Mtech Group informa sull&#8217;utilizzo dei cookie sul proprio sito web: www.mtechgroup.es Cosa sono i biscotti? I cookie sono piccoli file di testo che vengono memorizzati sul dispositivo dell&#8217;utente Internet quando visita un sito web. \u00c8 l&#8217;operatore del sito web a stabilire che tipo di informazioni contiene il cookie e qual \u00e8 il [&hellip;]<\/p>\n","protected":false},"author":1,"featured_media":0,"parent":0,"menu_order":0,"comment_status":"closed","ping_status":"closed","template":"","meta":{"_acf_changed":false,"footnotes":""},"class_list":["post-5683920","page","type-page","status-publish","hentry"],"acf":[],"_links":{"self":[{"href":"https:\/\/mtechgroup.com\/it\/wp-json\/wp\/v2\/pages\/5683920","targetHints":{"allow":["GET"]}}],"collection":[{"href":"https:\/\/mtechgroup.com\/it\/wp-json\/wp\/v2\/pages"}],"about":[{"href":"https:\/\/mtechgroup.com\/it\/wp-json\/wp\/v2\/types\/page"}],"author":[{"embeddable":true,"href":"https:\/\/mtechgroup.com\/it\/wp-json\/wp\/v2\/users\/1"}],"replies":[{"embeddable":true,"href":"https:\/\/mtechgroup.com\/it\/wp-json\/wp\/v2\/comments?post=5683920"}],"version-history":[{"count":0,"href":"https:\/\/mtechgroup.com\/it\/wp-json\/wp\/v2\/pages\/5683920\/revisions"}],"wp:attachment":[{"href":"https:\/\/mtechgroup.com\/it\/wp-json\/wp\/v2\/media?parent=5683920"}],"curies":[{"name":"wp","href":"https:\/\/api.w.org\/{rel}","templated":true}]}}