{"id":5684200,"date":"2021-05-14T11:08:31","date_gmt":"2021-05-14T09:08:31","guid":{"rendered":"https:\/\/mtechgroup.com\/avviso-legale\/"},"modified":"2025-03-07T21:31:21","modified_gmt":"2025-03-07T20:31:21","slug":"avviso-legale","status":"publish","type":"page","link":"https:\/\/mtechgroup.com\/it\/avviso-legale\/","title":{"rendered":"Avviso legale"},"content":{"rendered":"\t\t<div data-elementor-type=\"wp-page\" data-elementor-id=\"5684200\" class=\"elementor elementor-5684200 elementor-180\" data-elementor-post-type=\"page\">\n\t\t\t\t\t\t<section data-particle_enable=\"false\" data-particle-mobile-disabled=\"false\" class=\"elementor-section elementor-top-section elementor-element elementor-element-7b20106c elementor-section-content-middle elementor-section-boxed elementor-section-height-default elementor-section-height-default\" data-id=\"7b20106c\" data-element_type=\"section\" data-e-type=\"section\">\n\t\t\t\t\t\t<div class=\"elementor-container elementor-column-gap-no\">\n\t\t\t\t\t<div class=\"elementor-column elementor-col-100 elementor-top-column elementor-element elementor-element-7e62c393\" data-id=\"7e62c393\" data-element_type=\"column\" data-e-type=\"column\" data-settings=\"{&quot;background_background&quot;:&quot;slideshow&quot;,&quot;background_slideshow_gallery&quot;:[],&quot;background_slideshow_loop&quot;:&quot;yes&quot;,&quot;background_slideshow_slide_duration&quot;:5000,&quot;background_slideshow_slide_transition&quot;:&quot;fade&quot;,&quot;background_slideshow_transition_duration&quot;:500}\">\n\t\t\t<div class=\"elementor-widget-wrap elementor-element-populated\">\n\t\t\t\t\t\t<div class=\"elementor-element elementor-element-67a0fe21 elementor-widget elementor-widget-heading\" data-id=\"67a0fe21\" data-element_type=\"widget\" data-e-type=\"widget\" data-widget_type=\"heading.default\">\n\t\t\t\t<div class=\"elementor-widget-container\">\n\t\t\t\t\t<h1 class=\"elementor-heading-title elementor-size-default\">Avviso legale<\/h1>\t\t\t\t<\/div>\n\t\t\t\t<\/div>\n\t\t\t\t<div class=\"elementor-element elementor-element-3fac71da elementor-widget elementor-widget-text-editor\" data-id=\"3fac71da\" data-element_type=\"widget\" data-e-type=\"widget\" data-widget_type=\"text-editor.default\">\n\t\t\t\t<div class=\"elementor-widget-container\">\n\t\t\t\t\t\t\t\t\t<p><\/p>\n<article id=\"post-5674521\" class=\"post-5674521 page type-page status-publish hentry\">\n<div class=\"entry-content\">\n<div class=\"vc_row wpb_row vc_row-fluid\">\n<div class=\"wpb_column vc_column_container vc_col-sm-12\">\n<div class=\"vc_column-inner\">\n<div class=\"wpb_wrapper\">\n<div class=\"vc_wp_text wpb_content_element\">\n<div class=\"widget widget_text\">\n<div class=\"textwidget\">\n<div><b>&nbsp;<\/b><\/div>\n<\/div>\n<ul>\n<li><strong>AVVISO LEGALE<\/strong><\/li>\n<li><strong>DIRITTI DI PROPRIET\u00c0 INTELLETTUALE E INDUSTRIALE  <\/strong><\/li>\n<li><strong>ESENZIONE DI RESPONSABILIT\u00c0  <\/strong><\/li>\n<li><strong>PROTEZIONE DEI DATI E POLITICA SULLA PRIVACY<\/strong><\/li>\n<li><strong>OBBLIGO DI INFORMARE L&#8217;INTERESSATO SUL TRATTAMENTO DEI DATI INFORMAZIONI AGGIUNTIVE. GDPR (UE) 2016\/679 DEL 27 APRILE 2016 E LOPD 3\/2018 DEL 5 DICEMBRE 2018. <\/strong><\/li>\n<li><strong>TRATTAMENTO DEI DATI E RISERVATEZZA SUL SITO WEB<\/strong><\/li>\n<li><strong>MODIFICA DELL&#8217;INFORMATIVA SULLA PROTEZIONE DEI DATI E SULLA PRIVACY<\/strong><\/li>\n<li><strong>POLITICA ANTI-SPAM<\/strong><\/li>\n<li><strong>LEGGE APPLICABILE E GIURISDIZIONE<\/strong><\/li>\n<li><strong>COPYRIGHT<\/strong><\/li>\n<\/ul>\n<p><strong>&nbsp;<\/strong><\/p>\n<p><strong>&nbsp;<\/strong><\/p>\n<p><strong><u>AVVISO LEGALE<\/u><\/strong><\/p>\n<p>SOLUCIONES T\u00c9CNICAS MTECH S.L con C.I.F. B82283672 e indirizzo in C\/ Alba\u00f1iles, 3 C.P.: 28320 &#8211; Pinto (MADRID).<\/p>\n<p><\/p>\n<p>Registro Mercantile di Madrid, Volume: 14037 Folio: 143 Sezione: 8 Pagina: M 230349<\/p><p><span style=\"background-color: transparent; color: var( --e-global-color-text ); font-family: var( --e-global-typography-text-font-family ), Sans-serif; font-weight: var( --e-global-typography-text-font-weight );\">1. Le presenti condizioni generali regolano l&#8217;accesso e l&#8217;utilizzo del sito web che SOLUCIONES T\u00c9CNICAS MTECH S.L mette liberamente a disposizione degli utenti di Internet. L&#8217;accesso, la navigazione e l&#8217;utilizzo di questo sito web implicano l&#8217;accettazione dei termini e delle condizioni contenute nel presente documento, a condizione che tali termini siano conformi ai requisiti di legge e non violino alcun diritto. Si raccomanda pertanto all&#8217;utente di leggerli attentamente prima di navigare sul sito. L&#8217;utilizzo di alcuni servizi offerti su questo sito sar\u00e0 inoltre regolato dalle condizioni specifiche previste in ciascun caso, che si intendono accettate con il semplice utilizzo di tali servizi.   <\/span><\/p><p><span style=\"background-color: transparent; color: var( --e-global-color-text ); font-family: var( --e-global-typography-text-font-family ), Sans-serif; font-weight: var( --e-global-typography-text-font-weight );\">2. Gli utenti che accedono al sito web sono espressamente autorizzati a visualizzare tutte le informazioni, a stampare e a scaricare parzialmente i contenuti solo ed esclusivamente se sono soddisfatte le seguenti condizioni:&nbsp;<\/span><\/p>\n<p>2.1) Quando gli elementi riprodotti sono destinati esclusivamente all&#8217;uso personale e privato dell&#8217;utente. \u00c8 pertanto espressamente vietato utilizzarli per scopi commerciali o per la distribuzione, la comunicazione pubblica, la trasformazione o la decompilazione, compreso l&#8217;invio per e-mail. \u00c8 altres\u00ec vietato trasferire o trasmettere tali contenuti a terzi o installarli su qualsiasi server collegato, direttamente o indirettamente, a una rete locale o a Internet, in modo che un gruppo di terzi possa avere accesso a tali informazioni.  &nbsp;<\/p>\n<p><\/p>\n<p>2.2) Che nessuno dei contenuti relativi a questo sito web venga modificato in alcun modo.&nbsp;<\/p>\n<p><\/p>\n<p>2.3) Che nessun elemento grafico, icona o immagine disponibile su questo sito web venga utilizzato, copiato o distribuito separatamente dal testo o dal resto delle immagini che lo accompagnano. Qualsiasi violazione dei divieti e delle limitazioni contenute in questa sezione, cos\u00ec come in una qualsiasi delle seguenti, sar\u00e0 considerata una violazione dei diritti di propriet\u00e0 intellettuale di SOLUCIONES T\u00c9CNICAS MTECH S.L. e dar\u00e0 luogo alle responsabilit\u00e0 legalmente stabilite a tal fine, e potr\u00e0 essere perseguita da quest&#8217;ultima attraverso l&#8217;esercizio delle azioni amministrative, civili o penali che, se del caso, le corrispondono. <\/p>\n<p><strong>&nbsp;<\/strong><\/p>\n<p><strong>&nbsp;<\/strong><\/p>\n<p><strong><u>DIRITTI DI PROPRIET\u00c0 INTELLETTUALE E INDUSTRIALE<\/u><\/strong><\/p>\n<p><\/p>\n<p>I diritti di propriet\u00e0 intellettuale del Sito, cos\u00ec come il suo design, la struttura di navigazione, i codici sorgente, i database e ciascuno dei diversi elementi in esso contenuti sono di propriet\u00e0 di SOLUCIONES T\u00c9CNICAS MTECH S.L, che ha i diritti esclusivi di sfruttarli in qualsiasi forma e, in particolare, i diritti di riproduzione, distribuzione, comunicazione pubblica e trasformazione.<\/p>\n<p><\/p>\n<p>L&#8217;Utente riconosce e accetta che tutti i diritti di propriet\u00e0 industriale e intellettuale sui contenuti e\/o su qualsiasi altro elemento inserito nel Sito Web (compresi, a titolo esemplificativo e non esaustivo, tutti gli elementi che compongono l&#8217;aspetto visivo, l&#8217;immagine grafica e altri stimoli sensoriali delle pagine Web che compongono il Sito Web &#8220;&#8221;, marchi, loghi, nomi commerciali, testi, recensioni e commenti, immagini, grafici, disegni, suoni, database, software, diagrammi di flusso, presentazioni, architetture di navigazione, nonch\u00e9 i codici sorgente delle pagine web appartengono a SOLUCIONES T\u00c9CNICAS MTECH S.L e\/o a terzi che ne hanno trasferito i diritti. A tal fine, per Sito Web si intendono tutte quelle creazioni incorporate ed espresse da qualsiasi supporto e\/o supporto materiale o immateriale, conosciuto o da conoscere, che sono soggette alla protezione della normativa vigente in materia di propriet\u00e0 intellettuale e industriale. <\/p>\n<p><\/p>\n<p>\u00c8 autorizzata la mera visualizzazione, stampa, download o memorizzazione temporanea, totale o parziale, dei contenuti e\/o degli elementi inseriti nel Sito o nelle pagine che lo compongono esclusivamente per uso personale, privato e senza scopo di lucro da parte dell&#8217;utente, a condizione che in tutti i casi sia indicata l&#8217;origine e\/o l&#8217;autore degli stessi e che, ove opportuno, compaiano il simbolo del copyright e\/o le note di propriet\u00e0 industriale dei rispettivi proprietari.<\/p>\n<p><\/p>\n<p>In nessun caso l&#8217;accesso al Sito Web implica alcun tipo di permesso, rinuncia, trasmissione, licenza o trasferimento totale o parziale di tali diritti da parte dei proprietari, a meno che non sia espressamente stabilito altrimenti. Le presenti condizioni di utilizzo del Sito web non concedono agli Utenti alcun altro diritto di utilizzo, alterazione, sfruttamento, riproduzione, distribuzione o comunicazione pubblica del Sito web e\/o dei suoi Contenuti oltre a quelli espressamente previsti nel presente documento. Qualsiasi altro utilizzo o sfruttamento di altri diritti sar\u00e0 soggetto alla preventiva ed espressa autorizzazione specificamente concessa a tal fine da SOLUCIONES T\u00c9CNICAS MTECH S.Lo, ove applicabile, dal terzo titolare dei diritti in questione.  <\/p>\n<p><\/p>\n<p>\u00c8 severamente vietato l&#8217;uso di tali elementi, la loro riproduzione totale o parziale, la comunicazione e\/o distribuzione a fini commerciali o lucrativi, nonch\u00e9 la loro modifica, alterazione, decompilazione e\/o qualsiasi altro atto di sfruttamento del Sito web, delle sue pagine e\/o dei contenuti in esse incorporati. Per qualsiasi uso diverso da quelli espressamente consentiti, sar\u00e0 necessario ottenere il preventivo consenso scritto del titolare dei diritti in questione. <\/p>\n<p><br><\/p>\n<p><strong><u>ESENZIONE DI RESPONSABILIT\u00c0<\/u><\/strong><\/p>\n<p><\/p>\n<ol>\n<li>SOLUCIONES T\u00c9CNICAS MTECH S.L si riserva il diritto di modificare e aggiornare il contenuto di questo sito web in qualsiasi momento. Le modifiche non saranno retroattive, pertanto non influiranno su ci\u00f2 che \u00e8 stato fatto in precedenza, cio\u00e8 prima dell&#8217;implementazione di tali modifiche. <\/li>\n<\/ol>\n<ol start=\"2\">\n<li>SOLUCIONES T\u00c9CNICAS MTECH S.L ha fatto del suo meglio per garantire che la rappresentazione dell&#8217;immagine su questo sito web sia il pi\u00f9 fedele possibile alla realt\u00e0. Tuttavia, alcune caratteristiche potrebbero non essere percepite correttamente dalle immagini o subire alterazioni a seconda della qualit\u00e0 e delle condizioni del tuo monitor. <\/li>\n<\/ol>\n<ol start=\"3\">\n<li>Tenendo conto delle condizioni mutevoli di questo sito web e della possibilit\u00e0 che si verifichino errori nella memorizzazione e nella trasmissione di informazioni digitali, SOLUCIONES T\u00c9CNICAS MTECH S.L non garantisce l&#8217;accuratezza e la sicurezza delle informazioni trasmesse o ottenute attraverso questo sito web, anche se metter\u00e0 in atto diligentemente i suoi migliori sforzi per, se del caso, evitarli, correggerli o aggiornare tali contenuti il prima possibile.<\/li>\n<\/ol>\n<ol start=\"4\">\n<li>Nel caso in cui il nostro sito web contenga link ad altri siti web e materiali di terze parti, tali link sono forniti a titolo puramente informativo, senza che SOLUCIONES T\u00c9CNICAS MTECH S.L. abbia il controllo sul contenuto di tali siti web o materiali, non potendo garantire l&#8217;assenza di virus o altri elementi in essi contenuti che possano causare alterazioni nel sistema informatico (hardware e software), nei documenti o nei file dell&#8217;utente ed escludendo qualsiasi responsabilit\u00e0 per danni di qualsiasi tipo causati all&#8217;utente per questo motivo. Pertanto, non ci assumiamo alcuna responsabilit\u00e0 per i danni di qualsiasi tipo causati all&#8217;utente per questo motivo. <\/li>\n<\/ol>\n<ol start=\"5\">\n<li>L&#8217;utente che accede e naviga su questo sito web si impegna a non effettuare alcun ordine falso o fraudolento e a utilizzarlo con diligenza e nei limiti validi della legislazione vigente. L&#8217;accesso a questo sito web e l&#8217;uso che pu\u00f2 essere fatto delle informazioni in esso contenute sono di esclusiva responsabilit\u00e0 dell&#8217;utente. L&#8217;utente non deve abusare di questo sito web introducendo intenzionalmente virus, trojan, worm o qualsiasi altro programma o materiale tecnologicamente dannoso o nocivo. L&#8217;utente non tenter\u00e0 di ottenere un accesso non autorizzato a questo sito web, al server su cui \u00e8 ospitato il sito web o a qualsiasi server, computer o database collegato al nostro sito web. L&#8217;utente si impegna a non attaccare questo sito web attraverso un attacco di negazione del servizio o un attacco distribuito di negazione del servizio. SOLUCIONES T\u00c9CNICAS MTECH S.L. non sar\u00e0 responsabile di alcuna conseguenza o danno che possa derivare da tale accesso o dall&#8217;uso negligente da parte dell&#8217;utente delle informazioni contenute in questo sito web.     <\/li>\n<\/ol>\n<ol start=\"6\">\n<li>Allo stesso modo, SOLUCIONES T\u00c9CNICAS MTECH S.L \u00e8 titolare dei diritti di propriet\u00e0 industriale relativi ai suoi prodotti e servizi, e in particolare di quelli relativi al marchio registrato. Per quanto riguarda le citazioni di prodotti e servizi di terzi, SOLUCIONES T\u00c9CNICAS MTECH S.L riconosce i corrispondenti diritti di propriet\u00e0 industriale e intellettuale a favore dei loro proprietari e la loro semplice menzione o apparizione sul sito web non implica l&#8217;esistenza di alcun diritto o responsabilit\u00e0 di SOLUCIONES T\u00c9CNICAS MTECH S.L su di essi, n\u00e9 alcun avallo, sponsorizzazione o raccomandazione da parte di SOLUCIONES T\u00c9CNICAS MTECH S.L. <\/li>\n<\/ol>\n<ol start=\"7\">\n<li>L&#8217;uso non autorizzato di qualsiasi informazione contenuta in questo sito web, la sua rivendita, cos\u00ec come qualsiasi violazione dei diritti di Propriet\u00e0 Intellettuale o Industriale di SOLUCIONES T\u00c9CNICAS MTECH S.L. daranno luogo alle responsabilit\u00e0 previste dalla legge.<\/li>\n<\/ol>\n<ol start=\"8\">\n<li>Qualsiasi link di terze parti a questo sito web deve essere diretto alla home page o alla pagina di iscrizione.<\/li>\n<\/ol><div><br><\/div>\n<p><strong><u>PROTEZIONE DEI DATI E POLITICA SULLA PRIVACY<\/u><\/strong><\/p>\n<p><\/p>\n<p>SOLUCIONES T\u00c9CNICAS MTECH S.L, d&#8217;ora in poi responsabile di questo sito web e in conformit\u00e0 con le disposizioni della legislazione vigente in materia di protezione dei dati personali, il RGPD (UE) 2016\/679, del 27 aprile, e la LOPD 3\/2018, del 5 dicembre, e con le disposizioni della LSSI-CE 34\/2002, dell&#8217;11 giugno, ha implementato politiche, mezzi e procedure per garantire e proteggere la privacy dei dati personali dei suoi UTENTI.<\/p>\n<p><\/p>\n<p><strong><u>OBBLIGO DI INFORMARE L&#8217;INTERESSATO SUL TRATTAMENTO DEI DATI INFORMAZIONI AGGIUNTIVE. GDPR (UE) 2016\/679 DEL 27 APRILE 2016 E LOPD 3\/2018 DEL 5 DICEMBRE 2018. <\/u><\/strong><\/p>\n<p><\/p>\n<p>In ottemperanza a quanto previsto dagli artt. 13 e 14 del RGPD (UE) 2016\/679, del 27 aprile, e dall&#8217;art. 11 della LOPD 3\/2018, del 5 dicembre, forniamo all&#8217;interessato ulteriori informazioni in merito al trattamento dei suoi dati personali.<\/p>\n<p>L&#8217;attivit\u00e0 di trattamento \u00e8 CONTATTI VIA WEB CLIENTI, con sede in www.mtechgroup.es. Il titolare del trattamento \u00e8: SOLUCIONES T\u00c9CNICAS MTECH S.L, con C.I.F.: B82283672, e indirizzo in C\/ Alba\u00f1iles, 3 C.P.: 28320 &#8211; Pinto (MADRID). La finalit\u00e0 del trattamento \u00e8: Gestione attraverso il sito web di richieste relative all&#8217;attivit\u00e0 del titolare del trattamento. Il tipo di dati dell&#8217;interessato \u00e8 il seguente: Nome e cognome; E-mail; Metadati di connessione. Il termine per la cancellazione di questi dati \u00e8 il tempo necessario per la risoluzione della richiesta dell&#8217;utente. Non sono previste profilazioni o decisioni automatizzate. La base giuridica del trattamento \u00e8 il legittimo interesse del titolare del trattamento. In relazione ai destinatari, il Titolare del trattamento pu\u00f2 trasferire i dati personali forniti a destinatari e fornitori dei servizi forniti, purch\u00e9 limitatamente alle finalit\u00e0 che lo giustificano, nonch\u00e9 ai trasferimenti previsti dalla normativa applicabile. Le categorie di destinatari a cui il Titolare pu\u00f2 trasferire i dati personali dell&#8217;interessato sono: Responsabili del trattamento legati alle finalit\u00e0 del Titolare; Fornitori di servizi legati alle finalit\u00e0 del Titolare. L&#8217;elenco dei Responsabili del trattamento e\/o dei Fornitori di servizi che hanno accesso ai dati senza autorizzazione al trattamento \u00e8 disponibile all&#8217;indirizzo: C\/ Alba\u00f1iles 3 &#8211; 28320 Pinto, Madrid. Per quanto riguarda invece i trasferimenti internazionali, \u00e8 previsto che non avvenga alcun trasferimento internazionale di dati personali. Per quanto riguarda i diritti che l&#8217;interessato ha in relazione ai propri dati, potr\u00e0 esercitare i diritti di accesso, rettifica, soppressione, limitazione del trattamento, opposizione, revoca, diritto alla portabilit\u00e0 dei propri dati, diritto di revocare il consenso prestato, esercitando i propri diritti contattando SOLUCIONES T\u00c9CNICAS MTECH S.L in qualit\u00e0 di responsabile: administracion@mtechgroup.com o C\/ Alba\u00f1iles, 3 C.P.: 28320 &#8211; Pinto (Madrid). Allo stesso modo, l&#8217;interessato ha il diritto di presentare un reclamo all&#8217;Autorit\u00e0 di controllo per la protezione dei dati, l&#8217;Agenzia spagnola per la protezione dei dati (AEPD).            <\/p>\n<p><\/p>\n<p>Il titolare del trattamento \u00e8 CONTACTS WEB HR &#8211; WORK WITH US, con sede in www.mtechgroup.es. Il titolare del trattamento \u00e8: SOLUCIONES T\u00c9CNICAS MTECH S.L, con C.I.F.: B82283672, e indirizzo in C\/ Alba\u00f1iles, 3 C.P.: 28320 &#8211; Pinto (MADRID). Lo scopo del trattamento \u00e8 quello di: Candidatura a posizioni lavorative con inserimento del CV attraverso il sito web. Il tipo di dati dell&#8217;interessato \u00e8 il seguente: Nome e cognome; E-mail; Indirizzo IP di connessione; Curriculum Vitae. I dati saranno conservati per tutta la durata del processo di selezione fino alla copertura della posizione offerta. Non sono previste profilazione e decisioni automatizzate. Per quanto riguarda la base giuridica del trattamento, si tratta del legittimo interesse del titolare del trattamento. In relazione ai destinatari, il Titolare del trattamento pu\u00f2 trasferire i dati personali forniti ai destinatari e ai fornitori dei servizi forniti, a condizione che ci\u00f2 sia limitato alle finalit\u00e0 che lo giustificano, nonch\u00e9 ai trasferimenti previsti dalla normativa applicabile. Le categorie di destinatari a cui il Titolare del trattamento pu\u00f2 trasferire i dati personali dell&#8217;interessato sono: Fornitori di servizi connessi alle finalit\u00e0 del Titolare. L&#8217;elenco dei responsabili del trattamento e\/o dei fornitori di servizi che hanno accesso ai dati senza autorizzazione al trattamento \u00e8 disponibile all&#8217;indirizzo: C\/ Alba\u00f1iles 3 &#8211; 28320 Pinto, Madrid. Per quanto riguarda invece i trasferimenti internazionali, \u00e8 previsto che non avvenga alcun trasferimento internazionale di dati personali. Per quanto riguarda i diritti che l&#8217;interessato ha in relazione ai propri dati, potr\u00e0 esercitare i diritti di accesso, rettifica, soppressione, limitazione del trattamento, opposizione, revoca, diritto alla portabilit\u00e0 dei propri dati, diritto di revocare il consenso prestato, esercitando i propri diritti contattando SOLUCIONES T\u00c9CNICAS MTECH S.L in qualit\u00e0 di responsabile: administracion@mtechgroup.com o C\/ Alba\u00f1iles, 3 C.P.: 28320 &#8211; Pinto (Madrid). Allo stesso modo, l&#8217;interessato ha il diritto di presentare un reclamo all&#8217;Autorit\u00e0 di controllo per la protezione dei dati, l&#8217;Agenzia spagnola per la protezione dei dati (AEPD).            <\/p>\n<p><\/p>\n<p>Le informazioni sulla protezione dei dati possono essere consultate dall&#8217;interessato in qualsiasi momento presso C\/ Alba\u00f1iles 3 &#8211; 28320 Pinto, Madrid.<\/p>\n<p><\/p>\n<p><strong><u>TRATTAMENTO DEI DATI E RISERVATEZZA SUL SITO WEB<\/u><\/strong><\/p>\n<p><\/p>\n<p>I dati forniti saranno incorporati in attivit\u00e0 di trattamento la cui titolarit\u00e0 e responsabilit\u00e0 \u00e8 di SOLUCIONES T\u00c9CNICAS MTECH S.L, e saranno trattati con assoluta riservatezza.&nbsp;<\/p>\n<p><\/p>\n<p>Il soggetto responsabile del trattamento, nonch\u00e9 i soggetti coinvolti in qualsiasi fase del trattamento e\/o i soggetti a cui i dati sono stati comunicati &#8211; in virt\u00f9 dell&#8217;autorizzazione rilasciata dall&#8217;UTENTE &#8211; sono obbligati a rispettare il segreto professionale e ad adottare i livelli di protezione e le misure tecniche e organizzative necessarie alla loro portata per garantire la sicurezza dei dati personali, evitando, per quanto possibile, accessi non autorizzati, modifiche illecite, furto e\/o perdita dei dati.&nbsp;<\/p>\n<p><\/p>\n<p>Tuttavia, gli UTENTI sono avvertiti e informati che tali misure tecniche non sono n\u00e9 infallibili n\u00e9 inespugnabili e, per questo motivo, il Titolare del trattamento non pu\u00f2 essere ritenuto responsabile di tali pratiche o delle loro conseguenze.&nbsp;<\/p>\n<p><\/p>\n<p>I dati personali degli UTENTI, insieme a quelli derivanti dall&#8217;accesso, dall&#8217;utilizzo o dalla contrattazione del servizio, possono essere oggetto di trattamento automatizzato e trasferiti solo nelle modalit\u00e0 e per le finalit\u00e0 stabilite ed espressamente autorizzate dagli UTENTI.&nbsp;&nbsp;<\/p>\n<p><strong><u>MODIFICA DELL&#8217;INFORMATIVA SULLA PROTEZIONE DEI DATI E SULLA PRIVACY<\/u><\/strong><\/p>\n<p><\/p>\n<p>Infine, ti informiamo che il Titolare del trattamento si riserva il diritto di modificare la presente informativa sulla protezione dei dati, sulla privacy e sui cookie al fine di adeguarla a nuove leggi o giurisprudenze, nonch\u00e9 a modifiche o pratiche del settore, pur dando debita comunicazione delle modifiche che verranno introdotte e del momento in cui entreranno pienamente in vigore.&nbsp;<\/p>\n<p><\/p>\n<p><strong><u>POLITICA ANTI-SPAM<\/u><\/strong><\/p>\n<p><\/p>\n<p>Le persone che ricevono comunicazioni, informazioni, newsletter, pubblicit\u00e0 elettronica da SOLUCIONES T\u00c9CNICAS MTECH S.L. le ricevono per i seguenti motivi:&nbsp;<\/p>\n<p><\/p>\n<p>&#8211; Con la registrazione online da questa pagina.&nbsp;<\/p>\n<p><\/p>\n<p>&#8211; Tramite registrazione online dalle pagine dei partner.<\/p>\n<p><\/p>\n<p>&#8211; Per richiesta di informazioni sui nostri prodotti e servizi.&nbsp;<\/p>\n<p><\/p>\n<p>&#8211; Per aver fornito i tuoi dati a uno dei nostri Collaboratori o Dipendenti.&nbsp;<\/p>\n<p><\/p>\n<p>&#8211; Tramite la registrazione offline durante la compilazione di moduli, bollettini, applicazioni, ecc. offerti in occasione di fiere, uffici o collaborazioni, tra gli altri, e archiviati per ulteriori verifiche per un periodo di 5 anni.<\/p>\n<p><\/p>\n<p>Le nostre comunicazioni non vogliono raggiungere persone che non desiderano riceverle. Per questo motivo, e al fine di correggere la situazione che a volte pu\u00f2 verificarsi, come ad esempio la registrazione di un&#8217;altra persona senza il suo consenso, abbiamo incorporato un filtro in questo sistema di iscrizione basato su una &#8220;lista di non contatto&#8221;, che impedisce l&#8217;invio di comunicazioni commerciali a qualsiasi indirizzo e-mail incluso nella lista.<\/p>\n<p><\/p>\n<p>Pertanto, se non desideri ricevere comunicazioni commerciali da parte nostra e impedire che qualcuno ti registri contro la tua volont\u00e0, ti preghiamo di contattarci attraverso le modalit\u00e0 stabilite per ciascuna attivit\u00e0 di trattamento e inseriremo nella &#8220;lista di non contatto&#8221; l&#8217;indirizzo a cui richiedere la cancellazione del trattamento.&nbsp;<\/p>\n<p><\/p>\n<p>Se hai problemi a eseguire questa operazione per via elettronica, non esitare a contattarci al nostro numero di telefono durante gli orari d&#8217;ufficio, dove un addetto ti risponder\u00e0 personalmente per eseguire la procedura.<\/p>\n<p><\/p>\n<p><strong><u>LEGGE APPLICABILE E GIURISDIZIONE<\/u><\/strong><\/p>\n<p>La legislazione applicabile in caso di controversia o conflitto di interpretazione dei termini che compongono il presente Avviso Legale, cos\u00ec come per qualsiasi questione relativa ai servizi di questo sito web, sar\u00e0 la legge spagnola.<\/p>\n<p><\/p>\n<p>Per la risoluzione di qualsiasi conflitto che possa sorgere dalla visita al sito web, SOLUCIONES T\u00c9CNICAS MTECH S.L e l&#8217;utente accettano di sottoporsi alla giurisdizione non esclusiva dei tribunali commerciali di Madrid.<\/p>\n<p><\/p>\n<p><strong><u>COPYRIGHT<\/u><\/strong><\/p>\n<p><span style=\"color: var( --e-global-color-text ); font-family: var( --e-global-typography-text-font-family ), Sans-serif; font-weight: var( --e-global-typography-text-font-weight ); font-size: 1rem;\">Copyright: Design e sviluppo di SOLUCIONES T\u00c9CNICAS MTECH S.L \u00a9 SOLUCIONES T\u00c9CNICAS MTECH S.L tutti i diritti riservati.<\/span><br><\/p>\n<\/div>\n<\/div>\n<\/div>\n<\/div>\n<\/div>\n<\/div>\n<\/div>\n<\/article>\t\t\t\t\t\t\t\t<\/div>\n\t\t\t\t<\/div>\n\t\t\t\t\t<\/div>\n\t\t<\/div>\n\t\t\t\t\t<\/div>\n\t\t<\/section>\n\t\t\t\t<\/div>\n\t\t","protected":false},"excerpt":{"rendered":"<p>Avviso legale &nbsp; AVVISO LEGALE DIRITTI DI PROPRIET\u00c0 INTELLETTUALE E INDUSTRIALE ESENZIONE DI RESPONSABILIT\u00c0 PROTEZIONE DEI DATI E POLITICA SULLA PRIVACY OBBLIGO DI INFORMARE L&#8217;INTERESSATO SUL TRATTAMENTO DEI DATI INFORMAZIONI AGGIUNTIVE. GDPR (UE) 2016\/679 DEL 27 APRILE 2016 E LOPD 3\/2018 DEL 5 DICEMBRE 2018. TRATTAMENTO DEI DATI E RISERVATEZZA SUL SITO WEB MODIFICA DELL&#8217;INFORMATIVA [&hellip;]<\/p>\n","protected":false},"author":1,"featured_media":0,"parent":0,"menu_order":0,"comment_status":"closed","ping_status":"closed","template":"","meta":{"_acf_changed":false,"footnotes":""},"class_list":["post-5684200","page","type-page","status-publish","hentry"],"acf":[],"_links":{"self":[{"href":"https:\/\/mtechgroup.com\/it\/wp-json\/wp\/v2\/pages\/5684200","targetHints":{"allow":["GET"]}}],"collection":[{"href":"https:\/\/mtechgroup.com\/it\/wp-json\/wp\/v2\/pages"}],"about":[{"href":"https:\/\/mtechgroup.com\/it\/wp-json\/wp\/v2\/types\/page"}],"author":[{"embeddable":true,"href":"https:\/\/mtechgroup.com\/it\/wp-json\/wp\/v2\/users\/1"}],"replies":[{"embeddable":true,"href":"https:\/\/mtechgroup.com\/it\/wp-json\/wp\/v2\/comments?post=5684200"}],"version-history":[{"count":0,"href":"https:\/\/mtechgroup.com\/it\/wp-json\/wp\/v2\/pages\/5684200\/revisions"}],"wp:attachment":[{"href":"https:\/\/mtechgroup.com\/it\/wp-json\/wp\/v2\/media?parent=5684200"}],"curies":[{"name":"wp","href":"https:\/\/api.w.org\/{rel}","templated":true}]}}