{"id":5683698,"date":"2024-05-19T11:43:43","date_gmt":"2024-05-19T09:43:43","guid":{"rendered":"https:\/\/mtechgroup.com\/ofertas-de-estagio\/"},"modified":"2025-03-07T20:57:14","modified_gmt":"2025-03-07T19:57:14","slug":"ofertas-de-estagio","status":"publish","type":"page","link":"https:\/\/mtechgroup.com\/pt-pt\/ofertas-de-estagio\/","title":{"rendered":"Ofertas de est\u00e1gio"},"content":{"rendered":"\t\t<div data-elementor-type=\"wp-page\" data-elementor-id=\"5683698\" class=\"elementor elementor-5683698 elementor-5677629\" data-elementor-post-type=\"page\">\n\t\t\t\t<div data-particle_enable=\"false\" data-particle-mobile-disabled=\"false\" class=\"elementor-element elementor-element-bb71b1d e-flex e-con-boxed e-con e-parent\" data-id=\"bb71b1d\" data-element_type=\"container\" data-e-type=\"container\" data-settings=\"{&quot;background_background&quot;:&quot;classic&quot;,&quot;animation&quot;:&quot;none&quot;}\">\n\t\t\t\t\t<div class=\"e-con-inner\">\n\t\t<div data-particle_enable=\"false\" data-particle-mobile-disabled=\"false\" class=\"elementor-element elementor-element-930776a e-con-full e-flex e-con e-child\" data-id=\"930776a\" data-element_type=\"container\" data-e-type=\"container\">\n\t\t\t\t<div class=\"elementor-element elementor-element-7d5347b elementor-widget elementor-widget-heading\" data-id=\"7d5347b\" data-element_type=\"widget\" data-e-type=\"widget\" data-widget_type=\"heading.default\">\n\t\t\t\t<div class=\"elementor-widget-container\">\n\t\t\t\t\t<h1 class=\"elementor-heading-title elementor-size-default\">Ofertas de est\u00e1gio<\/h1>\t\t\t\t<\/div>\n\t\t\t\t<\/div>\n\t\t\t\t<div class=\"elementor-element elementor-element-e7349f6 elementor-widget elementor-widget-heading\" data-id=\"e7349f6\" data-element_type=\"widget\" data-e-type=\"widget\" data-widget_type=\"heading.default\">\n\t\t\t\t<div class=\"elementor-widget-container\">\n\t\t\t\t\t<h2 class=\"elementor-heading-title elementor-size-default\">Impulsiona o teu futuro com os nossos est\u00e1gios na Mtech Group<\/h2>\t\t\t\t<\/div>\n\t\t\t\t<\/div>\n\t\t\t\t<div class=\"elementor-element elementor-element-3e2926a elementor-widget__width-initial elementor-widget elementor-widget-heading\" data-id=\"3e2926a\" data-element_type=\"widget\" data-e-type=\"widget\" data-widget_type=\"heading.default\">\n\t\t\t\t<div class=\"elementor-widget-container\">\n\t\t\t\t\t<h5 class=\"elementor-heading-title elementor-size-default\">No Mtech Group, estamos empenhados nos jovens talentos e em oferecer oportunidades reais de crescimento profissional. O nosso programa de est\u00e1gios foi concebido para estudantes e rec\u00e9m-licenciados que procuram ganhar experi\u00eancia num ambiente din\u00e2mico, inovador e multidisciplinar. <\/h5>\t\t\t\t<\/div>\n\t\t\t\t<\/div>\n\t\t\t\t<\/div>\n\t\t\t\t\t<\/div>\n\t\t\t\t<\/div>\n\t\t<div data-particle_enable=\"false\" data-particle-mobile-disabled=\"false\" class=\"elementor-element elementor-element-8baa481 e-flex e-con-boxed e-con e-parent\" data-id=\"8baa481\" data-element_type=\"container\" data-e-type=\"container\">\n\t\t\t\t\t<div class=\"e-con-inner\">\n\t\t\t\t<div class=\"elementor-element elementor-element-1ac2eca elementor-widget elementor-widget-video\" data-id=\"1ac2eca\" data-element_type=\"widget\" data-e-type=\"widget\" data-settings=\"{&quot;youtube_url&quot;:&quot;https:\\\/\\\/youtu.be\\\/Lg10JVlnRt0?si=HEPXIfmGfbDkvePs&quot;,&quot;video_type&quot;:&quot;youtube&quot;,&quot;controls&quot;:&quot;yes&quot;}\" data-widget_type=\"video.default\">\n\t\t\t\t<div class=\"elementor-widget-container\">\n\t\t\t\t\t\t\t<div class=\"elementor-wrapper elementor-open-inline\">\n\t\t\t<div class=\"elementor-video\"><\/div>\t\t<\/div>\n\t\t\t\t\t\t<\/div>\n\t\t\t\t<\/div>\n\t\t\t\t\t<\/div>\n\t\t\t\t<\/div>\n\t\t\t\t<section data-particle_enable=\"false\" data-particle-mobile-disabled=\"false\" class=\"elementor-section elementor-top-section elementor-element elementor-element-04bb3c6 elementor-section-height-min-height elementor-section-items-top elementor-section-boxed elementor-section-height-default\" data-id=\"04bb3c6\" data-element_type=\"section\" data-e-type=\"section\" data-settings=\"{&quot;background_background&quot;:&quot;classic&quot;}\">\n\t\t\t\t\t\t<div class=\"elementor-container elementor-column-gap-default\">\n\t\t\t\t\t<div class=\"elementor-column elementor-col-50 elementor-top-column elementor-element elementor-element-433d2e5\" data-id=\"433d2e5\" data-element_type=\"column\" data-e-type=\"column\">\n\t\t\t<div class=\"elementor-widget-wrap elementor-element-populated\">\n\t\t\t\t\t\t<div class=\"elementor-element elementor-element-7f97c9e elementor-widget elementor-widget-text-editor\" data-id=\"7f97c9e\" data-element_type=\"widget\" data-e-type=\"widget\" data-widget_type=\"text-editor.default\">\n\t\t\t\t<div class=\"elementor-widget-container\">\n\t\t\t\t\t\t\t\t\t<h3 data-start=\"1553\" data-end=\"1843\">Contacto<\/h3><p data-start=\"1553\" data-end=\"1843\">Se \u00e9s estudante ou rec\u00e9m-licenciado, preenche o seguinte formul\u00e1rio e entraremos em contacto contigo.<\/p><p data-start=\"1553\" data-end=\"1843\">Se representas uma universidade ou uma institui\u00e7\u00e3o de ensino, contacta-nos atrav\u00e9s do endere\u00e7o <a href=\"mailto:recursoshumanos@mtechgroup.com\">recursoshumanos@mtechgroup.com <\/a>para estabelecer uma parceria.<\/p><p data-start=\"1845\" data-end=\"1912\"><strong data-start=\"1845\" data-end=\"1912\">D\u00e1 o primeiro passo para o teu futuro profissional com o Mtech Group!<\/strong><\/p>\t\t\t\t\t\t\t\t<\/div>\n\t\t\t\t<\/div>\n\t\t\t\t\t<\/div>\n\t\t<\/div>\n\t\t\t\t<div class=\"elementor-column elementor-col-50 elementor-top-column elementor-element elementor-element-fee06c3\" data-id=\"fee06c3\" data-element_type=\"column\" data-e-type=\"column\">\n\t\t\t<div class=\"elementor-widget-wrap elementor-element-populated\">\n\t\t\t\t\t\t<div class=\"elementor-element elementor-element-c117447 elementor-widget elementor-widget-heading\" data-id=\"c117447\" data-element_type=\"widget\" data-e-type=\"widget\" data-widget_type=\"heading.default\">\n\t\t\t\t<div class=\"elementor-widget-container\">\n\t\t\t\t\t<h2 class=\"elementor-heading-title elementor-size-default\">Envia o teu CV<\/h2>\t\t\t\t<\/div>\n\t\t\t\t<\/div>\n\t\t\t\t<div class=\"elementor-element elementor-element-10467be elementor-button-align-start elementor-widget elementor-widget-form\" data-id=\"10467be\" data-element_type=\"widget\" data-e-type=\"widget\" data-settings=\"{&quot;step_next_label&quot;:&quot;Seguinte&quot;,&quot;step_previous_label&quot;:&quot;Anterior&quot;,&quot;button_width&quot;:&quot;100&quot;,&quot;step_type&quot;:&quot;number_text&quot;,&quot;step_icon_shape&quot;:&quot;circle&quot;}\" data-widget_type=\"form.default\">\n\t\t\t\t<div class=\"elementor-widget-container\">\n\t\t\t\t\t\t\t<form class=\"elementor-form\" method=\"post\" name=\"Formul\u00e1rio de est\u00e1gio\">\n\t\t\t<input type=\"hidden\" name=\"post_id\" value=\"5683698\"\/>\n\t\t\t<input type=\"hidden\" name=\"form_id\" value=\"10467be\"\/>\n\t\t\t<input type=\"hidden\" name=\"referer_title\" value=\"Ofertas de est\u00e1gio\" \/>\n\n\t\t\t\t\t\t\t<input type=\"hidden\" name=\"queried_id\" value=\"5683698\"\/>\n\t\t\t\n\t\t\t<div class=\"elementor-form-fields-wrapper elementor-labels-above\">\n\t\t\t\t\t\t\t\t<div class=\"elementor-field-type-text elementor-field-group elementor-column elementor-field-group-name elementor-col-50\">\n\t\t\t\t\t\t\t\t\t\t\t\t<label for=\"form-field-name\" class=\"elementor-field-label\">\n\t\t\t\t\t\t\t\tNome\t\t\t\t\t\t\t<\/label>\n\t\t\t\t\t\t\t\t\t\t\t\t\t\t<input size=\"1\" type=\"text\" name=\"form_fields[name]\" id=\"form-field-name\" class=\"elementor-field elementor-size-sm  elementor-field-textual\" placeholder=\"Nome\">\n\t\t\t\t\t\t\t\t\t\t\t<\/div>\n\t\t\t\t\t\t\t\t<div class=\"elementor-field-type-email elementor-field-group elementor-column elementor-field-group-email elementor-col-50 elementor-field-required\">\n\t\t\t\t\t\t\t\t\t\t\t\t<label for=\"form-field-email\" class=\"elementor-field-label\">\n\t\t\t\t\t\t\t\tCorreio eletr\u00f3nico\t\t\t\t\t\t\t<\/label>\n\t\t\t\t\t\t\t\t\t\t\t\t\t\t<input size=\"1\" type=\"email\" name=\"form_fields[email]\" id=\"form-field-email\" class=\"elementor-field elementor-size-sm  elementor-field-textual\" placeholder=\"Correio eletr\u00f3nico\" required=\"required\">\n\t\t\t\t\t\t\t\t\t\t\t<\/div>\n\t\t\t\t\t\t\t\t<div class=\"elementor-field-type-textarea elementor-field-group elementor-column elementor-field-group-message elementor-col-100\">\n\t\t\t\t\t\t\t\t\t\t\t\t<label for=\"form-field-message\" class=\"elementor-field-label\">\n\t\t\t\t\t\t\t\tMensagem\t\t\t\t\t\t\t<\/label>\n\t\t\t\t\t\t<textarea class=\"elementor-field-textual elementor-field  elementor-size-sm\" name=\"form_fields[message]\" id=\"form-field-message\" rows=\"4\" placeholder=\"Mensagem\"><\/textarea>\t\t\t\t<\/div>\n\t\t\t\t\t\t\t\t<div class=\"elementor-field-type-select elementor-field-group elementor-column elementor-field-group-field_b52bd91 elementor-col-100\">\n\t\t\t\t\t\t\t\t\t\t\t\t<label for=\"form-field-field_b52bd91\" class=\"elementor-field-label\">\n\t\t\t\t\t\t\t\tSeleciona o tipo de est\u00e1gio\t\t\t\t\t\t\t<\/label>\n\t\t\t\t\t\t\t\t<div class=\"elementor-field elementor-select-wrapper remove-before \">\n\t\t\t<div class=\"select-caret-down-wrapper\">\n\t\t\t\t<i aria-hidden=\"true\" class=\"eicon-caret-down\"><\/i>\t\t\t<\/div>\n\t\t\t<select name=\"form_fields[field_b52bd91]\" id=\"form-field-field_b52bd91\" class=\"elementor-field-textual elementor-size-sm\">\n\t\t\t\t\t\t\t\t\t<option value=\"Privado\">Privado<\/option>\n\t\t\t\t\t\t\t\t\t<option value=\"Institutos ou Universidades\">Institutos ou Universidades<\/option>\n\t\t\t\t\t\t\t<\/select>\n\t\t<\/div>\n\t\t\t\t\t\t<\/div>\n\t\t\t\t\t\t\t\t<div class=\"elementor-field-type-upload elementor-field-group elementor-column elementor-field-group-field_d030c69 elementor-col-100\">\n\t\t\t\t\t\t\t\t\t\t\t\t<label for=\"form-field-field_d030c69\" class=\"elementor-field-label\">\n\t\t\t\t\t\t\t\tAnexa o CV\t\t\t\t\t\t\t<\/label>\n\t\t\t\t\t\t\t\t<input type=\"file\" name=\"form_fields[field_d030c69]\" id=\"form-field-field_d030c69\" class=\"elementor-field elementor-size-sm  elementor-upload-field\" data-maxsize=\"5\" data-maxsize-message=\"This file exceeds the maximum allowed size.\">\n\n\t\t\t\t\t\t<\/div>\n\t\t\t\t\t\t\t\t<div class=\"elementor-field-type-acceptance elementor-field-group elementor-column elementor-field-group-field_27c21bd elementor-col-100 elementor-field-required\">\n\t\t\t\t\t\t\t<div class=\"elementor-field-subgroup\">\n\t\t\t<span class=\"elementor-field-option\">\n\t\t\t\t<input type=\"checkbox\" name=\"form_fields[field_27c21bd]\" id=\"form-field-field_27c21bd\" class=\"elementor-field elementor-size-sm  elementor-acceptance-field\" required=\"required\">\n\t\t\t\t<label for=\"form-field-field_27c21bd\">Aceito os Termos de Utiliza\u00e7\u00e3o e a<a href=\"http:\/\/mtechgroup.com\/politica-de-privacidad\/\">Pol\u00edtica de Privacidade de<\/a> \n.<\/label>\t\t\t<\/span>\n\t\t<\/div>\n\t\t\t\t\t\t<\/div>\n\t\t\t\t\t\t\t\t<div class=\"elementor-field-type-html elementor-field-group elementor-column elementor-field-group-field_c478642 elementor-col-100\">\n\t\t\t\t\t<p style=\"font-family: Roboto, sans-serif; font-size:8px; color: #979797; line-height: 2;\">Em conformidade com as disposi\u00e7\u00f5es dos artigos 13 e 14 do RGPD (UE) 2016\/679, de 27 de abril, e do artigo 11 da LOPD 3\/2018, de 5 de dezembro, fornecemos ao titular dos dados as informa\u00e7\u00f5es b\u00e1sicas relativas ao tratamento dos seus dados pessoais. A atividade de tratamento \u00e9 CONTACTOS WEB RRHH - TRABALHA CONOSCO. O Respons\u00e1vel pelo Tratamento \u00e9: SOLUCIONES T\u00c9CNICAS MTECH S.L, com N.I.F.: B82283672, e domiciliado em C\/ Alba\u00f1iles, 3 C.P.: 28320 - Pinto (MADRID). A finalidade do tratamento \u00e9: Candidatos a empregos com inser\u00e7\u00e3o de CV atrav\u00e9s do s\u00edtio Web. A base legal \u00e9 o interesse leg\u00edtimo do respons\u00e1vel pelo tratamento de dados. Em rela\u00e7\u00e3o aos destinat\u00e1rios dos dados pessoais: Est\u00e3o previstas transfer\u00eancias, consulta a informa\u00e7\u00e3o adicional. N\u00e3o est\u00e3o previstas transfer\u00eancias internacionais. No que diz respeito aos direitos de que disp\u00f5e o interessado em rela\u00e7\u00e3o aos seus dados, pode contactar a SOLUCIONES T\u00c9CNICAS MTECH S.L como respons\u00e1vel: administracion@mtechgroup.com ou C\/ Alba\u00f1iles, 3 C.P.: 28320 - Pinto (Madrid). Podes consultar esta informa\u00e7\u00e3o adicional e detalhada sobre prote\u00e7\u00e3o de dados em http:\/\/mtechgroup.com\/aviso-legal\/ ou em C\/ Alba\u00f1iles 3 - 28320 Pinto, Madrid.        <\/p>\t\t\t\t<\/div>\n\t\t\t\t\t\t\t\t<div class=\"elementor-field-type-recaptcha_v3 elementor-field-group elementor-column elementor-field-group-field_27d85c9 elementor-col-100 recaptcha_v3-bottomright\">\n\t\t\t\t\t<div class=\"elementor-field\" id=\"form-field-field_27d85c9\"><div class=\"elementor-g-recaptcha\" data-sitekey=\"6LfMkOEqAAAAADqggu7nlfivU29DfnZH7mZ_GqiS\" data-type=\"v3\" data-action=\"Form\" data-badge=\"bottomright\" data-size=\"invisible\"><\/div><\/div>\t\t\t\t<\/div>\n\t\t\t\t\t\t\t\t<div class=\"elementor-field-group elementor-column elementor-field-type-submit elementor-col-100 e-form__buttons\">\n\t\t\t\t\t<button class=\"elementor-button elementor-size-sm\" type=\"submit\">\n\t\t\t\t\t\t<span class=\"elementor-button-content-wrapper\">\n\t\t\t\t\t\t\t\t\t\t\t\t\t\t\t\t\t\t\t\t\t\t<span class=\"elementor-button-text\">ENVIA<\/span>\n\t\t\t\t\t\t\t\t\t\t\t\t\t<\/span>\n\t\t\t\t\t<\/button>\n\t\t\t\t<\/div>\n\t\t\t<\/div>\n\t\t<\/form>\n\t\t\t\t\t\t<\/div>\n\t\t\t\t<\/div>\n\t\t\t\t\t<\/div>\n\t\t<\/div>\n\t\t\t\t\t<\/div>\n\t\t<\/section>\n\t\t\t\t<\/div>\n\t\t","protected":false},"excerpt":{"rendered":"<p>Ofertas de est\u00e1gio Impulsiona o teu futuro com os nossos est\u00e1gios na Mtech Group No Mtech Group, estamos empenhados nos jovens talentos e em oferecer oportunidades reais de crescimento profissional. O nosso programa de est\u00e1gios foi concebido para estudantes e rec\u00e9m-licenciados que procuram ganhar experi\u00eancia num ambiente din\u00e2mico, inovador e multidisciplinar. https:\/\/youtu.be\/Lg10JVlnRt0?si=HEPXIfmGfbDkvePs Contacto Se \u00e9s [&hellip;]<\/p>\n","protected":false},"author":1,"featured_media":0,"parent":0,"menu_order":0,"comment_status":"closed","ping_status":"closed","template":"elementor_header_footer","meta":{"_acf_changed":false,"footnotes":""},"class_list":["post-5683698","page","type-page","status-publish","hentry"],"acf":[],"_links":{"self":[{"href":"https:\/\/mtechgroup.com\/pt-pt\/wp-json\/wp\/v2\/pages\/5683698","targetHints":{"allow":["GET"]}}],"collection":[{"href":"https:\/\/mtechgroup.com\/pt-pt\/wp-json\/wp\/v2\/pages"}],"about":[{"href":"https:\/\/mtechgroup.com\/pt-pt\/wp-json\/wp\/v2\/types\/page"}],"author":[{"embeddable":true,"href":"https:\/\/mtechgroup.com\/pt-pt\/wp-json\/wp\/v2\/users\/1"}],"replies":[{"embeddable":true,"href":"https:\/\/mtechgroup.com\/pt-pt\/wp-json\/wp\/v2\/comments?post=5683698"}],"version-history":[{"count":0,"href":"https:\/\/mtechgroup.com\/pt-pt\/wp-json\/wp\/v2\/pages\/5683698\/revisions"}],"wp:attachment":[{"href":"https:\/\/mtechgroup.com\/pt-pt\/wp-json\/wp\/v2\/media?parent=5683698"}],"curies":[{"name":"wp","href":"https:\/\/api.w.org\/{rel}","templated":true}]}}