{"id":5683735,"date":"2024-06-19T09:53:37","date_gmt":"2024-06-19T07:53:37","guid":{"rendered":"https:\/\/mtechgroup.com\/esg\/ambiente\/"},"modified":"2025-03-07T20:57:37","modified_gmt":"2025-03-07T19:57:37","slug":"ambiente","status":"publish","type":"page","link":"https:\/\/mtechgroup.com\/pt-pt\/esg\/ambiente\/","title":{"rendered":"Ambiente"},"content":{"rendered":"\t\t<div data-elementor-type=\"wp-page\" data-elementor-id=\"5683735\" class=\"elementor elementor-5683735 elementor-5678301\" data-elementor-post-type=\"page\">\n\t\t\t\t<div data-particle_enable=\"false\" data-particle-mobile-disabled=\"false\" class=\"elementor-element elementor-element-d5d3b24 e-flex e-con-boxed e-con e-parent\" data-id=\"d5d3b24\" data-element_type=\"container\" data-e-type=\"container\" data-settings=\"{&quot;background_background&quot;:&quot;classic&quot;,&quot;animation&quot;:&quot;none&quot;}\">\n\t\t\t\t\t<div class=\"e-con-inner\">\n\t\t<div data-particle_enable=\"false\" data-particle-mobile-disabled=\"false\" class=\"elementor-element elementor-element-0bed6f1 e-con-full e-flex e-con e-child\" data-id=\"0bed6f1\" data-element_type=\"container\" data-e-type=\"container\">\n\t\t\t\t<div class=\"elementor-element elementor-element-5fa104d elementor-widget elementor-widget-heading\" data-id=\"5fa104d\" data-element_type=\"widget\" data-e-type=\"widget\" data-widget_type=\"heading.default\">\n\t\t\t\t<div class=\"elementor-widget-container\">\n\t\t\t\t\t<h1 class=\"elementor-heading-title elementor-size-default\">Ambiente - Ambiente<\/h1>\t\t\t\t<\/div>\n\t\t\t\t<\/div>\n\t\t\t\t<\/div>\n\t\t\t\t\t<\/div>\n\t\t\t\t<\/div>\n\t\t<div data-particle_enable=\"false\" data-particle-mobile-disabled=\"false\" class=\"elementor-element elementor-element-fdf3d6b e-flex e-con-boxed e-con e-parent\" data-id=\"fdf3d6b\" data-element_type=\"container\" data-e-type=\"container\">\n\t\t\t\t\t<div class=\"e-con-inner\">\n\t\t<div data-particle_enable=\"false\" data-particle-mobile-disabled=\"false\" class=\"elementor-element elementor-element-9cc1d4f e-con-full e-flex e-con e-child\" data-id=\"9cc1d4f\" data-element_type=\"container\" data-e-type=\"container\">\n\t\t\t\t<div class=\"elementor-element elementor-element-5575faa elementor-widget elementor-widget-heading\" data-id=\"5575faa\" data-element_type=\"widget\" data-e-type=\"widget\" data-widget_type=\"heading.default\">\n\t\t\t\t<div class=\"elementor-widget-container\">\n\t\t\t\t\t<h2 class=\"elementor-heading-title elementor-size-default\">Pol\u00edtica de gest\u00e3o sustent\u00e1vel<\/h2>\t\t\t\t<\/div>\n\t\t\t\t<\/div>\n\t\t\t\t<div class=\"elementor-element elementor-element-17577d7 elementor-widget-divider--view-line elementor-widget elementor-widget-divider\" data-id=\"17577d7\" data-element_type=\"widget\" data-e-type=\"widget\" data-widget_type=\"divider.default\">\n\t\t\t\t<div class=\"elementor-widget-container\">\n\t\t\t\t\t\t\t<div class=\"elementor-divider\">\n\t\t\t<span class=\"elementor-divider-separator\">\n\t\t\t\t\t\t<\/span>\n\t\t<\/div>\n\t\t\t\t\t\t<\/div>\n\t\t\t\t<\/div>\n\t\t\t\t<div class=\"elementor-element elementor-element-967559c elementor-widget elementor-widget-text-editor\" data-id=\"967559c\" data-element_type=\"widget\" data-e-type=\"widget\" data-widget_type=\"text-editor.default\">\n\t\t\t\t<div class=\"elementor-widget-container\">\n\t\t\t\t\t\t\t\t\t<p>A pol\u00edtica de gest\u00e3o sustent\u00e1vel do MTECH Group aplica-se a todos os aspectos das nossas actividades e abrange todas as partes interessadas. A nossa pol\u00edtica estende-se \u00e0s nossas instala\u00e7\u00f5es, processos e actividades internas e externas. Inclui todos os trabalhadores, fornecedores, clientes e outras partes interessadas.  <\/p><p> <\/p>\t\t\t\t\t\t\t\t<\/div>\n\t\t\t\t<\/div>\n\t\t\t\t<\/div>\n\t\t<div data-particle_enable=\"false\" data-particle-mobile-disabled=\"false\" class=\"elementor-element elementor-element-c05b081 e-con-full e-flex e-con e-child\" data-id=\"c05b081\" data-element_type=\"container\" data-e-type=\"container\">\n\t\t\t\t<div class=\"elementor-element elementor-element-13f5123 elementor-widget elementor-widget-image\" data-id=\"13f5123\" data-element_type=\"widget\" data-e-type=\"widget\" data-widget_type=\"image.default\">\n\t\t\t\t<div class=\"elementor-widget-container\">\n\t\t\t\t\t\t\t\t\t\t\t\t\t\t\t<img fetchpriority=\"high\" decoding=\"async\" width=\"800\" height=\"434\" src=\"https:\/\/mtechgroup.com\/wp-content\/uploads\/2024\/06\/esg-mtech-group-1-copia-1024x556.jpg\" class=\"attachment-large size-large wp-image-5682555\" alt=\"\" srcset=\"https:\/\/mtechgroup.com\/wp-content\/uploads\/2024\/06\/esg-mtech-group-1-copia-1024x556.jpg 1024w, https:\/\/mtechgroup.com\/wp-content\/uploads\/2024\/06\/esg-mtech-group-1-copia-300x163.jpg 300w, https:\/\/mtechgroup.com\/wp-content\/uploads\/2024\/06\/esg-mtech-group-1-copia-768x417.jpg 768w, https:\/\/mtechgroup.com\/wp-content\/uploads\/2024\/06\/esg-mtech-group-1-copia.jpg 1500w\" sizes=\"(max-width: 800px) 100vw, 800px\" \/>\t\t\t\t\t\t\t\t\t\t\t\t\t\t\t<\/div>\n\t\t\t\t<\/div>\n\t\t\t\t<\/div>\n\t\t\t\t\t<\/div>\n\t\t\t\t<\/div>\n\t\t<div data-particle_enable=\"false\" data-particle-mobile-disabled=\"false\" class=\"elementor-element elementor-element-386d0a1 e-flex e-con-boxed e-con e-parent\" data-id=\"386d0a1\" data-element_type=\"container\" data-e-type=\"container\">\n\t\t\t\t\t<div class=\"e-con-inner\">\n\t\t<div data-particle_enable=\"false\" data-particle-mobile-disabled=\"false\" class=\"elementor-element elementor-element-a8d28d3 e-con-full e-flex e-con e-child\" data-id=\"a8d28d3\" data-element_type=\"container\" data-e-type=\"container\">\n\t\t\t\t<div class=\"elementor-element elementor-element-71ad847 elementor-widget elementor-widget-image\" data-id=\"71ad847\" data-element_type=\"widget\" data-e-type=\"widget\" data-widget_type=\"image.default\">\n\t\t\t\t<div class=\"elementor-widget-container\">\n\t\t\t\t\t\t\t\t\t\t\t\t\t\t\t<img decoding=\"async\" width=\"800\" height=\"534\" src=\"https:\/\/mtechgroup.com\/wp-content\/uploads\/2024\/06\/instalaciones-mtech-01-1024x683.jpg\" class=\"attachment-large size-large wp-image-5682653\" alt=\"\" srcset=\"https:\/\/mtechgroup.com\/wp-content\/uploads\/2024\/06\/instalaciones-mtech-01-1024x683.jpg 1024w, https:\/\/mtechgroup.com\/wp-content\/uploads\/2024\/06\/instalaciones-mtech-01-300x200.jpg 300w, https:\/\/mtechgroup.com\/wp-content\/uploads\/2024\/06\/instalaciones-mtech-01-768x512.jpg 768w, https:\/\/mtechgroup.com\/wp-content\/uploads\/2024\/06\/instalaciones-mtech-01.jpg 1500w\" sizes=\"(max-width: 800px) 100vw, 800px\" \/>\t\t\t\t\t\t\t\t\t\t\t\t\t\t\t<\/div>\n\t\t\t\t<\/div>\n\t\t\t\t<\/div>\n\t\t<div data-particle_enable=\"false\" data-particle-mobile-disabled=\"false\" class=\"elementor-element elementor-element-eaaa005 e-con-full e-flex e-con e-child\" data-id=\"eaaa005\" data-element_type=\"container\" data-e-type=\"container\">\n\t\t\t\t<div class=\"elementor-element elementor-element-9e8222a elementor-widget elementor-widget-text-editor\" data-id=\"9e8222a\" data-element_type=\"widget\" data-e-type=\"widget\" data-widget_type=\"text-editor.default\">\n\t\t\t\t<div class=\"elementor-widget-container\">\n\t\t\t\t\t\t\t\t\t<p>Nas nossas instala\u00e7\u00f5es, estamos empenhados em implementar pr\u00e1ticas sustent\u00e1veis que reduzam o impacto ambiental, promovendo a efici\u00eancia energ\u00e9tica e a utiliza\u00e7\u00e3o respons\u00e1vel dos recursos naturais. Al\u00e9m disso, trabalhamos em parceria com os nossos fornecedores para promover pr\u00e1ticas sustent\u00e1veis em toda a cadeia de fornecimento, estabelecendo crit\u00e9rios claros de sustentabilidade. <\/p>\t\t\t\t\t\t\t\t<\/div>\n\t\t\t\t<\/div>\n\t\t\t\t<\/div>\n\t\t\t\t\t<\/div>\n\t\t\t\t<\/div>\n\t\t<div data-particle_enable=\"false\" data-particle-mobile-disabled=\"false\" class=\"elementor-element elementor-element-d5590ae e-flex e-con-boxed e-con e-parent\" data-id=\"d5590ae\" data-element_type=\"container\" data-e-type=\"container\">\n\t\t\t\t\t<div class=\"e-con-inner\">\n\t\t<div data-particle_enable=\"false\" data-particle-mobile-disabled=\"false\" class=\"elementor-element elementor-element-6b3f148 e-con-full e-flex e-con e-child\" data-id=\"6b3f148\" data-element_type=\"container\" data-e-type=\"container\">\n\t\t\t\t<div class=\"elementor-element elementor-element-fc99063 elementor-widget elementor-widget-text-editor\" data-id=\"fc99063\" data-element_type=\"widget\" data-e-type=\"widget\" data-widget_type=\"text-editor.default\">\n\t\t\t\t<div class=\"elementor-widget-container\">\n\t\t\t\t\t\t\t\t\t<p>A nossa pol\u00edtica de gest\u00e3o sustent\u00e1vel reflecte-se tamb\u00e9m nos produtos e servi\u00e7os que oferecemos. Estamos constantemente \u00e0 procura de novas formas de integrar a sustentabilidade nas nossas solu\u00e7\u00f5es tecnol\u00f3gicas, desenvolvendo produtos eficientes e amigos do ambiente. <\/p>\t\t\t\t\t\t\t\t<\/div>\n\t\t\t\t<\/div>\n\t\t\t\t<\/div>\n\t\t<div data-particle_enable=\"false\" data-particle-mobile-disabled=\"false\" class=\"elementor-element elementor-element-d529b8a e-con-full e-flex e-con e-child\" data-id=\"d529b8a\" data-element_type=\"container\" data-e-type=\"container\">\n\t\t\t\t<div class=\"elementor-element elementor-element-025e34a elementor-widget elementor-widget-image\" data-id=\"025e34a\" data-element_type=\"widget\" data-e-type=\"widget\" data-widget_type=\"image.default\">\n\t\t\t\t<div class=\"elementor-widget-container\">\n\t\t\t\t\t\t\t\t\t\t\t\t\t\t\t<img decoding=\"async\" width=\"800\" height=\"534\" src=\"https:\/\/mtechgroup.com\/wp-content\/uploads\/2024\/06\/esg-mtech-group-4-copia-1024x683.jpg\" class=\"attachment-large size-large wp-image-5682576\" alt=\"\" srcset=\"https:\/\/mtechgroup.com\/wp-content\/uploads\/2024\/06\/esg-mtech-group-4-copia-1024x683.jpg 1024w, https:\/\/mtechgroup.com\/wp-content\/uploads\/2024\/06\/esg-mtech-group-4-copia-300x200.jpg 300w, https:\/\/mtechgroup.com\/wp-content\/uploads\/2024\/06\/esg-mtech-group-4-copia-768x512.jpg 768w, https:\/\/mtechgroup.com\/wp-content\/uploads\/2024\/06\/esg-mtech-group-4-copia.jpg 1500w\" sizes=\"(max-width: 800px) 100vw, 800px\" \/>\t\t\t\t\t\t\t\t\t\t\t\t\t\t\t<\/div>\n\t\t\t\t<\/div>\n\t\t\t\t<\/div>\n\t\t\t\t\t<\/div>\n\t\t\t\t<\/div>\n\t\t<div data-particle_enable=\"false\" data-particle-mobile-disabled=\"false\" class=\"elementor-element elementor-element-406b6a5 e-flex e-con-boxed e-con e-parent\" data-id=\"406b6a5\" data-element_type=\"container\" data-e-type=\"container\" data-settings=\"{&quot;background_background&quot;:&quot;classic&quot;}\">\n\t\t\t\t\t<div class=\"e-con-inner\">\n\t\t<div data-particle_enable=\"false\" data-particle-mobile-disabled=\"false\" class=\"elementor-element elementor-element-7527924 e-con-full e-flex e-con e-child\" data-id=\"7527924\" data-element_type=\"container\" data-e-type=\"container\">\n\t\t\t\t<div class=\"elementor-element elementor-element-3e8f1e4 elementor-widget elementor-widget-heading\" data-id=\"3e8f1e4\" data-element_type=\"widget\" data-e-type=\"widget\" data-widget_type=\"heading.default\">\n\t\t\t\t<div class=\"elementor-widget-container\">\n\t\t\t\t\t<h2 class=\"elementor-heading-title elementor-size-default\">O compromisso do Grupo com a gest\u00e3o sustent\u00e1vel baseia-se nos seguintes princ\u00edpios b\u00e1sicos de a\u00e7\u00e3o:  \n<\/h2>\t\t\t\t<\/div>\n\t\t\t\t<\/div>\n\t\t\t\t<div class=\"elementor-element elementor-element-416ce31 elementor-widget-divider--view-line elementor-widget elementor-widget-divider\" data-id=\"416ce31\" data-element_type=\"widget\" data-e-type=\"widget\" data-widget_type=\"divider.default\">\n\t\t\t\t<div class=\"elementor-widget-container\">\n\t\t\t\t\t\t\t<div class=\"elementor-divider\">\n\t\t\t<span class=\"elementor-divider-separator\">\n\t\t\t\t\t\t<\/span>\n\t\t<\/div>\n\t\t\t\t\t\t<\/div>\n\t\t\t\t<\/div>\n\t\t\t\t<div class=\"elementor-element elementor-element-0b4e7ca elementor-widget elementor-widget-eael-adv-tabs\" data-id=\"0b4e7ca\" data-element_type=\"widget\" data-e-type=\"widget\" data-widget_type=\"eael-adv-tabs.default\">\n\t\t\t\t<div class=\"elementor-widget-container\">\n\t\t\t\t\t        <div data-scroll-on-click=\"\" data-scroll-speed=\"300\" id=\"eael-advance-tabs-0b4e7ca\" class=\"eael-advance-tabs eael-tabs-horizontal eael-tab-auto-active \" data-tabid=\"0b4e7ca\">\n            <div class=\"eael-tabs-nav \">\n                <ul class=\"\" role=\"tablist\">\n                                            <li id=\"minimizao-do-impacto-ambiental\" class=\"inactive eael-tab-item-trigger eael-tab-nav-item\" aria-selected=\"true\" data-tab=\"1\" role=\"tab\" tabindex=\"0\" aria-controls=\"minimizao-do-impacto-ambiental-tab\" aria-expanded=\"false\">\n                            \n                            \n                            \n                                                            <span class=\"eael-tab-title title-after-icon\" >Minimiza\u00e7\u00e3o do impacto ambiental<\/span>                                                    <\/li>\n                                            <li id=\"eficincia-do-processo\" class=\"inactive eael-tab-item-trigger eael-tab-nav-item\" aria-selected=\"false\" data-tab=\"2\" role=\"tab\" tabindex=\"-1\" aria-controls=\"eficincia-do-processo-tab\" aria-expanded=\"false\">\n                            \n                            \n                            \n                                                            <span class=\"eael-tab-title title-after-icon\" >Efici\u00eancia do processo<\/span>                                                    <\/li>\n                                            <li id=\"utilizao-responsvel-da-energia\" class=\"inactive eael-tab-item-trigger eael-tab-nav-item\" aria-selected=\"false\" data-tab=\"3\" role=\"tab\" tabindex=\"-1\" aria-controls=\"utilizao-responsvel-da-energia-tab\" aria-expanded=\"false\">\n                            \n                            \n                            \n                                                            <span class=\"eael-tab-title title-after-icon\" >Utiliza\u00e7\u00e3o respons\u00e1vel da energia<\/span>                                                    <\/li>\n                                            <li id=\"inovao-e-desenvolvimento-sustentvel\" class=\"inactive eael-tab-item-trigger eael-tab-nav-item\" aria-selected=\"false\" data-tab=\"4\" role=\"tab\" tabindex=\"-1\" aria-controls=\"inovao-e-desenvolvimento-sustentvel-tab\" aria-expanded=\"false\">\n                            \n                            \n                            \n                                                            <span class=\"eael-tab-title title-after-icon\" >Inova\u00e7\u00e3o e desenvolvimento sustent\u00e1vel<\/span>                                                    <\/li>\n                                            <li id=\"colaborao-e-empenho\" class=\"inactive eael-tab-item-trigger eael-tab-nav-item\" aria-selected=\"false\" data-tab=\"5\" role=\"tab\" tabindex=\"-1\" aria-controls=\"colaborao-e-empenho-tab\" aria-expanded=\"false\">\n                            \n                            \n                            \n                                                            <span class=\"eael-tab-title title-after-icon\" >Colabora\u00e7\u00e3o e empenho<\/span>                                                    <\/li>\n                    \n                                  <\/ul>\n            <\/div>\n            \n            <div class=\"eael-tabs-content\">\n\t\t        \n                    <div id=\"minimizao-do-impacto-ambiental-tab\" class=\"clearfix eael-tab-content-item inactive\" data-title-link=\"minimizao-do-impacto-ambiental-tab\">\n\t\t\t\t        <p>Estamos empenhados em reduzir o impacto ambiental das nossas opera\u00e7\u00f5es. Para tal, implementamos pr\u00e1ticas que promovem a conserva\u00e7\u00e3o dos recursos naturais e a redu\u00e7\u00e3o das emiss\u00f5es de gases com efeito de estufa. Isto inclui a ado\u00e7\u00e3o de tecnologias energeticamente eficientes nas nossas instala\u00e7\u00f5es, a gest\u00e3o adequada dos res\u00edduos e a promo\u00e7\u00e3o da reciclagem em todas as nossas actividades.  <\/p>\n                    <\/div>\n\t\t        \n                    <div id=\"eficincia-do-processo-tab\" class=\"clearfix eael-tab-content-item inactive\" data-title-link=\"eficincia-do-processo-tab\">\n\t\t\t\t        <p>A efici\u00eancia \u00e9 um pilar fundamental da nossa pol\u00edtica de gest\u00e3o sustent\u00e1vel. Esfor\u00e7amo-nos por otimizar os nossos processos em todos os aspectos das nossas opera\u00e7\u00f5es. Atrav\u00e9s da implementa\u00e7\u00e3o de t\u00e9cnicas de gest\u00e3o da qualidade e da melhoria cont\u00ednua, procuramos minimizar os tempos de produ\u00e7\u00e3o, reduzir os custos e maximizar a utiliza\u00e7\u00e3o dos recursos. Isto permite-nos melhorar a nossa competitividade no mercado e, ao mesmo tempo, reduzir o nosso impacto ambiental.   <\/p>\n                    <\/div>\n\t\t        \n                    <div id=\"utilizao-responsvel-da-energia-tab\" class=\"clearfix eael-tab-content-item inactive\" data-title-link=\"utilizao-responsvel-da-energia-tab\">\n\t\t\t\t        <p>Preocupamo-nos com a utiliza\u00e7\u00e3o respons\u00e1vel da energia. Estamos constantemente a trabalhar para identificar oportunidades de melhorar a efici\u00eancia energ\u00e9tica das nossas instala\u00e7\u00f5es e processos. Isto envolve a utiliza\u00e7\u00e3o de fontes de energia renov\u00e1veis sempre que poss\u00edvel, bem como a implementa\u00e7\u00e3o de tecnologias e pr\u00e1ticas que reduzam o consumo de energia. Al\u00e9m disso, promovemos a sensibiliza\u00e7\u00e3o dos nossos funcion\u00e1rios para a import\u00e2ncia de adoptarem comportamentos de utiliza\u00e7\u00e3o respons\u00e1vel da energia nas suas actividades di\u00e1rias.   <\/p>\n                    <\/div>\n\t\t        \n                    <div id=\"inovao-e-desenvolvimento-sustentvel-tab\" class=\"clearfix eael-tab-content-item inactive\" data-title-link=\"inovao-e-desenvolvimento-sustentvel-tab\">\n\t\t\t\t        <p>A inova\u00e7\u00e3o \u00e9 parte integrante da nossa estrat\u00e9gia empresarial. No MTECH Group, encorajamos a investiga\u00e7\u00e3o e o desenvolvimento de solu\u00e7\u00f5es tecnol\u00f3gicas sustent\u00e1veis que possam ter um impacto positivo no ambiente. Estamos constantemente \u00e0 procura de novas formas de integrar a sustentabilidade nos nossos produtos e servi\u00e7os, com o objetivo de oferecer aos nossos clientes solu\u00e7\u00f5es que sejam simultaneamente eficientes e respeitadoras do ambiente.  <\/p>\n                    <\/div>\n\t\t        \n                    <div id=\"colaborao-e-empenho-tab\" class=\"clearfix eael-tab-content-item inactive\" data-title-link=\"colaborao-e-empenho-tab\">\n\t\t\t\t        <p>Para conseguir uma gest\u00e3o sustent\u00e1vel eficaz, reconhecemos a import\u00e2ncia da colabora\u00e7\u00e3o e do envolvimento de todas as partes interessadas. Constru\u00edmos rela\u00e7\u00f5es fortes com os nossos fornecedores e parceiros comerciais e trabalhamos em conjunto para promover pr\u00e1ticas sustent\u00e1veis em toda a nossa cadeia de fornecimento. Tamb\u00e9m incentivamos o envolvimento ativo dos nossos funcion\u00e1rios, proporcionando-lhes forma\u00e7\u00e3o e educa\u00e7\u00e3o sobre sustentabilidade.  <\/p>\n                    <\/div>\n\t\t                    <\/div>\n        <\/div>\n\t\t\t\t<\/div>\n\t\t\t\t<\/div>\n\t\t\t\t<\/div>\n\t\t\t\t\t<\/div>\n\t\t\t\t<\/div>\n\t\t<div data-particle_enable=\"false\" data-particle-mobile-disabled=\"false\" class=\"elementor-element elementor-element-0e5f39b e-flex e-con-boxed e-con e-parent\" data-id=\"0e5f39b\" data-element_type=\"container\" data-e-type=\"container\">\n\t\t\t\t\t<div class=\"e-con-inner\">\n\t\t\t\t<div class=\"elementor-element elementor-element-772b5ee elementor-widget elementor-widget-eael-cta-box\" data-id=\"772b5ee\" data-element_type=\"widget\" data-e-type=\"widget\" data-widget_type=\"eael-cta-box.default\">\n\t\t\t\t<div class=\"elementor-widget-container\">\n\t\t\t\t\t\t\t\t\t<div class=\"eael-call-to-action cta-icon-flex bg-img cta-preset-1\">\n\t    <div class=\"icon\">\n\t\t\t\t\t\t\t<i class=\"far fa-file-pdf\"><\/i>\t    <\/div>\n\t    <div class=\"content\">\n            <h4 class=\"sub-title\">Relat\u00f3rio<\/h4><h2 class=\"title eael-cta-heading\">Pol\u00edtica de gest\u00e3o sustent\u00e1vel  <\/h2><p>V\u00ea o nosso desempenho em termos de sustentabilidade.<\/p>\t    <\/div>\n\t    <div class=\"action\">\n            <a href=\"#\" class=\"cta-button cta-preset-1  \">Descarrega<\/a>\t    <\/div>\n\t<\/div>\n\t\t\t\t\t\t<\/div>\n\t\t\t\t<\/div>\n\t\t\t\t<div class=\"elementor-element elementor-element-023c05a elementor-widget elementor-widget-eael-cta-box\" data-id=\"023c05a\" data-element_type=\"widget\" data-e-type=\"widget\" data-widget_type=\"eael-cta-box.default\">\n\t\t\t\t<div class=\"elementor-widget-container\">\n\t\t\t\t\t\t\t\t\t<div class=\"eael-call-to-action cta-icon-flex bg-img cta-preset-1\">\n\t    <div class=\"icon\">\n\t\t\t\t\t\t\t<i class=\"far fa-file-pdf\"><\/i>\t    <\/div>\n\t    <div class=\"content\">\n            <h4 class=\"sub-title\">Relat\u00f3rio<\/h4><h2 class=\"title eael-cta-heading\">Pol\u00edtica de gest\u00e3o ambiental  <\/h2><p>V\u00ea o nosso desempenho ambiental.<\/p>\t    <\/div>\n\t    <div class=\"action\">\n            <a href=\"#\" class=\"cta-button cta-preset-1  \">Descarrega<\/a>\t    <\/div>\n\t<\/div>\n\t\t\t\t\t\t<\/div>\n\t\t\t\t<\/div>\n\t\t\t\t\t<\/div>\n\t\t\t\t<\/div>\n\t\t\t\t<\/div>\n\t\t","protected":false},"excerpt":{"rendered":"<p>Ambiente &#8211; Ambiente Pol\u00edtica de gest\u00e3o sustent\u00e1vel A pol\u00edtica de gest\u00e3o sustent\u00e1vel do MTECH Group aplica-se a todos os aspectos das nossas actividades e abrange todas as partes interessadas. A nossa pol\u00edtica estende-se \u00e0s nossas instala\u00e7\u00f5es, processos e actividades internas e externas. Inclui todos os trabalhadores, fornecedores, clientes e outras partes interessadas. Nas nossas instala\u00e7\u00f5es, [&hellip;]<\/p>\n","protected":false},"author":1,"featured_media":0,"parent":5683690,"menu_order":0,"comment_status":"closed","ping_status":"closed","template":"elementor_header_footer","meta":{"_acf_changed":false,"footnotes":""},"class_list":["post-5683735","page","type-page","status-publish","hentry"],"acf":[],"_links":{"self":[{"href":"https:\/\/mtechgroup.com\/pt-pt\/wp-json\/wp\/v2\/pages\/5683735","targetHints":{"allow":["GET"]}}],"collection":[{"href":"https:\/\/mtechgroup.com\/pt-pt\/wp-json\/wp\/v2\/pages"}],"about":[{"href":"https:\/\/mtechgroup.com\/pt-pt\/wp-json\/wp\/v2\/types\/page"}],"author":[{"embeddable":true,"href":"https:\/\/mtechgroup.com\/pt-pt\/wp-json\/wp\/v2\/users\/1"}],"replies":[{"embeddable":true,"href":"https:\/\/mtechgroup.com\/pt-pt\/wp-json\/wp\/v2\/comments?post=5683735"}],"version-history":[{"count":0,"href":"https:\/\/mtechgroup.com\/pt-pt\/wp-json\/wp\/v2\/pages\/5683735\/revisions"}],"up":[{"embeddable":true,"href":"https:\/\/mtechgroup.com\/pt-pt\/wp-json\/wp\/v2\/pages\/5683690"}],"wp:attachment":[{"href":"https:\/\/mtechgroup.com\/pt-pt\/wp-json\/wp\/v2\/media?parent=5683735"}],"curies":[{"name":"wp","href":"https:\/\/api.w.org\/{rel}","templated":true}]}}