{"id":5683969,"date":"2021-06-07T18:27:53","date_gmt":"2021-06-07T16:27:53","guid":{"rendered":"https:\/\/mtechgroup.com\/sala-de-imprensa\/"},"modified":"2025-03-07T20:59:53","modified_gmt":"2025-03-07T19:59:53","slug":"sala-de-imprensa","status":"publish","type":"page","link":"https:\/\/mtechgroup.com\/pt-pt\/sala-de-imprensa\/","title":{"rendered":"Sala de imprensa"},"content":{"rendered":"\t\t<div data-elementor-type=\"wp-page\" data-elementor-id=\"5683969\" class=\"elementor elementor-5683969 elementor-5675136\" data-elementor-post-type=\"page\">\n\t\t\t\t\t\t<section data-particle_enable=\"false\" data-particle-mobile-disabled=\"false\" class=\"elementor-section elementor-top-section elementor-element elementor-element-2201e01 elementor-section-boxed elementor-section-height-default elementor-section-height-default\" data-id=\"2201e01\" data-element_type=\"section\" data-e-type=\"section\">\n\t\t\t\t\t\t<div class=\"elementor-container elementor-column-gap-default\">\n\t\t\t\t\t<div class=\"elementor-column elementor-col-100 elementor-top-column elementor-element elementor-element-b9b3374\" data-id=\"b9b3374\" data-element_type=\"column\" data-e-type=\"column\">\n\t\t\t<div class=\"elementor-widget-wrap elementor-element-populated\">\n\t\t\t\t\t\t<div class=\"elementor-element elementor-element-a901235 elementor-widget elementor-widget-heading\" data-id=\"a901235\" data-element_type=\"widget\" data-e-type=\"widget\" data-widget_type=\"heading.default\">\n\t\t\t\t<div class=\"elementor-widget-container\">\n\t\t\t\t\t<h1 class=\"elementor-heading-title elementor-size-default\">Sala de imprensa<\/h1>\t\t\t\t<\/div>\n\t\t\t\t<\/div>\n\t\t\t\t<div class=\"elementor-element elementor-element-1d7b8e5 elementor-widget elementor-widget-text-editor\" data-id=\"1d7b8e5\" data-element_type=\"widget\" data-e-type=\"widget\" data-widget_type=\"text-editor.default\">\n\t\t\t\t<div class=\"elementor-widget-container\">\n\t\t\t\t\t\t\t\t\t<h5 class=\"elementor-heading-title elementor-size-default elementor-inline-editing pen\" contenteditable=\"true\" data-elementor-setting-key=\"title\" data-pen-placeholder=\"Teclea aqu\u00ed...\">Not\u00edcias e actualidades do Mtech Group<\/h5>\t\t\t\t\t\t\t\t<\/div>\n\t\t\t\t<\/div>\n\t\t\t\t\t<\/div>\n\t\t<\/div>\n\t\t\t\t\t<\/div>\n\t\t<\/section>\n\t\t\t\t<section data-particle_enable=\"false\" data-particle-mobile-disabled=\"false\" class=\"elementor-section elementor-top-section elementor-element elementor-element-6db65590 elementor-section-boxed elementor-section-height-default elementor-section-height-default\" data-id=\"6db65590\" data-element_type=\"section\" data-e-type=\"section\" data-settings=\"{&quot;motion_fx_motion_fx_scrolling&quot;:&quot;yes&quot;,&quot;motion_fx_devices&quot;:[&quot;desktop&quot;,&quot;tablet&quot;,&quot;mobile&quot;]}\">\n\t\t\t\t\t\t<div class=\"elementor-container elementor-column-gap-no\">\n\t\t\t\t\t<div class=\"elementor-column elementor-col-100 elementor-top-column elementor-element elementor-element-38d654db\" data-id=\"38d654db\" data-element_type=\"column\" data-e-type=\"column\">\n\t\t\t<div class=\"elementor-widget-wrap elementor-element-populated\">\n\t\t\t\t\t\t<div class=\"elementor-element elementor-element-b9af6f8 elementor-grid-3 elementor-grid-tablet-2 elementor-grid-mobile-1 elementor-posts--thumbnail-top elementor-widget elementor-widget-posts\" data-id=\"b9af6f8\" data-element_type=\"widget\" data-e-type=\"widget\" data-settings=\"{&quot;classic_columns&quot;:&quot;3&quot;,&quot;classic_columns_tablet&quot;:&quot;2&quot;,&quot;classic_columns_mobile&quot;:&quot;1&quot;,&quot;classic_row_gap&quot;:{&quot;unit&quot;:&quot;px&quot;,&quot;size&quot;:35,&quot;sizes&quot;:[]},&quot;classic_row_gap_tablet&quot;:{&quot;unit&quot;:&quot;px&quot;,&quot;size&quot;:&quot;&quot;,&quot;sizes&quot;:[]},&quot;classic_row_gap_mobile&quot;:{&quot;unit&quot;:&quot;px&quot;,&quot;size&quot;:&quot;&quot;,&quot;sizes&quot;:[]}}\" data-widget_type=\"posts.classic\">\n\t\t\t\t<div class=\"elementor-widget-container\">\n\t\t\t\t\t\t\t<div class=\"elementor-posts-container elementor-posts elementor-posts--skin-classic elementor-grid\">\n\t\t\t\t<article class=\"elementor-post elementor-grid-item post-5683414 post type-post status-publish format-standard has-post-thumbnail hentry category-empresa\">\n\t\t\t\t<a class=\"elementor-post__thumbnail__link\" href=\"https:\/\/mtechgroup.com\/pt-pt\/o-grupo-mtech-recebe-o-reconhecimento-e-o-apoio-do-cdti\/\" tabindex=\"-1\" >\n\t\t\t<div class=\"elementor-post__thumbnail\"><img fetchpriority=\"high\" decoding=\"async\" width=\"2560\" height=\"964\" src=\"https:\/\/mtechgroup.com\/wp-content\/uploads\/2021\/06\/MTECH26-05-20-0037-scaled.jpg\" class=\"attachment-full size-full wp-image-5682030\" alt=\"\" srcset=\"https:\/\/mtechgroup.com\/wp-content\/uploads\/2021\/06\/MTECH26-05-20-0037-scaled.jpg 2560w, https:\/\/mtechgroup.com\/wp-content\/uploads\/2021\/06\/MTECH26-05-20-0037-300x113.jpg 300w, https:\/\/mtechgroup.com\/wp-content\/uploads\/2021\/06\/MTECH26-05-20-0037-1024x386.jpg 1024w, https:\/\/mtechgroup.com\/wp-content\/uploads\/2021\/06\/MTECH26-05-20-0037-768x289.jpg 768w, https:\/\/mtechgroup.com\/wp-content\/uploads\/2021\/06\/MTECH26-05-20-0037-1536x579.jpg 1536w, https:\/\/mtechgroup.com\/wp-content\/uploads\/2021\/06\/MTECH26-05-20-0037-2048x771.jpg 2048w\" sizes=\"(max-width: 2560px) 100vw, 2560px\" \/><\/div>\n\t\t<\/a>\n\t\t\t\t<div class=\"elementor-post__text\">\n\t\t\t\t<h3 class=\"elementor-post__title\">\n\t\t\t<a href=\"https:\/\/mtechgroup.com\/pt-pt\/o-grupo-mtech-recebe-o-reconhecimento-e-o-apoio-do-cdti\/\" >\n\t\t\t\tO Grupo Mtech recebe o reconhecimento e o apoio do CDTI\t\t\t<\/a>\n\t\t<\/h3>\n\t\t\t\t<div class=\"elementor-post__meta-data\">\n\t\t\t\t\t<span class=\"elementor-post-date\">\n\t\t\tNovembro 28, 2023\t\t<\/span>\n\t\t\t\t<\/div>\n\t\t\t\t<\/div>\n\t\t\t\t<\/article>\n\t\t\t\t<article class=\"elementor-post elementor-grid-item post-5683436 post type-post status-publish format-standard has-post-thumbnail hentry category-empresa\">\n\t\t\t\t<a class=\"elementor-post__thumbnail__link\" href=\"https:\/\/mtechgroup.com\/pt-pt\/mtech-group-apresenta-um-alentronic-renovado\/\" tabindex=\"-1\" >\n\t\t\t<div class=\"elementor-post__thumbnail\"><img decoding=\"async\" width=\"2560\" height=\"1709\" src=\"https:\/\/mtechgroup.com\/wp-content\/uploads\/2022\/07\/Metch-group-12-12-19-1540-scaled.jpg\" class=\"attachment-full size-full wp-image-5681974\" alt=\"\" srcset=\"https:\/\/mtechgroup.com\/wp-content\/uploads\/2022\/07\/Metch-group-12-12-19-1540-scaled.jpg 2560w, https:\/\/mtechgroup.com\/wp-content\/uploads\/2022\/07\/Metch-group-12-12-19-1540-300x200.jpg 300w, https:\/\/mtechgroup.com\/wp-content\/uploads\/2022\/07\/Metch-group-12-12-19-1540-1024x684.jpg 1024w, https:\/\/mtechgroup.com\/wp-content\/uploads\/2022\/07\/Metch-group-12-12-19-1540-768x513.jpg 768w, https:\/\/mtechgroup.com\/wp-content\/uploads\/2022\/07\/Metch-group-12-12-19-1540-1536x1025.jpg 1536w, https:\/\/mtechgroup.com\/wp-content\/uploads\/2022\/07\/Metch-group-12-12-19-1540-2048x1367.jpg 2048w\" sizes=\"(max-width: 2560px) 100vw, 2560px\" \/><\/div>\n\t\t<\/a>\n\t\t\t\t<div class=\"elementor-post__text\">\n\t\t\t\t<h3 class=\"elementor-post__title\">\n\t\t\t<a href=\"https:\/\/mtechgroup.com\/pt-pt\/mtech-group-apresenta-um-alentronic-renovado\/\" >\n\t\t\t\tMtech Group apresenta um Alentronic renovado\t\t\t<\/a>\n\t\t<\/h3>\n\t\t\t\t<div class=\"elementor-post__meta-data\">\n\t\t\t\t\t<span class=\"elementor-post-date\">\n\t\t\tJulho 21, 2022\t\t<\/span>\n\t\t\t\t<\/div>\n\t\t\t\t<\/div>\n\t\t\t\t<\/article>\n\t\t\t\t<article class=\"elementor-post elementor-grid-item post-5683429 post type-post status-publish format-standard hentry category-empresa\">\n\t\t\t\t<div class=\"elementor-post__text\">\n\t\t\t\t<h3 class=\"elementor-post__title\">\n\t\t\t<a href=\"https:\/\/mtechgroup.com\/pt-pt\/mtech-group-na-genera-2022\/\" >\n\t\t\t\tMtech Group na Genera 2022\t\t\t<\/a>\n\t\t<\/h3>\n\t\t\t\t<div class=\"elementor-post__meta-data\">\n\t\t\t\t\t<span class=\"elementor-post-date\">\n\t\t\tJunho 21, 2022\t\t<\/span>\n\t\t\t\t<\/div>\n\t\t\t\t<\/div>\n\t\t\t\t<\/article>\n\t\t\t\t<article class=\"elementor-post elementor-grid-item post-5683423 post type-post status-publish format-standard hentry category-empresa\">\n\t\t\t\t<div class=\"elementor-post__text\">\n\t\t\t\t<h3 class=\"elementor-post__title\">\n\t\t\t<a href=\"https:\/\/mtechgroup.com\/pt-pt\/mtech-group-obtem-a-certificacao-ul-underwriters-laboratories\/\" >\n\t\t\t\tMtech Group obt\u00e9m a certifica\u00e7\u00e3o UL (Underwriters Laboratories)\t\t\t<\/a>\n\t\t<\/h3>\n\t\t\t\t<div class=\"elementor-post__meta-data\">\n\t\t\t\t\t<span class=\"elementor-post-date\">\n\t\t\tMaio 10, 2022\t\t<\/span>\n\t\t\t\t<\/div>\n\t\t\t\t<\/div>\n\t\t\t\t<\/article>\n\t\t\t\t<article class=\"elementor-post elementor-grid-item post-5683501 post type-post status-publish format-standard has-post-thumbnail hentry category-empresa\">\n\t\t\t\t<a class=\"elementor-post__thumbnail__link\" href=\"https:\/\/mtechgroup.com\/pt-pt\/nasce-a-mtech-engineering-uma-nova-linha-de-negocios-do-grupo-mtech\/\" tabindex=\"-1\" >\n\t\t\t<div class=\"elementor-post__thumbnail\"><img decoding=\"async\" width=\"1140\" height=\"500\" src=\"https:\/\/mtechgroup.com\/wp-content\/uploads\/2022\/04\/Mtech-Engineering-servicios-11.jpg\" class=\"attachment-full size-full wp-image-5681869\" alt=\"\" srcset=\"https:\/\/mtechgroup.com\/wp-content\/uploads\/2022\/04\/Mtech-Engineering-servicios-11.jpg 1140w, https:\/\/mtechgroup.com\/wp-content\/uploads\/2022\/04\/Mtech-Engineering-servicios-11-300x132.jpg 300w, https:\/\/mtechgroup.com\/wp-content\/uploads\/2022\/04\/Mtech-Engineering-servicios-11-1024x449.jpg 1024w, https:\/\/mtechgroup.com\/wp-content\/uploads\/2022\/04\/Mtech-Engineering-servicios-11-768x337.jpg 768w\" sizes=\"(max-width: 1140px) 100vw, 1140px\" \/><\/div>\n\t\t<\/a>\n\t\t\t\t<div class=\"elementor-post__text\">\n\t\t\t\t<h3 class=\"elementor-post__title\">\n\t\t\t<a href=\"https:\/\/mtechgroup.com\/pt-pt\/nasce-a-mtech-engineering-uma-nova-linha-de-negocios-do-grupo-mtech\/\" >\n\t\t\t\tNasce a Mtech Engineering, uma nova linha de neg\u00f3cios do Grupo Mtech\t\t\t<\/a>\n\t\t<\/h3>\n\t\t\t\t<div class=\"elementor-post__meta-data\">\n\t\t\t\t\t<span class=\"elementor-post-date\">\n\t\t\tAbril 19, 2022\t\t<\/span>\n\t\t\t\t<\/div>\n\t\t\t\t<\/div>\n\t\t\t\t<\/article>\n\t\t\t\t<article class=\"elementor-post elementor-grid-item post-5683493 post type-post status-publish format-standard hentry category-empresa\">\n\t\t\t\t<div class=\"elementor-post__text\">\n\t\t\t\t<h3 class=\"elementor-post__title\">\n\t\t\t<a href=\"https:\/\/mtechgroup.com\/pt-pt\/seminarios-tecnicos-no-mtech-group\/\" >\n\t\t\t\tSemin\u00e1rios t\u00e9cnicos no Mtech Group\t\t\t<\/a>\n\t\t<\/h3>\n\t\t\t\t<div class=\"elementor-post__meta-data\">\n\t\t\t\t\t<span class=\"elementor-post-date\">\n\t\t\tDezembro 16, 2021\t\t<\/span>\n\t\t\t\t<\/div>\n\t\t\t\t<\/div>\n\t\t\t\t<\/article>\n\t\t\t\t<article class=\"elementor-post elementor-grid-item post-5683487 post type-post status-publish format-standard hentry category-empresa\">\n\t\t\t\t<div class=\"elementor-post__text\">\n\t\t\t\t<h3 class=\"elementor-post__title\">\n\t\t\t<a href=\"https:\/\/mtechgroup.com\/pt-pt\/irumek-junta-se-ao-mtech-group\/\" >\n\t\t\t\tIrumek junta-se ao Mtech Group\t\t\t<\/a>\n\t\t<\/h3>\n\t\t\t\t<div class=\"elementor-post__meta-data\">\n\t\t\t\t\t<span class=\"elementor-post-date\">\n\t\t\tNovembro 11, 2021\t\t<\/span>\n\t\t\t\t<\/div>\n\t\t\t\t<\/div>\n\t\t\t\t<\/article>\n\t\t\t\t<article class=\"elementor-post elementor-grid-item post-5683463 post type-post status-publish format-standard has-post-thumbnail hentry category-empresa\">\n\t\t\t\t<a class=\"elementor-post__thumbnail__link\" href=\"https:\/\/mtechgroup.com\/pt-pt\/mtech-group-vence-na-categoria-de-engenharia-nos-premios-nacionais-do-el-suplemento\/\" tabindex=\"-1\" >\n\t\t\t<div class=\"elementor-post__thumbnail\"><img loading=\"lazy\" decoding=\"async\" width=\"960\" height=\"640\" src=\"https:\/\/mtechgroup.com\/wp-content\/uploads\/2021\/10\/elsuplemento-opcion-3.jpg\" class=\"attachment-full size-full wp-image-5681561\" alt=\"\" srcset=\"https:\/\/mtechgroup.com\/wp-content\/uploads\/2021\/10\/elsuplemento-opcion-3.jpg 960w, https:\/\/mtechgroup.com\/wp-content\/uploads\/2021\/10\/elsuplemento-opcion-3-300x200.jpg 300w, https:\/\/mtechgroup.com\/wp-content\/uploads\/2021\/10\/elsuplemento-opcion-3-768x512.jpg 768w\" sizes=\"(max-width: 960px) 100vw, 960px\" \/><\/div>\n\t\t<\/a>\n\t\t\t\t<div class=\"elementor-post__text\">\n\t\t\t\t<h3 class=\"elementor-post__title\">\n\t\t\t<a href=\"https:\/\/mtechgroup.com\/pt-pt\/mtech-group-vence-na-categoria-de-engenharia-nos-premios-nacionais-do-el-suplemento\/\" >\n\t\t\t\tMtech Group vence na categoria de Engenharia nos Pr\u00e9mios Nacionais do El Suplemento\t\t\t<\/a>\n\t\t<\/h3>\n\t\t\t\t<div class=\"elementor-post__meta-data\">\n\t\t\t\t\t<span class=\"elementor-post-date\">\n\t\t\tOutubro 1, 2021\t\t<\/span>\n\t\t\t\t<\/div>\n\t\t\t\t<\/div>\n\t\t\t\t<\/article>\n\t\t\t\t<article class=\"elementor-post elementor-grid-item post-5683454 post type-post status-publish format-standard hentry category-empresa\">\n\t\t\t\t<div class=\"elementor-post__text\">\n\t\t\t\t<h3 class=\"elementor-post__title\">\n\t\t\t<a href=\"https:\/\/mtechgroup.com\/pt-pt\/mtech-group-e-binoovo-assinam-acordo-estrategico-no-sector-das-energias-renovaveis\/\" >\n\t\t\t\tMtech Group e Binoovo assinam acordo estrat\u00e9gico no sector das energias renov\u00e1veis\t\t\t<\/a>\n\t\t<\/h3>\n\t\t\t\t<div class=\"elementor-post__meta-data\">\n\t\t\t\t\t<span class=\"elementor-post-date\">\n\t\t\tAgosto 20, 2021\t\t<\/span>\n\t\t\t\t<\/div>\n\t\t\t\t<\/div>\n\t\t\t\t<\/article>\n\t\t\t\t<article class=\"elementor-post elementor-grid-item post-5683449 post type-post status-publish format-standard hentry category-empresa\">\n\t\t\t\t<div class=\"elementor-post__text\">\n\t\t\t\t<h3 class=\"elementor-post__title\">\n\t\t\t<a href=\"https:\/\/mtechgroup.com\/pt-pt\/o-mtech-group-e-a-webdom-assinam-uma-alianca-estrategica-no-sector-das-energias-renovaveis\/\" >\n\t\t\t\tO Mtech Group e a Webdom assinam uma alian\u00e7a estrat\u00e9gica no sector das energias renov\u00e1veis\t\t\t<\/a>\n\t\t<\/h3>\n\t\t\t\t<div class=\"elementor-post__meta-data\">\n\t\t\t\t\t<span class=\"elementor-post-date\">\n\t\t\tAgosto 20, 2021\t\t<\/span>\n\t\t\t\t<\/div>\n\t\t\t\t<\/div>\n\t\t\t\t<\/article>\n\t\t\t\t<article class=\"elementor-post elementor-grid-item post-5683600 post type-post status-publish format-standard hentry category-empresa\">\n\t\t\t\t<div class=\"elementor-post__text\">\n\t\t\t\t<h3 class=\"elementor-post__title\">\n\t\t\t<a href=\"https:\/\/mtechgroup.com\/pt-pt\/entrevista-com-david-cristobal-diretor-de-logistica\/\" >\n\t\t\t\tEntrevista com David Crist\u00f3bal, Diretor de Log\u00edstica\t\t\t<\/a>\n\t\t<\/h3>\n\t\t\t\t<div class=\"elementor-post__meta-data\">\n\t\t\t\t\t<span class=\"elementor-post-date\">\n\t\t\tAbril 6, 2020\t\t<\/span>\n\t\t\t\t<\/div>\n\t\t\t\t<\/div>\n\t\t\t\t<\/article>\n\t\t\t\t<article class=\"elementor-post elementor-grid-item post-5683594 post type-post status-publish format-standard has-post-thumbnail hentry category-empresa\">\n\t\t\t\t<a class=\"elementor-post__thumbnail__link\" href=\"https:\/\/mtechgroup.com\/pt-pt\/evento-de-boas-vindas-aos-fornecedores-i\/\" tabindex=\"-1\" >\n\t\t\t<div class=\"elementor-post__thumbnail\"><img loading=\"lazy\" decoding=\"async\" width=\"1200\" height=\"801\" src=\"https:\/\/mtechgroup.com\/wp-content\/uploads\/2020\/04\/Mtech-group-30-10-19-672.jpg\" class=\"attachment-full size-full wp-image-5680196\" alt=\"\" srcset=\"https:\/\/mtechgroup.com\/wp-content\/uploads\/2020\/04\/Mtech-group-30-10-19-672.jpg 1200w, https:\/\/mtechgroup.com\/wp-content\/uploads\/2020\/04\/Mtech-group-30-10-19-672-300x200.jpg 300w, https:\/\/mtechgroup.com\/wp-content\/uploads\/2020\/04\/Mtech-group-30-10-19-672-1024x684.jpg 1024w, https:\/\/mtechgroup.com\/wp-content\/uploads\/2020\/04\/Mtech-group-30-10-19-672-768x513.jpg 768w\" sizes=\"(max-width: 1200px) 100vw, 1200px\" \/><\/div>\n\t\t<\/a>\n\t\t\t\t<div class=\"elementor-post__text\">\n\t\t\t\t<h3 class=\"elementor-post__title\">\n\t\t\t<a href=\"https:\/\/mtechgroup.com\/pt-pt\/evento-de-boas-vindas-aos-fornecedores-i\/\" >\n\t\t\t\tEvento de boas-vindas aos fornecedores I\t\t\t<\/a>\n\t\t<\/h3>\n\t\t\t\t<div class=\"elementor-post__meta-data\">\n\t\t\t\t\t<span class=\"elementor-post-date\">\n\t\t\tDezembro 4, 2019\t\t<\/span>\n\t\t\t\t<\/div>\n\t\t\t\t<\/div>\n\t\t\t\t<\/article>\n\t\t\t\t<article class=\"elementor-post elementor-grid-item post-5683588 post type-post status-publish format-standard hentry category-empresa\">\n\t\t\t\t<div class=\"elementor-post__text\">\n\t\t\t\t<h3 class=\"elementor-post__title\">\n\t\t\t<a href=\"https:\/\/mtechgroup.com\/pt-pt\/a-transformacao-digital-chegou-ao-mtech-group\/\" >\n\t\t\t\tA transforma\u00e7\u00e3o digital chegou ao MTech Group\t\t\t<\/a>\n\t\t<\/h3>\n\t\t\t\t<div class=\"elementor-post__meta-data\">\n\t\t\t\t\t<span class=\"elementor-post-date\">\n\t\t\tNovembro 14, 2019\t\t<\/span>\n\t\t\t\t<\/div>\n\t\t\t\t<\/div>\n\t\t\t\t<\/article>\n\t\t\t\t<article class=\"elementor-post elementor-grid-item post-5683566 post type-post status-publish format-standard has-post-thumbnail hentry category-empresa\">\n\t\t\t\t<a class=\"elementor-post__thumbnail__link\" href=\"https:\/\/mtechgroup.com\/pt-pt\/apresentacao-da-mtech-na-kinepolis-madrid\/\" tabindex=\"-1\" >\n\t\t\t<div class=\"elementor-post__thumbnail\"><img loading=\"lazy\" decoding=\"async\" width=\"1536\" height=\"1024\" src=\"https:\/\/mtechgroup.com\/wp-content\/uploads\/2020\/04\/0-4.jpg\" class=\"attachment-full size-full wp-image-5680182\" alt=\"\" srcset=\"https:\/\/mtechgroup.com\/wp-content\/uploads\/2020\/04\/0-4.jpg 1536w, https:\/\/mtechgroup.com\/wp-content\/uploads\/2020\/04\/0-4-300x200.jpg 300w, https:\/\/mtechgroup.com\/wp-content\/uploads\/2020\/04\/0-4-1024x683.jpg 1024w, https:\/\/mtechgroup.com\/wp-content\/uploads\/2020\/04\/0-4-768x512.jpg 768w\" sizes=\"(max-width: 1536px) 100vw, 1536px\" \/><\/div>\n\t\t<\/a>\n\t\t\t\t<div class=\"elementor-post__text\">\n\t\t\t\t<h3 class=\"elementor-post__title\">\n\t\t\t<a href=\"https:\/\/mtechgroup.com\/pt-pt\/apresentacao-da-mtech-na-kinepolis-madrid\/\" >\n\t\t\t\tApresenta\u00e7\u00e3o da Mtech na Kin\u00e9polis Madrid\t\t\t<\/a>\n\t\t<\/h3>\n\t\t\t\t<div class=\"elementor-post__meta-data\">\n\t\t\t\t\t<span class=\"elementor-post-date\">\n\t\t\tOutubro 14, 2019\t\t<\/span>\n\t\t\t\t<\/div>\n\t\t\t\t<\/div>\n\t\t\t\t<\/article>\n\t\t\t\t<\/div>\n\t\t\n\t\t\t\t\t\t<\/div>\n\t\t\t\t<\/div>\n\t\t\t\t\t<\/div>\n\t\t<\/div>\n\t\t\t\t\t<\/div>\n\t\t<\/section>\n\t\t\t\t<\/div>\n\t\t","protected":false},"excerpt":{"rendered":"<p>Sala de imprensa Not\u00edcias e actualidades do Mtech Group<\/p>\n","protected":false},"author":1,"featured_media":0,"parent":0,"menu_order":0,"comment_status":"closed","ping_status":"closed","template":"","meta":{"_acf_changed":false,"footnotes":""},"class_list":["post-5683969","page","type-page","status-publish","hentry"],"acf":[],"_links":{"self":[{"href":"https:\/\/mtechgroup.com\/pt-pt\/wp-json\/wp\/v2\/pages\/5683969","targetHints":{"allow":["GET"]}}],"collection":[{"href":"https:\/\/mtechgroup.com\/pt-pt\/wp-json\/wp\/v2\/pages"}],"about":[{"href":"https:\/\/mtechgroup.com\/pt-pt\/wp-json\/wp\/v2\/types\/page"}],"author":[{"embeddable":true,"href":"https:\/\/mtechgroup.com\/pt-pt\/wp-json\/wp\/v2\/users\/1"}],"replies":[{"embeddable":true,"href":"https:\/\/mtechgroup.com\/pt-pt\/wp-json\/wp\/v2\/comments?post=5683969"}],"version-history":[{"count":0,"href":"https:\/\/mtechgroup.com\/pt-pt\/wp-json\/wp\/v2\/pages\/5683969\/revisions"}],"wp:attachment":[{"href":"https:\/\/mtechgroup.com\/pt-pt\/wp-json\/wp\/v2\/media?parent=5683969"}],"curies":[{"name":"wp","href":"https:\/\/api.w.org\/{rel}","templated":true}]}}